{"id":112,"date":"2016-09-23T14:20:17","date_gmt":"2016-09-23T14:20:17","guid":{"rendered":"http:\/\/ultima.select-themes.com\/?page_id=112"},"modified":"2024-03-06T23:30:37","modified_gmt":"2024-03-06T23:30:37","slug":"metro-portfolio-home","status":"publish","type":"page","link":"https:\/\/www.marketingzentral.com\/en\/metro-portfolio-home\/","title":{"rendered":"Metro Portfolio Home"},"content":{"rendered":"<section class=\"wpb-content-wrapper\"><div class=\"vc_row wpb_row vc_row-fluid qodef-section qodef-content-aligment-left\" style=\"\"><div class=\"clearfix qodef-full-section-inner\"><div class=\"wpb_column vc_column_container vc_col-sm-12\"><div class=\"vc_column-inner\"><div class=\"wpb_wrapper\"><div class=\"qodef-elements-holder qodef-responsive-mode-768\" ><div class=\"qodef-elements-holder-item qodef-fade-in\" data-animation=\"qodef-fade-in\"  data-item-class=\"qodef-elements-holder-custom-658467\" data-1280-1600=\"10% 36% 10% 15%\" data-1024-1280=\"10% 33% 10% 15%\" data-768-1024=\"5% 35% 10% 15%\" data-600-768=\"5% 27% 10% 15%\" data-480-600=\"0% 20% 10% 11%\" data-480=\"0% 20% 10% 11%\">\n    <div class=\"qodef-elements-holder-item-inner\">\n        <div class=\"qodef-elements-holder-item-content qodef-elements-holder-custom-658467\" style=\"padding: 10% 40% 10% 15%\">\n            \n<div class=\"qodef-custom-font-holder\" style=\"font-family: Montserrat;font-size: 93px;line-height: 93px;font-weight: 700;letter-spacing: -3px;color: #24262a\" data-font-size= 93 data-line-height= 93>\n    Great design. Creative ideas.    <\/div>        <\/div>\n    <\/div>\n<\/div><\/div><\/div><\/div><\/div><\/div><\/div><div class=\"vc_row wpb_row vc_row-fluid qodef-section qodef-content-aligment-left\" style=\"\"><div class=\"clearfix qodef-full-section-inner\"><div class=\"wpb_column vc_column_container vc_col-sm-12\"><div class=\"vc_column-inner\"><div class=\"wpb_wrapper\"><div class = \"qodef-portfolio-list-holder-outer qodef-ptf-pinterest qodef-ptf-load-more qodef-ptf-pinterest-three-columns qodef-animate-appear\" data-next-page= \"2\" data-type= \"pinterest\" data-columns= \"three\" data-grid-size= \"three\" data-order-by= \"menu_order\" data-order= \"ASC\" data-number= \"-1\" data-image-size= \"full\" data-filter= \"no\" data-filter-order-by= \"name\" data-selected-projects= \"5543, 4261, 5545, 5547, 5549, 5551\" data-show-load-more= \"yes\" data-title-tag= \"h3\" data-max-num-pages = 0><div class = \"qodef-portfolio-list-holder clearfix\" ><div class=\"qodef-portfolio-list-masonry-grid-sizer\"><\/div><div class=\"qodef-portfolio-list-masonry-grid-gutter\"><\/div><article class=\"qodef-portfolio-item portfolio_category_297\">\r\n    <div class=\"qodef-portfolio-item-inner\">\r\n        <a class=\"qodef-portfolio-link\" href=\"https:\/\/www.marketingzentral.com\/en\/blog\/portfolio-item\/sem\/\" target=\"_self\"><\/a>\r\n        <div class=\"qodef-item-image-holder\">\r\n\t\t\t<img loading=\"lazy\" decoding=\"async\" width=\"369\" height=\"369\" src=\"https:\/\/www.marketingzentral.com\/wp-content\/uploads\/2016\/10\/sem-1.jpg\" class=\"attachment-full size-full wp-post-image\" alt=\"\" srcset=\"https:\/\/www.marketingzentral.com\/wp-content\/uploads\/2016\/10\/sem-1.jpg 369w, https:\/\/www.marketingzentral.com\/wp-content\/uploads\/2016\/10\/sem-1-300x300.jpg 300w, https:\/\/www.marketingzentral.com\/wp-content\/uploads\/2016\/10\/sem-1-150x150.jpg 150w, https:\/\/www.marketingzentral.com\/wp-content\/uploads\/2016\/10\/sem-1-90x90.jpg 90w, https:\/\/www.marketingzentral.com\/wp-content\/uploads\/2016\/10\/sem-1-120x120.jpg 120w\" sizes=\"auto, (max-width: 369px) 100vw, 369px\" \/>        <\/div>\r\n        <div class=\"qodef-item-text-overlay\" >\r\n            <div class=\"qodef-item-text-overlay-inner\">\r\n                <div class=\"qodef-item-text-holder\">\r\n                    <h3 class=\"qodef-item-title\">\r\n\t\t\t\t\tSEM                <\/h3>\r\n\t\t\t\t<div class=\"qodef-item-icons-holder\"><a class=\"qodef-portfolio-lightbox\" title=\"SEM\" href=\"https:\/\/www.marketingzentral.com\/wp-content\/uploads\/2016\/10\/sem-1.jpg\" data-rel=\"prettyPhoto[pretty_photo_gallery]\"><\/a><a class=\"qodef-like\" data-type=\"portfolio_list\" id=\"qodef-like-4261-884\" title=\"Like this\" data-post-id=\"4261\"><\/a><a class=\"qodef-preview\" title=\"Go to Project\" href=\"https:\/\/www.marketingzentral.com\/en\/blog\/portfolio-item\/sem\/\" data-type=\"portfolio_list\"><\/a><\/div><div class=\"qodef-ptf-category-holder\"><span>SEM<\/span><\/div>            <\/div>\r\n        <\/div>\r\n    <\/div>\r\n    <\/div>\r\n<\/article>\r\n<article class=\"qodef-portfolio-item portfolio_category_298\">\r\n    <div class=\"qodef-portfolio-item-inner\">\r\n        <a class=\"qodef-portfolio-link\" href=\"https:\/\/www.marketingzentral.com\/en\/blog\/portfolio-item\/seo\/\" target=\"_self\"><\/a>\r\n        <div class=\"qodef-item-image-holder\">\r\n\t\t\t<img loading=\"lazy\" decoding=\"async\" width=\"1500\" height=\"710\" src=\"https:\/\/www.marketingzentral.com\/wp-content\/uploads\/2021\/10\/13.jpg\" class=\"attachment-full size-full wp-post-image\" alt=\"\" srcset=\"https:\/\/www.marketingzentral.com\/wp-content\/uploads\/2021\/10\/13.jpg 1500w, https:\/\/www.marketingzentral.com\/wp-content\/uploads\/2021\/10\/13-300x142.jpg 300w, https:\/\/www.marketingzentral.com\/wp-content\/uploads\/2021\/10\/13-1024x485.jpg 1024w, https:\/\/www.marketingzentral.com\/wp-content\/uploads\/2021\/10\/13-768x364.jpg 768w\" sizes=\"auto, (max-width: 1500px) 100vw, 1500px\" \/>        <\/div>\r\n        <div class=\"qodef-item-text-overlay\" >\r\n            <div class=\"qodef-item-text-overlay-inner\">\r\n                <div class=\"qodef-item-text-holder\">\r\n                    <h3 class=\"qodef-item-title\">\r\n\t\t\t\t\tSEO                <\/h3>\r\n\t\t\t\t<div class=\"qodef-item-icons-holder\"><a class=\"qodef-portfolio-lightbox\" title=\"SEO\" href=\"https:\/\/www.marketingzentral.com\/wp-content\/uploads\/2021\/10\/13.jpg\" data-rel=\"prettyPhoto[pretty_photo_gallery]\"><\/a><a class=\"qodef-like\" data-type=\"portfolio_list\" id=\"qodef-like-5543-366\" title=\"Like this\" data-post-id=\"5543\"><\/a><a class=\"qodef-preview\" title=\"Go to Project\" href=\"https:\/\/www.marketingzentral.com\/en\/blog\/portfolio-item\/seo\/\" data-type=\"portfolio_list\"><\/a><\/div><div class=\"qodef-ptf-category-holder\"><span>SEO<\/span><\/div>            <\/div>\r\n        <\/div>\r\n    <\/div>\r\n    <\/div>\r\n<\/article>\r\n<article class=\"qodef-portfolio-item portfolio_category_299\">\r\n    <div class=\"qodef-portfolio-item-inner\">\r\n        <a class=\"qodef-portfolio-link\" href=\"https:\/\/www.marketingzentral.com\/en\/blog\/portfolio-item\/display-advertising\/\" target=\"_self\"><\/a>\r\n        <div class=\"qodef-item-image-holder\">\r\n\t\t\t<img loading=\"lazy\" decoding=\"async\" width=\"369\" height=\"369\" src=\"https:\/\/www.marketingzentral.com\/wp-content\/uploads\/2021\/10\/Disad.jpg\" class=\"attachment-full size-full wp-post-image\" alt=\"\" srcset=\"https:\/\/www.marketingzentral.com\/wp-content\/uploads\/2021\/10\/Disad.jpg 369w, https:\/\/www.marketingzentral.com\/wp-content\/uploads\/2021\/10\/Disad-300x300.jpg 300w, https:\/\/www.marketingzentral.com\/wp-content\/uploads\/2021\/10\/Disad-150x150.jpg 150w, https:\/\/www.marketingzentral.com\/wp-content\/uploads\/2021\/10\/Disad-90x90.jpg 90w, https:\/\/www.marketingzentral.com\/wp-content\/uploads\/2021\/10\/Disad-120x120.jpg 120w\" sizes=\"auto, (max-width: 369px) 100vw, 369px\" \/>        <\/div>\r\n        <div class=\"qodef-item-text-overlay\" >\r\n            <div class=\"qodef-item-text-overlay-inner\">\r\n                <div class=\"qodef-item-text-holder\">\r\n                    <h3 class=\"qodef-item-title\">\r\n\t\t\t\t\tDisplay Advertising                <\/h3>\r\n\t\t\t\t<div class=\"qodef-item-icons-holder\"><a class=\"qodef-portfolio-lightbox\" title=\"Display Advertising\" href=\"https:\/\/www.marketingzentral.com\/wp-content\/uploads\/2021\/10\/Disad.jpg\" data-rel=\"prettyPhoto[pretty_photo_gallery]\"><\/a><a class=\"qodef-like\" data-type=\"portfolio_list\" id=\"qodef-like-5545-209\" title=\"Like this\" data-post-id=\"5545\"><\/a><a class=\"qodef-preview\" title=\"Go to Project\" href=\"https:\/\/www.marketingzentral.com\/en\/blog\/portfolio-item\/display-advertising\/\" data-type=\"portfolio_list\"><\/a><\/div><div class=\"qodef-ptf-category-holder\"><span>Display Advertising<\/span><\/div>            <\/div>\r\n        <\/div>\r\n    <\/div>\r\n    <\/div>\r\n<\/article>\r\n<article class=\"qodef-portfolio-item portfolio_category_300\">\r\n    <div class=\"qodef-portfolio-item-inner\">\r\n        <a class=\"qodef-portfolio-link\" href=\"https:\/\/www.marketingzentral.com\/en\/blog\/portfolio-item\/gestion-de-metasearch\/\" target=\"_self\"><\/a>\r\n        <div class=\"qodef-item-image-holder\">\r\n\t\t\t<img loading=\"lazy\" decoding=\"async\" width=\"369\" height=\"369\" src=\"https:\/\/www.marketingzentral.com\/wp-content\/uploads\/2021\/10\/gestiondem.jpg\" class=\"attachment-full size-full wp-post-image\" alt=\"\" srcset=\"https:\/\/www.marketingzentral.com\/wp-content\/uploads\/2021\/10\/gestiondem.jpg 369w, https:\/\/www.marketingzentral.com\/wp-content\/uploads\/2021\/10\/gestiondem-300x300.jpg 300w, https:\/\/www.marketingzentral.com\/wp-content\/uploads\/2021\/10\/gestiondem-150x150.jpg 150w, https:\/\/www.marketingzentral.com\/wp-content\/uploads\/2021\/10\/gestiondem-90x90.jpg 90w, https:\/\/www.marketingzentral.com\/wp-content\/uploads\/2021\/10\/gestiondem-120x120.jpg 120w\" sizes=\"auto, (max-width: 369px) 100vw, 369px\" \/>        <\/div>\r\n        <div class=\"qodef-item-text-overlay\" >\r\n            <div class=\"qodef-item-text-overlay-inner\">\r\n                <div class=\"qodef-item-text-holder\">\r\n                    <h3 class=\"qodef-item-title\">\r\n\t\t\t\t\tGesti\u00f3n de Metasearch                <\/h3>\r\n\t\t\t\t<div class=\"qodef-item-icons-holder\"><a class=\"qodef-portfolio-lightbox\" title=\"Gesti\u00f3n de Metasearch\" href=\"https:\/\/www.marketingzentral.com\/wp-content\/uploads\/2021\/10\/gestiondem.jpg\" data-rel=\"prettyPhoto[pretty_photo_gallery]\"><\/a><a class=\"qodef-like\" data-type=\"portfolio_list\" id=\"qodef-like-5547-350\" title=\"Like this\" data-post-id=\"5547\"><\/a><a class=\"qodef-preview\" title=\"Go to Project\" href=\"https:\/\/www.marketingzentral.com\/en\/blog\/portfolio-item\/gestion-de-metasearch\/\" data-type=\"portfolio_list\"><\/a><\/div><div class=\"qodef-ptf-category-holder\"><span>Gesti\u00f3n de Metasearch<\/span><\/div>            <\/div>\r\n        <\/div>\r\n    <\/div>\r\n    <\/div>\r\n<\/article>\r\n<article class=\"qodef-portfolio-item portfolio_category_301\">\r\n    <div class=\"qodef-portfolio-item-inner\">\r\n        <a class=\"qodef-portfolio-link\" href=\"https:\/\/www.marketingzentral.com\/en\/blog\/portfolio-item\/marketing-de-afiliacion\/\" target=\"_self\"><\/a>\r\n        <div class=\"qodef-item-image-holder\">\r\n\t\t\t<img loading=\"lazy\" decoding=\"async\" width=\"369\" height=\"369\" src=\"https:\/\/www.marketingzentral.com\/wp-content\/uploads\/2021\/10\/marketingdeaf.jpg\" class=\"attachment-full size-full wp-post-image\" alt=\"\" srcset=\"https:\/\/www.marketingzentral.com\/wp-content\/uploads\/2021\/10\/marketingdeaf.jpg 369w, https:\/\/www.marketingzentral.com\/wp-content\/uploads\/2021\/10\/marketingdeaf-300x300.jpg 300w, https:\/\/www.marketingzentral.com\/wp-content\/uploads\/2021\/10\/marketingdeaf-150x150.jpg 150w, https:\/\/www.marketingzentral.com\/wp-content\/uploads\/2021\/10\/marketingdeaf-90x90.jpg 90w, https:\/\/www.marketingzentral.com\/wp-content\/uploads\/2021\/10\/marketingdeaf-120x120.jpg 120w\" sizes=\"auto, (max-width: 369px) 100vw, 369px\" \/>        <\/div>\r\n        <div class=\"qodef-item-text-overlay\" >\r\n            <div class=\"qodef-item-text-overlay-inner\">\r\n                <div class=\"qodef-item-text-holder\">\r\n                    <h3 class=\"qodef-item-title\">\r\n\t\t\t\t\tmarketing de Afiliaci\u00f3n                <\/h3>\r\n\t\t\t\t<div class=\"qodef-item-icons-holder\"><a class=\"qodef-portfolio-lightbox\" title=\"marketing de Afiliaci\u00f3n\" href=\"https:\/\/www.marketingzentral.com\/wp-content\/uploads\/2021\/10\/marketingdeaf.jpg\" data-rel=\"prettyPhoto[pretty_photo_gallery]\"><\/a><a class=\"qodef-like\" data-type=\"portfolio_list\" id=\"qodef-like-5549-473\" title=\"Like this\" data-post-id=\"5549\"><\/a><a class=\"qodef-preview\" title=\"Go to Project\" href=\"https:\/\/www.marketingzentral.com\/en\/blog\/portfolio-item\/marketing-de-afiliacion\/\" data-type=\"portfolio_list\"><\/a><\/div><div class=\"qodef-ptf-category-holder\"><span>Marketing de Afiliaci\u00f3n<\/span><\/div>            <\/div>\r\n        <\/div>\r\n    <\/div>\r\n    <\/div>\r\n<\/article>\r\n<\/div><\/div><\/div><\/div><\/div><\/div><\/div>\n<\/section>","protected":false},"excerpt":{"rendered":"Marketing de resultados, su \u00e9xito es nuestro \u00e9xito Con una experiencia de 10 a\u00f1os generando negocio para mas de 200 empresas hoteleras y sector tur\u00edstico, ofrecemos un abanico de opciones orientadas a potenciar sin riesgo la venta directa v\u00eda web por una comisi\u00f3n por adquisici\u00f3n...","protected":false},"author":1,"featured_media":0,"parent":0,"menu_order":0,"comment_status":"closed","ping_status":"closed","template":"full-width.php","meta":{"_monsterinsights_skip_tracking":false,"_monsterinsights_sitenote_active":false,"_monsterinsights_sitenote_note":"","_monsterinsights_sitenote_category":0,"_joinchat":[],"footnotes":""},"class_list":["post-112","page","type-page","status-publish","hentry"],"_links":{"self":[{"href":"https:\/\/www.marketingzentral.com\/en\/wp-json\/wp\/v2\/pages\/112","targetHints":{"allow":["GET"]}}],"collection":[{"href":"https:\/\/www.marketingzentral.com\/en\/wp-json\/wp\/v2\/pages"}],"about":[{"href":"https:\/\/www.marketingzentral.com\/en\/wp-json\/wp\/v2\/types\/page"}],"author":[{"embeddable":true,"href":"https:\/\/www.marketingzentral.com\/en\/wp-json\/wp\/v2\/users\/1"}],"replies":[{"embeddable":true,"href":"https:\/\/www.marketingzentral.com\/en\/wp-json\/wp\/v2\/comments?post=112"}],"version-history":[{"count":0,"href":"https:\/\/www.marketingzentral.com\/en\/wp-json\/wp\/v2\/pages\/112\/revisions"}],"wp:attachment":[{"href":"https:\/\/www.marketingzentral.com\/en\/wp-json\/wp\/v2\/media?parent=112"}],"curies":[{"name":"wp","href":"https:\/\/api.w.org\/{rel}","templated":true}]}}