{"id":3070,"date":"2016-10-17T14:00:23","date_gmt":"2016-10-17T14:00:23","guid":{"rendered":"http:\/\/ultima.select-themes.com\/?page_id=3070"},"modified":"2024-03-06T23:30:34","modified_gmt":"2024-03-06T23:30:34","slug":"nosotros","status":"publish","type":"page","link":"https:\/\/www.marketingzentral.com\/en\/nosotros\/","title":{"rendered":""},"content":{"rendered":"<section class=\"wpb-content-wrapper\"><div class=\"vc_row wpb_row vc_row-fluid qodef-section about vc_custom_1646530721412 qodef-content-aligment-left\" style=\"\"><div class=\"clearfix qodef-full-section-inner\"><div class=\"aboutmovil wpb_column vc_column_container vc_col-sm-12 vc_col-xs-12 vc_hidden-xs\"><div class=\"vc_column-inner\"><div class=\"wpb_wrapper\">\n\t<div class=\"wpb_text_column wpb_content_element  vc_custom_1653142158709 aboutmovil\" >\n\t\t<div class=\"wpb_wrapper\">\n\t\t\t<h1 class=\"about\" style=\"text-align: left; line-height: 39px; margin-bottom: 20px;\"><span style=\"color: #737373; font-weight: 600;\">ABOUT<\/span><br \/>\n<span style=\"color: #fa6b1e; font-weight: 600;\">US<\/span><\/h1>\n<h3 class=\"about\" style=\"text-align: left; font-size: 19px; text-transform: none;\">We are a team of professionals in marketing consulting and comprehensive communication specialized in the Hospitality and Tourism Sector, focused on generating real solutions that facilitate dialogue, connect people and develop business.<\/h3>\n<h3 class=\"about\" style=\"text-align: left; font-size: 19px; margin-top: 20px; text-transform: none;\">Our service philosophy is based on the commitment to our work and involvement with the needs of our clients, integrating multiple marketing services in a single point supported by a team with more than 15 years of experience in the sector, transforming our clients\u2019 aspirations into success stories. We offer tailor-made, fully adjusted services, and integrated solutions<\/h3>\n\n\t\t<\/div>\n\t<\/div>\n<\/div><\/div><\/div><\/div><\/div><div class=\"vc_row wpb_row vc_row-fluid qodef-section about vc_custom_1646530721412 qodef-content-aligment-left\" style=\"\"><div class=\"clearfix qodef-full-section-inner\"><div class=\"aboutmovil wpb_column vc_column_container vc_col-sm-12 vc_hidden-lg vc_hidden-md vc_hidden-sm vc_col-xs-12\"><div class=\"vc_column-inner\"><div class=\"wpb_wrapper\">\n\t<div class=\"wpb_text_column wpb_content_element  vc_custom_1672679727266 aboutmovil\" >\n\t\t<div class=\"wpb_wrapper\">\n\t\t\t<h1 class=\"about\" style=\"text-align: left; line-height: 39px; margin-bottom: 20px;\"><span style=\"color: #737373; font-weight: 600;\">ABOUT<\/span><br \/>\n<span style=\"color: #fa6b1e; font-weight: 600;\">US<\/span><\/h1>\n<h3 class=\"about\" style=\"text-align: left; font-size: 19px; text-transform: none;\">We are a team of professionals in marketing consulting and comprehensive communication specialized in the Hospitality and Tourism Sector, focused on generating real solutions that facilitate dialogue, connect people and develop business.<\/h3>\n<h3 class=\"about\" style=\"text-align: left; font-size: 19px; margin-top: 20px; text-transform: none;\">Our service philosophy is based on the commitment to our work and involvement with the needs of our clients, integrating multiple marketing services in a single point supported by a team with more than 15 years of experience in the sector, transforming our clients\u2019 aspirations into success stories. We offer tailor-made, fully adjusted services, and integrated solutions<\/h3>\n\n\t\t<\/div>\n\t<\/div>\n<\/div><\/div><\/div><\/div><\/div><div class=\"vc_row wpb_row vc_row-fluid qodef-section vc_custom_1646510251449 qodef-content-aligment-left qodef-grid-section\" style=\"\"><div class=\"clearfix qodef-section-inner\"><div class=\"qodef-section-inner-margin clearfix\"><div class=\"wpb_column vc_column_container vc_col-sm-4\"><div class=\"vc_column-inner\"><div class=\"wpb_wrapper\">\n\t<div  class=\"wpb_single_image wpb_content_element vc_align_center  vc_custom_1646429343538\">\n\t\t\n\t\t<figure class=\"wpb_wrapper vc_figure\">\n\t\t\t<div class=\"vc_single_image-wrapper   vc_box_border_grey\"><img loading=\"lazy\" decoding=\"async\" width=\"469\" height=\"174\" src=\"https:\/\/www.marketingzentral.com\/wp-content\/uploads\/2022\/03\/somosexpertos.jpg\" class=\"vc_single_image-img attachment-full\" alt=\"\" title=\"somosexpertos\" srcset=\"https:\/\/www.marketingzentral.com\/wp-content\/uploads\/2022\/03\/somosexpertos.jpg 469w, https:\/\/www.marketingzentral.com\/wp-content\/uploads\/2022\/03\/somosexpertos-300x111.jpg 300w\" sizes=\"auto, (max-width: 469px) 100vw, 469px\" \/><\/div>\n\t\t<\/figure>\n\t<\/div>\n<\/div><\/div><\/div><div class=\"wpb_column vc_column_container vc_col-sm-8\"><div class=\"vc_column-inner\"><div class=\"wpb_wrapper\">\n\t<div class=\"wpb_text_column wpb_content_element  vc_custom_1646525137264\" >\n\t\t<div class=\"wpb_wrapper\">\n\t\t\t<p style=\"text-align: left; font-size: 20px;\">Our team of dedicated &amp; experienced tourism and  hotel marketing experts will provide the best service. With over 15 years of  experience with hotels of all kind<\/p>\n\n\t\t<\/div>\n\t<\/div>\n<\/div><\/div><\/div><\/div><\/div><\/div><div class=\"vc_row wpb_row vc_row-fluid qodef-section vc_custom_1646510315403 qodef-content-aligment-left\" style=\"\"><div class=\"clearfix qodef-full-section-inner\"><div class=\"wpb_column vc_column_container vc_col-sm-12\"><div class=\"vc_column-inner\"><div class=\"wpb_wrapper\"><div class=\"vc_separator wpb_content_element vc_separator_align_center vc_sep_width_70 vc_sep_pos_align_center vc_sep_color_grey\" ><span class=\"vc_sep_holder vc_sep_holder_l\"><span class=\"vc_sep_line\"><\/span><\/span><span class=\"vc_sep_holder vc_sep_holder_r\"><span class=\"vc_sep_line\"><\/span><\/span>\n<\/div><\/div><\/div><\/div><\/div><\/div><div class=\"vc_row wpb_row vc_row-fluid qodef-section vc_custom_1646510354471 qodef-content-aligment-left qodef-grid-section\" style=\"\"><div class=\"clearfix qodef-section-inner\"><div class=\"qodef-section-inner-margin clearfix\"><div class=\"wpb_column vc_column_container vc_col-sm-8\"><div class=\"vc_column-inner\"><div class=\"wpb_wrapper\">\n\t<div class=\"wpb_text_column wpb_content_element  vc_custom_1646513011816\" >\n\t\t<div class=\"wpb_wrapper\">\n\t\t\t<p style=\"text-align: left; font-size: 20px;\">We are an approachable and down to earth hotel marketing agency. We see our hotel clients as our family and work with them to build strong relationships.<\/p>\n\n\t\t<\/div>\n\t<\/div>\n<\/div><\/div><\/div><div class=\"wpb_column vc_column_container vc_col-sm-4\"><div class=\"vc_column-inner\"><div class=\"wpb_wrapper\">\n\t<div  class=\"wpb_single_image wpb_content_element vc_align_center  vc_custom_1646510199671\">\n\t\t\n\t\t<figure class=\"wpb_wrapper vc_figure\">\n\t\t\t<div class=\"vc_single_image-wrapper   vc_box_border_grey\"><img loading=\"lazy\" decoding=\"async\" width=\"469\" height=\"174\" src=\"https:\/\/www.marketingzentral.com\/wp-content\/uploads\/2022\/03\/somosamigos.jpg\" class=\"vc_single_image-img attachment-full\" alt=\"\" title=\"somosamigos\" srcset=\"https:\/\/www.marketingzentral.com\/wp-content\/uploads\/2022\/03\/somosamigos.jpg 469w, https:\/\/www.marketingzentral.com\/wp-content\/uploads\/2022\/03\/somosamigos-300x111.jpg 300w\" sizes=\"auto, (max-width: 469px) 100vw, 469px\" \/><\/div>\n\t\t<\/figure>\n\t<\/div>\n<\/div><\/div><\/div><\/div><\/div><\/div><div class=\"vc_row wpb_row vc_row-fluid qodef-section vc_custom_1646510315403 qodef-content-aligment-left\" style=\"\"><div class=\"clearfix qodef-full-section-inner\"><div class=\"wpb_column vc_column_container vc_col-sm-12\"><div class=\"vc_column-inner\"><div class=\"wpb_wrapper\"><div class=\"vc_separator wpb_content_element vc_separator_align_center vc_sep_width_70 vc_sep_pos_align_center vc_sep_color_grey\" ><span class=\"vc_sep_holder vc_sep_holder_l\"><span class=\"vc_sep_line\"><\/span><\/span><span class=\"vc_sep_holder vc_sep_holder_r\"><span class=\"vc_sep_line\"><\/span><\/span>\n<\/div><\/div><\/div><\/div><\/div><\/div><div class=\"vc_row wpb_row vc_row-fluid qodef-section vc_custom_1646513334688 qodef-content-aligment-left qodef-grid-section\" style=\"\"><div class=\"clearfix qodef-section-inner\"><div class=\"qodef-section-inner-margin clearfix\"><div class=\"wpb_column vc_column_container vc_col-sm-4\"><div class=\"vc_column-inner\"><div class=\"wpb_wrapper\">\n\t<div  class=\"wpb_single_image wpb_content_element vc_align_center  vc_custom_1646511912264\">\n\t\t\n\t\t<figure class=\"wpb_wrapper vc_figure\">\n\t\t\t<div class=\"vc_single_image-wrapper   vc_box_border_grey\"><img loading=\"lazy\" decoding=\"async\" width=\"469\" height=\"174\" src=\"https:\/\/www.marketingzentral.com\/wp-content\/uploads\/2022\/03\/somoscreativos.jpg\" class=\"vc_single_image-img attachment-full\" alt=\"\" title=\"somoscreativos\" srcset=\"https:\/\/www.marketingzentral.com\/wp-content\/uploads\/2022\/03\/somoscreativos.jpg 469w, https:\/\/www.marketingzentral.com\/wp-content\/uploads\/2022\/03\/somoscreativos-300x111.jpg 300w\" sizes=\"auto, (max-width: 469px) 100vw, 469px\" \/><\/div>\n\t\t<\/figure>\n\t<\/div>\n<\/div><\/div><\/div><div class=\"wpb_column vc_column_container vc_col-sm-8\"><div class=\"vc_column-inner\"><div class=\"wpb_wrapper\">\n\t<div class=\"wpb_text_column wpb_content_element  vc_custom_1646525083196\" >\n\t\t<div class=\"wpb_wrapper\">\n\t\t\t<p style=\"text-align: left; font-size: 20px;\">We find new marketing opportunities to push our hotel clients forward  by identifying new opportunities and implementing innovative marketing strategies.<\/p>\n\n\t\t<\/div>\n\t<\/div>\n<\/div><\/div><\/div><\/div><\/div><\/div><div class=\"vc_row wpb_row vc_row-fluid qodef-section nomovil vc_custom_1674844693289 qodef-content-aligment-left qodef-grid-section\" style=\"\"><div class=\"clearfix qodef-section-inner\"><div class=\"qodef-section-inner-margin clearfix\"><div class=\"wpb_column vc_column_container vc_col-sm-12 vc_col-lg-6 vc_col-md-12 vc_col-has-fill\"><div class=\"vc_column-inner vc_custom_1674845286114\"><div class=\"wpb_wrapper\"><div class=\"vc_empty_space\"   style=\"height: 5px\"><span class=\"vc_empty_space_inner\"><\/span><\/div><div class=\"vc_empty_space\"   style=\"height: 3px\"><span class=\"vc_empty_space_inner\"><\/span><\/div>\n\t<div class=\"wpb_text_column wpb_content_element  vc_custom_1646512185522\" >\n\t\t<div class=\"wpb_wrapper\">\n\t\t\t<p style=\"color: #ffffff; font-size: 20px;\">Our approach revolves around our passion to deliver  business for our clients, driven by our experience and focus on what matters the most. Our aim is to help hoteliers to improve their positioning, increase web traffic, push conversion rates and drive direct website bookings by using multi-channel strategies<\/p>\n\n\t\t<\/div>\n\t<\/div>\n<div class=\"vc_empty_space\"   style=\"height: 40px\"><span class=\"vc_empty_space_inner\"><\/span><\/div><\/div><\/div><\/div><div class=\"wpb_column vc_column_container vc_col-sm-12 vc_col-lg-6 vc_col-md-12\"><div class=\"vc_column-inner\"><div class=\"wpb_wrapper\">\n\t<div  class=\"wpb_single_image wpb_content_element vc_align_center  vc_custom_1674845203745\">\n\t\t\n\t\t<figure class=\"wpb_wrapper vc_figure\">\n\t\t\t<div class=\"vc_single_image-wrapper   vc_box_border_grey\"><img loading=\"lazy\" decoding=\"async\" width=\"658\" height=\"475\" src=\"https:\/\/www.marketingzentral.com\/wp-content\/uploads\/2023\/01\/prestaa.png\" class=\"vc_single_image-img attachment-full\" alt=\"\" title=\"prestaa\" srcset=\"https:\/\/www.marketingzentral.com\/wp-content\/uploads\/2023\/01\/prestaa.png 658w, https:\/\/www.marketingzentral.com\/wp-content\/uploads\/2023\/01\/prestaa-300x217.png 300w, https:\/\/www.marketingzentral.com\/wp-content\/uploads\/2023\/01\/prestaa-18x12.png 18w\" sizes=\"auto, (max-width: 658px) 100vw, 658px\" \/><\/div>\n\t\t<\/figure>\n\t<\/div>\n<\/div><\/div><\/div><\/div><\/div><\/div><div class=\"vc_row wpb_row vc_row-fluid qodef-section nomovil vc_custom_1646525425737 qodef-content-aligment-left qodef-grid-section\" style=\"\"><div class=\"clearfix qodef-section-inner\"><div class=\"qodef-section-inner-margin clearfix\"><div class=\"wpb_column vc_column_container vc_col-sm-12 vc_col-lg-6 vc_hidden-lg vc_col-md-12 vc_col-has-fill\"><div class=\"vc_column-inner vc_custom_1646523594863\"><div class=\"wpb_wrapper\"><div class=\"vc_empty_space\"   style=\"height: 5px\"><span class=\"vc_empty_space_inner\"><\/span><\/div><div class=\"vc_empty_space\"   style=\"height: 3px\"><span class=\"vc_empty_space_inner\"><\/span><\/div>\n\t<div class=\"wpb_text_column wpb_content_element  vc_custom_1646512185522\" >\n\t\t<div class=\"wpb_wrapper\">\n\t\t\t<p style=\"color: #ffffff; font-size: 20px;\">Our approach revolves around our passion to deliver  business for our clients, driven by our experience and focus on what matters the most. Our aim is to help hoteliers to improve their positioning, increase web traffic, push conversion rates and drive direct website bookings by using multi-channel strategies<\/p>\n\n\t\t<\/div>\n\t<\/div>\n<div class=\"vc_empty_space\"   style=\"height: 40px\"><span class=\"vc_empty_space_inner\"><\/span><\/div><\/div><\/div><\/div><div class=\"wpb_column vc_column_container vc_col-sm-12 vc_col-lg-6 vc_hidden-lg vc_col-md-12\"><div class=\"vc_column-inner\"><div class=\"wpb_wrapper\">\n\t<div  class=\"wpb_single_image wpb_content_element vc_align_center  vc_custom_1646523935738\">\n\t\t\n\t\t<figure class=\"wpb_wrapper vc_figure\">\n\t\t\t<div class=\"vc_single_image-wrapper   vc_box_border_grey\"><img loading=\"lazy\" decoding=\"async\" width=\"2560\" height=\"1708\" src=\"https:\/\/www.marketingzentral.com\/wp-content\/uploads\/2022\/03\/pexels-fauxels-3183197-scaled.jpg\" class=\"vc_single_image-img attachment-full\" alt=\"\" title=\"pexels-fauxels-3183197\" srcset=\"https:\/\/www.marketingzentral.com\/wp-content\/uploads\/2022\/03\/pexels-fauxels-3183197-scaled.jpg 2560w, https:\/\/www.marketingzentral.com\/wp-content\/uploads\/2022\/03\/pexels-fauxels-3183197-300x200.jpg 300w, https:\/\/www.marketingzentral.com\/wp-content\/uploads\/2022\/03\/pexels-fauxels-3183197-1024x683.jpg 1024w, https:\/\/www.marketingzentral.com\/wp-content\/uploads\/2022\/03\/pexels-fauxels-3183197-768x513.jpg 768w, https:\/\/www.marketingzentral.com\/wp-content\/uploads\/2022\/03\/pexels-fauxels-3183197-1536x1025.jpg 1536w\" sizes=\"auto, (max-width: 2560px) 100vw, 2560px\" \/><\/div>\n\t\t<\/figure>\n\t<\/div>\n<\/div><\/div><\/div><\/div><\/div><\/div><div class=\"vc_row wpb_row vc_row-fluid qodef-section vc_custom_1646513183070 qodef-content-aligment-left\" style=\"\"><div class=\"clearfix qodef-full-section-inner\"><div class=\"wpb_column vc_column_container vc_col-sm-12\"><div class=\"vc_column-inner\"><div class=\"wpb_wrapper\">\t<div class=\"qodef-call-to-action normal\">\n\n\t\t\t\t<div class=\"qodef-container-inner\">\n\t\t\t\t\t<div class=\"qodef-call-to-action-row-75-25 clearfix\" style=\"padding: 20px;\">\n\t\t\t\t\t\t<div class=\"qodef-text-wrapper qodef-call-to-action-column1 qodef-call-to-action-cell\">\n\t\t\t\t\t\t\t\t\t<div class=\"qodef-call-to-action-text\" style=\"font-size: 22px;font-weight: 500\">\n<p style=\"text-align: center;\"><span style=\"color: #fa6b1e; font-size: 20px; font-weight: 300;\">When you work with us, you don\u2019t just hire any marketing agency, but a long term trustable and friendly partner  \u2013 We are here all the way with you in this journey!<\/span><\/p>\n<\/div>\n\t\t\t\t<\/div>\n\n\t\t\t\t\t\t\t\t\t<div class=\"qodef-button-wrapper qodef-call-to-action-column2 qodef-call-to-action-cell\" style =\"text-align: right ;\">\n\t\t\t\t\t\t<a itemprop=\"url\" href=\"https:\/\/www.marketingzentral.com\/en\/contact-marketingzentral-2\/\" target=\"_self\" style=\"color: #24262a;background-color: #ffffff;border-color: #ffffff\" class=\"qodef-btn qodef-btn-medium qodef-btn-solid qodef-btn-custom-hover-bg qodef-btn-custom-border-hover qodef-btn-custom-hover-color qodef-btn-icon\" data-hover-bg-color=\"#ffffff\" data-hover-color=\"#24262a\" data-hover-border-color=\"#ffffff\" >    <span class=\"qodef-btn-text\">More Information<\/span>    <span class=\"qodef-btn-icon-normal\"><i class=\"qodef-icon-font-awesome fa fa-angle-right\" ><\/i><\/span>    <span class=\"qodef-btn-icon-flip\"><i class=\"qodef-icon-font-awesome fa fa-angle-right\" ><\/i><\/span>        <\/a>\t\t\t\t\t<\/div>\n\t\t\t\t\t\t\t<\/div>\n\t\t\t\t<\/div>\n\t\t\t<\/div>\n<\/div><\/div><\/div><\/div><\/div>\n<\/section>","protected":false},"excerpt":{"rendered":"SOBRE NOSOTROS Somos un equipo de profesionales en consultor\u00eda de mercadotecnia y comunicaci\u00f3n integral especializada en Hoteler\u00eda y Sector Tur\u00edstico, enfocado en generar soluciones reales que faciliten el di\u00e1logo, conecten personas y desarrollen negocio. Nuestra filosof\u00eda de servicio est\u00e1 basada en el compromiso por nuestro...","protected":false},"author":1,"featured_media":0,"parent":0,"menu_order":0,"comment_status":"closed","ping_status":"closed","template":"full-width.php","meta":{"_monsterinsights_skip_tracking":false,"_monsterinsights_sitenote_active":false,"_monsterinsights_sitenote_note":"","_monsterinsights_sitenote_category":0,"_joinchat":[],"footnotes":""},"class_list":["post-3070","page","type-page","status-publish","hentry"],"_links":{"self":[{"href":"https:\/\/www.marketingzentral.com\/en\/wp-json\/wp\/v2\/pages\/3070","targetHints":{"allow":["GET"]}}],"collection":[{"href":"https:\/\/www.marketingzentral.com\/en\/wp-json\/wp\/v2\/pages"}],"about":[{"href":"https:\/\/www.marketingzentral.com\/en\/wp-json\/wp\/v2\/types\/page"}],"author":[{"embeddable":true,"href":"https:\/\/www.marketingzentral.com\/en\/wp-json\/wp\/v2\/users\/1"}],"replies":[{"embeddable":true,"href":"https:\/\/www.marketingzentral.com\/en\/wp-json\/wp\/v2\/comments?post=3070"}],"version-history":[{"count":0,"href":"https:\/\/www.marketingzentral.com\/en\/wp-json\/wp\/v2\/pages\/3070\/revisions"}],"wp:attachment":[{"href":"https:\/\/www.marketingzentral.com\/en\/wp-json\/wp\/v2\/media?parent=3070"}],"curies":[{"name":"wp","href":"https:\/\/api.w.org\/{rel}","templated":true}]}}