{"id":3359,"date":"2016-10-18T13:16:07","date_gmt":"2016-10-18T13:16:07","guid":{"rendered":"http:\/\/ultima.select-themes.com\/?page_id=3359"},"modified":"2024-03-06T23:30:36","modified_gmt":"2024-03-06T23:30:36","slug":"branding-publicidad","status":"publish","type":"page","link":"https:\/\/www.marketingzentral.com\/en\/branding-publicidad\/","title":{"rendered":"BRANDING"},"content":{"rendered":"<section class=\"wpb-content-wrapper\"><div class=\"vc_row wpb_row vc_row-fluid qodef-section qodef-content-aligment-center\" style=\"\"><div class=\"clearfix qodef-full-section-inner\"><div class=\"wpb_column vc_column_container vc_col-sm-12\"><div class=\"vc_column-inner\"><div class=\"wpb_wrapper\"><div class=\"qodef-elements-holder qodef-three-columns qodef-responsive-mode-1024 qodef-one-column-alignment-center\" ><div class=\"qodef-elements-holder-item qodef-horizontal-alignment-center\"  style=\"background-color: #eaeaea;background-image: url(https:\/\/www.marketingzentral.com\/wp-content\/uploads\/2022\/03\/consulbg.jpg)\" data-item-class=\"qodef-elements-holder-custom-999972\" data-1024-1280=\"0% 10% 0% 10%\" data-768-1024=\"15% 25% 15% 25%\" data-600-768=\"15% 25% 15% 25%\" data-480-600=\"15% 16% 15% 16%\" data-480=\"15% 17% 15% 17%\">\n    <div class=\"qodef-elements-holder-item-inner\">\n        <div class=\"qodef-elements-holder-item-content qodef-elements-holder-custom-999972\" style=\"padding: 0% 10% 5% 5%\">\n            <div class=\"vc_empty_space\"   style=\"height: 22px\"><span class=\"vc_empty_space_inner\"><\/span><\/div>\n\t<div class=\"wpb_text_column wpb_content_element\" >\n\t\t<div class=\"wpb_wrapper\">\n\t\t\t<h1 style=\"text-align: left;\"><span style=\"color: #ff6600;\">Concept and Creativity<\/span><\/h1>\n\n\t\t<\/div>\n\t<\/div>\n\n\t<div class=\"wpb_text_column wpb_content_element\" >\n\t\t<div class=\"wpb_wrapper\">\n\t\t\t<p class=\"vc_custom_heading\" style=\"text-align: left;\"><span style=\"color: #ffffff;\">Creativity focuses on the user experience through reflection and exploration. To face the challenges of the brand, we carefully consider all the elements that express the vision and the message, establishing a conversation with the consumer. To enhance and complement the integrated campaigns, we develop sales concepts driven by a creative component that increases business, reinforces positioning and generates recall.<\/span><\/p>\n\n\t\t<\/div>\n\t<\/div>\n<div class=\"vc_empty_space\"   style=\"height: 11px\"><span class=\"vc_empty_space_inner\"><\/span><\/div>        <\/div>\n    <\/div>\n<\/div><div class=\"qodef-elements-holder-item qodef-horizontal-alignment-center\"   data-item-class=\"qodef-elements-holder-custom-249475\">\n    <div class=\"qodef-elements-holder-item-inner\">\n        <div class=\"qodef-elements-holder-item-content qodef-elements-holder-custom-249475\" style=\"padding: 0%\">\n            \r\n<div class=\"qodef-interactive-banner simple-banner\">\r\n            <a class=\"qodef-interactive-banner-link\" itemprop=\"url\" href=\"#\" target=\"_self\"><\/a>\r\n        <div class=\"qodef-interactive-banner-image-holder\">\r\n        <div class=\"qodef-interactive-banner-shader\" ><\/div>\r\n        <img loading=\"lazy\" decoding=\"async\" width=\"1240\" height=\"840\" src=\"https:\/\/www.marketingzentral.com\/wp-content\/uploads\/2021\/10\/tablet-png-23.jpg\" class=\"attachment-full size-full\" alt=\"\" srcset=\"https:\/\/www.marketingzentral.com\/wp-content\/uploads\/2021\/10\/tablet-png-23.jpg 1240w, https:\/\/www.marketingzentral.com\/wp-content\/uploads\/2021\/10\/tablet-png-23-300x203.jpg 300w, https:\/\/www.marketingzentral.com\/wp-content\/uploads\/2021\/10\/tablet-png-23-1024x694.jpg 1024w, https:\/\/www.marketingzentral.com\/wp-content\/uploads\/2021\/10\/tablet-png-23-768x520.jpg 768w\" sizes=\"auto, (max-width: 1240px) 100vw, 1240px\" \/>    <\/div>\r\n    <div class=\"qodef-interactive-banner-content-holder\">\r\n        <div class=\"qodef-interactive-banner-holder\">\r\n                <\/div>\r\n<\/div>\r\n<\/div>        <\/div>\n    <\/div>\n<\/div><div class=\"qodef-elements-holder-item qodef-horizontal-alignment-center\"  style=\"background-color: #eaeaea;background-image: url(https:\/\/www.marketingzentral.com\/wp-content\/uploads\/2022\/03\/consulbg.jpg)\" data-item-class=\"qodef-elements-holder-custom-705144\" data-1024-1280=\"0% 10% 0% 10%\" data-768-1024=\"15% 25% 15% 25%\" data-600-768=\"15% 25% 15% 25%\" data-480-600=\"15% 16% 15% 16%\" data-480=\"15% 17% 15% 17%\">\n    <div class=\"qodef-elements-holder-item-inner\">\n        <div class=\"qodef-elements-holder-item-content qodef-elements-holder-custom-705144\" style=\"padding: 0% 10% 0% 5%\">\n            <div class=\"vc_empty_space\"   style=\"height: 0px\"><span class=\"vc_empty_space_inner\"><\/span><\/div>\n\t<div class=\"wpb_text_column wpb_content_element\" >\n\t\t<div class=\"wpb_wrapper\">\n\t\t\t<h1 style=\"text-align: left;\"><span style=\"color: #ff6600;\">Printed material<\/span><\/h1>\n\n\t\t<\/div>\n\t<\/div>\n\n\t<div class=\"wpb_text_column wpb_content_element\" >\n\t\t<div class=\"wpb_wrapper\">\n\t\t\t<p class=\"vc_custom_heading\" style=\"text-align: left;\"><span style=\"color: #ffffff;\">Traditional methods have more than demonstrated their ability to impact and reach our end users. Its combination with online marketing strategies significantly increases its effectiveness and impact capacity. We bet on multi-channel strategies.<\/span><\/p>\n\n\t\t<\/div>\n\t<\/div>\n<div class=\"vc_empty_space\"   style=\"height: 11px\"><span class=\"vc_empty_space_inner\"><\/span><\/div>        <\/div>\n    <\/div>\n<\/div><\/div><\/div><\/div><\/div><\/div><\/div><div class=\"vc_row wpb_row vc_row-fluid qodef-section qodef-content-aligment-center\" style=\"\"><div class=\"clearfix qodef-full-section-inner\"><div class=\"wpb_column vc_column_container vc_col-sm-12\"><div class=\"vc_column-inner\"><div class=\"wpb_wrapper\"><div class=\"qodef-elements-holder qodef-three-columns qodef-responsive-mode-1024 qodef-one-column-alignment-center\" ><div class=\"qodef-elements-holder-item qodef-horizontal-alignment-center\"   data-item-class=\"qodef-elements-holder-custom-837412\">\n    <div class=\"qodef-elements-holder-item-inner\">\n        <div class=\"qodef-elements-holder-item-content qodef-elements-holder-custom-837412\" style=\"padding: 0%\">\n            \r\n<div class=\"qodef-interactive-banner simple-banner\">\r\n            <a class=\"qodef-interactive-banner-link\" itemprop=\"url\" href=\"#\" target=\"_self\"><\/a>\r\n        <div class=\"qodef-interactive-banner-image-holder\">\r\n        <div class=\"qodef-interactive-banner-shader\" ><\/div>\r\n        <img loading=\"lazy\" decoding=\"async\" width=\"834\" height=\"711\" src=\"https:\/\/www.marketingzentral.com\/wp-content\/uploads\/2021\/10\/materialimpreso.jpg\" class=\"attachment-full size-full\" alt=\"\" srcset=\"https:\/\/www.marketingzentral.com\/wp-content\/uploads\/2021\/10\/materialimpreso.jpg 834w, https:\/\/www.marketingzentral.com\/wp-content\/uploads\/2021\/10\/materialimpreso-300x256.jpg 300w, https:\/\/www.marketingzentral.com\/wp-content\/uploads\/2021\/10\/materialimpreso-768x655.jpg 768w\" sizes=\"auto, (max-width: 834px) 100vw, 834px\" \/>    <\/div>\r\n    <div class=\"qodef-interactive-banner-content-holder\">\r\n        <div class=\"qodef-interactive-banner-holder\">\r\n                <\/div>\r\n<\/div>\r\n<\/div>        <\/div>\n    <\/div>\n<\/div><div class=\"qodef-elements-holder-item qodef-horizontal-alignment-center\"  style=\"background-color: #eaeaea;background-image: url(https:\/\/www.marketingzentral.com\/wp-content\/uploads\/2022\/03\/consulbg.jpg)\" data-item-class=\"qodef-elements-holder-custom-874189\" data-1024-1280=\"0% 10% 0% 10%\" data-768-1024=\"15% 25% 15% 25%\" data-600-768=\"15% 25% 15% 25%\" data-480-600=\"15% 16% 15% 16%\" data-480=\"15% 17% 15% 17%\">\n    <div class=\"qodef-elements-holder-item-inner\">\n        <div class=\"qodef-elements-holder-item-content qodef-elements-holder-custom-874189\" style=\"padding: 0% 5% 0% 5%\">\n            <div class=\"vc_empty_space\"   style=\"height: 22px\"><span class=\"vc_empty_space_inner\"><\/span><\/div>\n\t<div class=\"wpb_text_column wpb_content_element\" >\n\t\t<div class=\"wpb_wrapper\">\n\t\t\t<h1 style=\"text-align: left;\"><span style=\"color: #ff6600;\">Corporate Image<\/span><\/h1>\n\n\t\t<\/div>\n\t<\/div>\n\n\t<div class=\"wpb_text_column wpb_content_element\" >\n\t\t<div class=\"wpb_wrapper\">\n\t\t\t<p class=\"vc_custom_heading\" style=\"text-align: left;\"><span style=\"color: #ffffff;\">We design a sales communication that reaches your target market and transmits the correct message in a timely manner: Print, TV, Radio and Rich Media. Our goal is to provide consistent graphic design, build trust in the brand, and increase media impact.<\/span><\/p>\n\n\t\t<\/div>\n\t<\/div>\n<div class=\"vc_empty_space\"   style=\"height: 11px\"><span class=\"vc_empty_space_inner\"><\/span><\/div>        <\/div>\n    <\/div>\n<\/div><div class=\"qodef-elements-holder-item qodef-horizontal-alignment-center\"   data-item-class=\"qodef-elements-holder-custom-187225\">\n    <div class=\"qodef-elements-holder-item-inner\">\n        <div class=\"qodef-elements-holder-item-content qodef-elements-holder-custom-187225\" style=\"padding: 0%\">\n            \r\n<div class=\"qodef-interactive-banner simple-banner\">\r\n            <a class=\"qodef-interactive-banner-link\" itemprop=\"url\" href=\"#\" target=\"_self\"><\/a>\r\n        <div class=\"qodef-interactive-banner-image-holder\">\r\n        <div class=\"qodef-interactive-banner-shader\" ><\/div>\r\n        <img loading=\"lazy\" decoding=\"async\" width=\"612\" height=\"938\" src=\"https:\/\/www.marketingzentral.com\/wp-content\/uploads\/2021\/10\/startrip.jpg\" class=\"attachment-full size-full\" alt=\"\" srcset=\"https:\/\/www.marketingzentral.com\/wp-content\/uploads\/2021\/10\/startrip.jpg 612w, https:\/\/www.marketingzentral.com\/wp-content\/uploads\/2021\/10\/startrip-196x300.jpg 196w\" sizes=\"auto, (max-width: 612px) 100vw, 612px\" \/>    <\/div>\r\n    <div class=\"qodef-interactive-banner-content-holder\">\r\n        <div class=\"qodef-interactive-banner-holder\">\r\n                <\/div>\r\n<\/div>\r\n<\/div>        <\/div>\n    <\/div>\n<\/div><\/div><\/div><\/div><\/div><\/div><\/div><div class=\"vc_row wpb_row vc_row-fluid qodef-section vc_custom_1646880148111 qodef-content-aligment-left\" style=\"\"><div class=\"clearfix qodef-full-section-inner\"><div class=\"wpb_column vc_column_container vc_col-sm-12\"><div class=\"vc_column-inner\"><div class=\"wpb_wrapper\">\t<div class=\"qodef-call-to-action normal\">\n\n\t\t\t\t<div class=\"qodef-container-inner\">\n\t\t\t\t\t<div class=\"qodef-call-to-action-row-75-25 clearfix\" style=\"padding: 20px;\">\n\t\t\t\t\t\t<div class=\"qodef-text-wrapper qodef-call-to-action-column1 qodef-call-to-action-cell\">\n\t\t\t\t\t\t\t\t\t<div class=\"qodef-call-to-action-text\" style=\"font-size: 22px;font-weight: 500\"><span style=\"color: #ffffff; font-weight: 200;\">We are ready to meet your needs and answer your concerns<\/span><\/div>\n\t\t\t\t<\/div>\n\n\t\t\t\t\t\t\t\t\t<div class=\"qodef-button-wrapper qodef-call-to-action-column2 qodef-call-to-action-cell\" style =\"text-align: right ;\">\n\t\t\t\t\t\t<a itemprop=\"url\" href=\"https:\/\/www.marketingzentral.com\/en\/contact-marketingzentral-2\/\" target=\"_self\" style=\"color: #24262a;background-color: #ffffff;border-color: #ffffff\" class=\"qodef-btn qodef-btn-medium qodef-btn-solid qodef-btn-custom-hover-bg qodef-btn-custom-border-hover qodef-btn-custom-hover-color qodef-btn-icon\" data-hover-bg-color=\"#ffffff\" data-hover-color=\"#24262a\" data-hover-border-color=\"#ffffff\" >    <span class=\"qodef-btn-text\">More Information<\/span>    <span class=\"qodef-btn-icon-normal\"><i class=\"qodef-icon-font-awesome fa fa-angle-right\" ><\/i><\/span>    <span class=\"qodef-btn-icon-flip\"><i class=\"qodef-icon-font-awesome fa fa-angle-right\" ><\/i><\/span>        <\/a>\t\t\t\t\t<\/div>\n\t\t\t\t\t\t\t<\/div>\n\t\t\t\t<\/div>\n\t\t\t<\/div>\n<\/div><\/div><\/div><\/div><\/div>\n<\/section>","protected":false},"excerpt":{"rendered":"Concepto y Creatividad La creatividad se centra en la experiencia del usuario a trav\u00e9s de la reflexi\u00f3n y la exploraci\u00f3n. Para hacer frente a los retos de la marca, consideramos cuidadosamente todos los elementos que expresen la visi\u00f3n y el mensaje, estableciendo una conversaci\u00f3n con...","protected":false},"author":1,"featured_media":0,"parent":0,"menu_order":0,"comment_status":"closed","ping_status":"closed","template":"full-width.php","meta":{"_monsterinsights_skip_tracking":false,"_monsterinsights_sitenote_active":false,"_monsterinsights_sitenote_note":"","_monsterinsights_sitenote_category":0,"_joinchat":[],"footnotes":""},"class_list":["post-3359","page","type-page","status-publish","hentry"],"_links":{"self":[{"href":"https:\/\/www.marketingzentral.com\/en\/wp-json\/wp\/v2\/pages\/3359","targetHints":{"allow":["GET"]}}],"collection":[{"href":"https:\/\/www.marketingzentral.com\/en\/wp-json\/wp\/v2\/pages"}],"about":[{"href":"https:\/\/www.marketingzentral.com\/en\/wp-json\/wp\/v2\/types\/page"}],"author":[{"embeddable":true,"href":"https:\/\/www.marketingzentral.com\/en\/wp-json\/wp\/v2\/users\/1"}],"replies":[{"embeddable":true,"href":"https:\/\/www.marketingzentral.com\/en\/wp-json\/wp\/v2\/comments?post=3359"}],"version-history":[{"count":0,"href":"https:\/\/www.marketingzentral.com\/en\/wp-json\/wp\/v2\/pages\/3359\/revisions"}],"wp:attachment":[{"href":"https:\/\/www.marketingzentral.com\/en\/wp-json\/wp\/v2\/media?parent=3359"}],"curies":[{"name":"wp","href":"https:\/\/api.w.org\/{rel}","templated":true}]}}