{"id":441,"date":"2016-09-26T13:05:01","date_gmt":"2016-09-26T13:05:01","guid":{"rendered":"http:\/\/ultima.select-themes.com\/?page_id=441"},"modified":"2024-03-06T23:30:35","modified_gmt":"2024-03-06T23:30:35","slug":"metabuscadores","status":"publish","type":"page","link":"https:\/\/www.marketingzentral.com\/en\/metabuscadores\/","title":{"rendered":""},"content":{"rendered":"<section class=\"wpb-content-wrapper\"><div class=\"vc_row wpb_row vc_row-fluid qodef-section semmovil vc_custom_1648434730041 qodef-content-aligment-left\" style=\"\"><div class=\"clearfix qodef-full-section-inner\"><div class=\"wpb_column vc_column_container vc_col-sm-12 vc_hidden-xs\"><div class=\"vc_column-inner\"><div class=\"wpb_wrapper\">\n\t<div class=\"wpb_text_column wpb_content_element  vc_custom_1648434834502\" >\n\t\t<div class=\"wpb_wrapper\">\n\t\t\t<h1><span style=\"color: #ff6600;\">METASEARCH<\/span><\/h1>\n<p style=\"text-align: left;\"><span style=\"color: #ffffff; font-size: 19px;\">The presence in metasearch engines is surpassing the traditional campaigns in traditional search engines, offering a unique showcase in an environment where OTAS are very present.<\/span><\/p>\n\n\t\t<\/div>\n\t<\/div>\n<\/div><\/div><\/div><\/div><\/div><div class=\"vc_row wpb_row vc_row-fluid qodef-section nomovil vc_custom_1648434745024 qodef-content-aligment-left\" style=\"\"><div class=\"clearfix qodef-full-section-inner\"><div class=\"wpb_column vc_column_container vc_col-sm-12 vc_hidden-lg\"><div class=\"vc_column-inner\"><div class=\"wpb_wrapper\">\n\t<div class=\"wpb_text_column wpb_content_element  vc_custom_1648435424416\" >\n\t\t<div class=\"wpb_wrapper\">\n\t\t\t<h1><span style=\"color: #ff6600; font-size: 33px;\">METASEARCH<\/span><\/h1>\n<p style=\"text-align: left;\"><span style=\"color: #ffffff; font-size: 19px;\">The presence in metasearch engines is surpassing the traditional campaigns in traditional search engines, offering a unique showcase in an environment where OTAS are very present.<\/span><\/p>\n\n\t\t<\/div>\n\t<\/div>\n<\/div><\/div><\/div><\/div><\/div><div class=\"vc_row wpb_row vc_row-fluid qodef-section semmovil vc_custom_1648435488324 qodef-content-aligment-left\" style=\"\"><div class=\"clearfix qodef-full-section-inner\"><div class=\"wpb_column vc_column_container vc_col-sm-6 vc_hidden-xs\"><div class=\"vc_column-inner\"><div class=\"wpb_wrapper\">\n\t<div  class=\"wpb_single_image wpb_content_element vc_align_center\">\n\t\t\n\t\t<figure class=\"wpb_wrapper vc_figure\">\n\t\t\t<div class=\"vc_single_image-wrapper   vc_box_border_grey\"><img loading=\"lazy\" decoding=\"async\" class=\"vc_single_image-img\" src=\"https:\/\/www.marketingzentral.com\/wp-content\/uploads\/2022\/03\/metabusca1-450x300.jpg\" width=\"450\" height=\"300\" alt=\"metabusca1\" title=\"metabusca1\" \/><\/div>\n\t\t<\/figure>\n\t<\/div>\n<\/div><\/div><\/div><div class=\"wpb_column vc_column_container vc_col-sm-6 vc_hidden-xs\"><div class=\"vc_column-inner\"><div class=\"wpb_wrapper\">\n\t<div class=\"wpb_text_column wpb_content_element  vc_custom_1648435105104\" >\n\t\t<div class=\"wpb_wrapper\">\n\t\t\t<p><span style=\"color: #003366; font-size: 19px;\">By integrating the management of the inventory and prices of the hotel together with technology for bidding management (bidding gateway), we manage the investment in metasearch engines for independent hotels, small and large chains and other distributors.<\/span><\/p>\n\n\t\t<\/div>\n\t<\/div>\n<\/div><\/div><\/div><\/div><\/div><div class=\"vc_row wpb_row vc_row-fluid qodef-section nomovil vc_custom_1648435466650 qodef-content-aligment-left\" style=\"\"><div class=\"clearfix qodef-full-section-inner\"><div class=\"wpb_column vc_column_container vc_col-sm-6 vc_hidden-lg\"><div class=\"vc_column-inner\"><div class=\"wpb_wrapper\">\n\t<div  class=\"wpb_single_image wpb_content_element vc_align_center\">\n\t\t\n\t\t<figure class=\"wpb_wrapper vc_figure\">\n\t\t\t<div class=\"vc_single_image-wrapper   vc_box_border_grey\"><img loading=\"lazy\" decoding=\"async\" class=\"vc_single_image-img\" src=\"https:\/\/www.marketingzentral.com\/wp-content\/uploads\/2022\/03\/metabusca1-450x300.jpg\" width=\"450\" height=\"300\" alt=\"metabusca1\" title=\"metabusca1\" \/><\/div>\n\t\t<\/figure>\n\t<\/div>\n<\/div><\/div><\/div><div class=\"wpb_column vc_column_container vc_col-sm-6 vc_hidden-lg\"><div class=\"vc_column-inner\"><div class=\"wpb_wrapper\">\n\t<div class=\"wpb_text_column wpb_content_element  vc_custom_1648435499960\" >\n\t\t<div class=\"wpb_wrapper\">\n\t\t\t<p><span style=\"color: #003366; font-size: 19px;\">By integrating the management of the inventory and prices of the hotel together with technology for bidding management (bidding gateway), we manage the investment in metasearch engines for independent hotels, small and large chains and other distributors.<\/span><\/p>\n\n\t\t<\/div>\n\t<\/div>\n<\/div><\/div><\/div><\/div><\/div><div class=\"vc_row wpb_row vc_row-fluid qodef-section semmovil vc_custom_1648436014225 qodef-content-aligment-left\" style=\"\"><div class=\"clearfix qodef-full-section-inner\"><div class=\"wpb_column vc_column_container vc_col-sm-6 vc_hidden-xs\"><div class=\"vc_column-inner\"><div class=\"wpb_wrapper\">\n\t<div class=\"wpb_text_column wpb_content_element  vc_custom_1648435284441\" >\n\t\t<div class=\"wpb_wrapper\">\n\t\t\t<p><span style=\"color: #003366; font-size: 19px;\">MZ metasearch service is managed by our expert analysts who create the best strategy and budget for your property, providing comprehensive reports  to overall revenue generated, campaign spend, ROI, and other KPIs.<\/span><\/p>\n\n\t\t<\/div>\n\t<\/div>\n<\/div><\/div><\/div><div class=\"wpb_column vc_column_container vc_col-sm-6 vc_hidden-xs\"><div class=\"vc_column-inner\"><div class=\"wpb_wrapper\">\n\t<div  class=\"wpb_single_image wpb_content_element vc_align_center\">\n\t\t\n\t\t<figure class=\"wpb_wrapper vc_figure\">\n\t\t\t<div class=\"vc_single_image-wrapper   vc_box_border_grey\"><img loading=\"lazy\" decoding=\"async\" class=\"vc_single_image-img\" src=\"https:\/\/www.marketingzentral.com\/wp-content\/uploads\/2022\/03\/metabusca2-450x300.png\" width=\"450\" height=\"300\" alt=\"metabusca2\" title=\"metabusca2\" \/><\/div>\n\t\t<\/figure>\n\t<\/div>\n<\/div><\/div><\/div><\/div><\/div><div class=\"vc_row wpb_row vc_row-fluid qodef-section nomovil vc_custom_1648435559494 qodef-content-aligment-left\" style=\"\"><div class=\"clearfix qodef-full-section-inner\"><div class=\"wpb_column vc_column_container vc_col-sm-6 vc_hidden-lg\"><div class=\"vc_column-inner\"><div class=\"wpb_wrapper\">\n\t<div class=\"wpb_text_column wpb_content_element  vc_custom_1648435603024\" >\n\t\t<div class=\"wpb_wrapper\">\n\t\t\t<p><span style=\"color: #003366; font-size: 19px;\">MZ metasearch service is managed by our expert analysts who create the best strategy and budget for your property, providing comprehensive reports  to overall revenue generated, campaign spend, ROI, and other KPIs.<\/span><\/p>\n\n\t\t<\/div>\n\t<\/div>\n<\/div><\/div><\/div><div class=\"wpb_column vc_column_container vc_col-sm-6 vc_hidden-lg\"><div class=\"vc_column-inner\"><div class=\"wpb_wrapper\">\n\t<div  class=\"wpb_single_image wpb_content_element vc_align_center\">\n\t\t\n\t\t<figure class=\"wpb_wrapper vc_figure\">\n\t\t\t<div class=\"vc_single_image-wrapper   vc_box_border_grey\"><img loading=\"lazy\" decoding=\"async\" class=\"vc_single_image-img\" src=\"https:\/\/www.marketingzentral.com\/wp-content\/uploads\/2022\/03\/metabusca2-450x300.png\" width=\"450\" height=\"300\" alt=\"metabusca2\" title=\"metabusca2\" \/><\/div>\n\t\t<\/figure>\n\t<\/div>\n<\/div><\/div><\/div><\/div><\/div><div class=\"vc_row wpb_row vc_row-fluid qodef-section semmovil vc_custom_1648436246505 qodef-content-aligment-left\" style=\"\"><div class=\"clearfix qodef-full-section-inner\"><div class=\"wpb_column vc_column_container vc_col-sm-6 vc_hidden-xs\"><div class=\"vc_column-inner\"><div class=\"wpb_wrapper\">\n\t<div class=\"wpb_text_column wpb_content_element  vc_custom_1650386080512\" >\n\t\t<div class=\"wpb_wrapper\">\n\t\t\t<h1 style=\"color: #000000;\">Our full service includes<\/h1>\n<p style=\"padding-left: 40px;\"><span style=\"color: #ffffff; font-size: 19px;\"> 1.Centralized management platform<\/span><br \/>\n<span style=\"color: #ffffff; font-size: 19px;\"> 2.Bids controlled via automatic algorithm plus manual optimization managed by specialists<\/span><br \/>\n<span style=\"color: #ffffff; font-size: 19px;\"> 3. Reports and advanced reports<\/span><br \/>\n<span style=\"color: #ffffff; font-size: 19px;\"> 4.Centralized collection<\/span><br \/>\n<span style=\"color: #ffffff; font-size: 19px;\"> 5.Campaign management by MZ specialists<\/span><br \/>\n<span style=\"color: #ffffff; font-size: 19px;\"> 6.Multiple metasearch engines at a single point<\/span><br \/>\n<span style=\"color: #ffffff; font-size: 19px;\"> 7.API implementation and updates<\/span><br \/>\n<span style=\"color: #ffffff; font-size: 19px;\"> 8.Connectable from PMS, CRS or Booking Engine, covering the main metasearch engines in the market (Tripadvisor, Kayak, GHPA, Trivago, wego<\/span><\/p>\n<h1><span style=\"color: #000000;\">API and Meta I \/ O Platform and campaign management<\/span><\/h1>\n<p style=\"text-align: left;\"><span style=\"color: #ffffff; font-size: 19px;\">Meta I \/ O is a tool that offers centralized control of the budget and presence in meta search engines.<\/span><\/p>\n\n\t\t<\/div>\n\t<\/div>\n<\/div><\/div><\/div><div class=\"wpb_column vc_column_container vc_col-sm-6 vc_hidden-xs\"><div class=\"vc_column-inner\"><div class=\"wpb_wrapper\">\n\t<div  class=\"wpb_single_image wpb_content_element vc_align_center  vc_custom_1650394465291\">\n\t\t\n\t\t<figure class=\"wpb_wrapper vc_figure\">\n\t\t\t<div class=\"vc_single_image-wrapper   vc_box_border_grey\"><img loading=\"lazy\" decoding=\"async\" width=\"800\" height=\"666\" src=\"https:\/\/www.marketingzentral.com\/wp-content\/uploads\/2022\/04\/mertabusca4.png\" class=\"vc_single_image-img attachment-full\" alt=\"\" title=\"mertabusca4\" srcset=\"https:\/\/www.marketingzentral.com\/wp-content\/uploads\/2022\/04\/mertabusca4.png 800w, https:\/\/www.marketingzentral.com\/wp-content\/uploads\/2022\/04\/mertabusca4-300x250.png 300w, https:\/\/www.marketingzentral.com\/wp-content\/uploads\/2022\/04\/mertabusca4-768x639.png 768w\" sizes=\"auto, (max-width: 800px) 100vw, 800px\" \/><\/div>\n\t\t<\/figure>\n\t<\/div>\n<\/div><\/div><\/div><\/div><\/div><div class=\"vc_row wpb_row vc_row-fluid qodef-section nomovil vc_custom_1648436225659 qodef-content-aligment-left\" style=\"\"><div class=\"clearfix qodef-full-section-inner\"><div class=\"wpb_column vc_column_container vc_col-sm-6 vc_hidden-lg\"><div class=\"vc_column-inner\"><div class=\"wpb_wrapper\">\n\t<div class=\"wpb_text_column wpb_content_element  vc_custom_1648436281740\" >\n\t\t<div class=\"wpb_wrapper\">\n\t\t\t<h1 style=\"color: #000000; font-size: 33px;\">Our full service includes<\/h1>\n<p><span style=\"color: #ffffff; font-size: 19px;\">1.Plataforma de gesti\u00f3n centralizada<\/span><br \/>\n<span style=\"color: #ffffff; font-size: 19px;\">2.Pujas controladas via algoritmo autom\u00e1tico m\u00e1s optimizaci\u00f3n manual gestionada por especialistas<\/span><br \/>\n<span style=\"color: #ffffff; font-size: 19px;\">3.Informes y reportes avanzados<\/span><br \/>\n<span style=\"color: #ffffff; font-size: 19px;\">4.-Cobro centralizado<\/span><br \/>\n<span style=\"color: #ffffff; font-size: 19px;\">5.- Gesti\u00f3n de las campa\u00f1as por los especialistas de MZ<\/span><br \/>\n<span style=\"color: #ffffff; font-size: 19px;\">6.M\u00faltiples metabuscadores en un solo punto<\/span><br \/>\n<span style=\"color: #ffffff; font-size: 19px;\">7.Implementaci\u00f3n de API y actualizaciones<\/span><br \/>\n<span style=\"color: #ffffff; font-size: 19px;\">8.Conectable desde PMS, CRS o Motor de reservas, abarcando los principales metabuscadores del mercado (Tripadvisor, Kayak, GHPA, Trivago, wego<\/span><\/p>\n<h1><span style=\"color: #000000; font-size: 33px;\">API and Meta I \/ O Platform and campaign management<\/span><\/h1>\n<p style=\"text-align: left;\"><span style=\"color: #ffffff; font-size: 19px;\">Meta I \/ O is a tool that offers centralized control of the budget and presence in meta search engines.<\/span><\/p>\n\n\t\t<\/div>\n\t<\/div>\n<\/div><\/div><\/div><div class=\"wpb_column vc_column_container vc_col-sm-6 vc_hidden-lg\"><div class=\"vc_column-inner\"><div class=\"wpb_wrapper\">\n\t<div  class=\"wpb_single_image wpb_content_element vc_align_center  vc_custom_1650394478864\">\n\t\t\n\t\t<figure class=\"wpb_wrapper vc_figure\">\n\t\t\t<div class=\"vc_single_image-wrapper   vc_box_border_grey\"><img loading=\"lazy\" decoding=\"async\" width=\"800\" height=\"666\" src=\"https:\/\/www.marketingzentral.com\/wp-content\/uploads\/2022\/04\/mertabusca4.png\" class=\"vc_single_image-img attachment-full\" alt=\"\" title=\"mertabusca4\" srcset=\"https:\/\/www.marketingzentral.com\/wp-content\/uploads\/2022\/04\/mertabusca4.png 800w, https:\/\/www.marketingzentral.com\/wp-content\/uploads\/2022\/04\/mertabusca4-300x250.png 300w, https:\/\/www.marketingzentral.com\/wp-content\/uploads\/2022\/04\/mertabusca4-768x639.png 768w\" sizes=\"auto, (max-width: 800px) 100vw, 800px\" \/><\/div>\n\t\t<\/figure>\n\t<\/div>\n<\/div><\/div><\/div><\/div><\/div>\n<\/section>","protected":false},"excerpt":{"rendered":"METABUSCADORES La presencia en metabuscadores est\u00e1 superando a las tradicionales campa\u00f1as en buscadores tradicionales, ofreciendo un escaparate \u00fanico en un entorno donde las OTAS est\u00e1n muy presentes. METABUSCADORES La presencia en metabuscadores est\u00e1 superando a las tradicionales campa\u00f1as en buscadores tradicionales, ofreciendo un escaparate \u00fanico...","protected":false},"author":1,"featured_media":0,"parent":0,"menu_order":0,"comment_status":"closed","ping_status":"closed","template":"full-width.php","meta":{"_monsterinsights_skip_tracking":false,"_monsterinsights_sitenote_active":false,"_monsterinsights_sitenote_note":"","_monsterinsights_sitenote_category":0,"_joinchat":[],"footnotes":""},"class_list":["post-441","page","type-page","status-publish","hentry"],"_links":{"self":[{"href":"https:\/\/www.marketingzentral.com\/en\/wp-json\/wp\/v2\/pages\/441","targetHints":{"allow":["GET"]}}],"collection":[{"href":"https:\/\/www.marketingzentral.com\/en\/wp-json\/wp\/v2\/pages"}],"about":[{"href":"https:\/\/www.marketingzentral.com\/en\/wp-json\/wp\/v2\/types\/page"}],"author":[{"embeddable":true,"href":"https:\/\/www.marketingzentral.com\/en\/wp-json\/wp\/v2\/users\/1"}],"replies":[{"embeddable":true,"href":"https:\/\/www.marketingzentral.com\/en\/wp-json\/wp\/v2\/comments?post=441"}],"version-history":[{"count":0,"href":"https:\/\/www.marketingzentral.com\/en\/wp-json\/wp\/v2\/pages\/441\/revisions"}],"wp:attachment":[{"href":"https:\/\/www.marketingzentral.com\/en\/wp-json\/wp\/v2\/media?parent=441"}],"curies":[{"name":"wp","href":"https:\/\/api.w.org\/{rel}","templated":true}]}}