{"id":5617,"date":"2021-10-04T19:30:47","date_gmt":"2021-10-04T19:30:47","guid":{"rendered":"https:\/\/www.marketingzentral.com\/?page_id=5617"},"modified":"2024-03-06T23:30:34","modified_gmt":"2024-03-06T23:30:34","slug":"multimedia","status":"publish","type":"page","link":"https:\/\/www.marketingzentral.com\/en\/multimedia\/","title":{"rendered":""},"content":{"rendered":"<section class=\"wpb-content-wrapper\"><div class=\"vc_row wpb_row vc_row-fluid qodef-section vc_custom_1647125632999 qodef-content-aligment-left\" style=\"\"><div class=\"clearfix qodef-full-section-inner\"><div class=\"wpb_column vc_column_container vc_col-sm-6\"><div class=\"vc_column-inner\"><div class=\"wpb_wrapper\">\n\t<div class=\"wpb_text_column wpb_content_element  vc_custom_1653141380798\" >\n\t\t<div class=\"wpb_wrapper\">\n\t\t\t<h1 style=\"text-align: left;\"><span style=\"color: #ff6600; font-weight: 800;\">MULTIMEDIA<\/span><\/h1>\n<p style=\"text-align: left;\"><span style=\"color: #ffffff; font-size: 19px;\">Our specialization in the sector perfectly understands the needs of a client who sells experiences and highlights the differential values \u200b\u200bof the service, the product and the environment.<\/span><\/p>\n\n\t\t<\/div>\n\t<\/div>\n<\/div><\/div><\/div><div class=\"wpb_column vc_column_container vc_col-sm-6\"><div class=\"vc_column-inner\"><div class=\"wpb_wrapper\">\n\t<div  class=\"wpb_single_image wpb_content_element vc_align_center  vc_custom_1650553781211\">\n\t\t\n\t\t<figure class=\"wpb_wrapper vc_figure\">\n\t\t\t<div class=\"vc_single_image-wrapper   vc_box_border_grey\"><img loading=\"lazy\" decoding=\"async\" class=\"vc_single_image-img\" src=\"https:\/\/www.marketingzentral.com\/wp-content\/uploads\/2022\/04\/multimedia-1.png\" width=\"800\" height=\"364\" alt=\"multimedia\" title=\"multimedia\" \/><\/div>\n\t\t<\/figure>\n\t<\/div>\n<\/div><\/div><\/div><\/div><\/div><div class=\"vc_row wpb_row vc_row-fluid qodef-section semmovil vc_custom_1647126355387 qodef-content-aligment-left\" style=\"\"><div class=\"clearfix qodef-full-section-inner\"><div class=\"wpb_column vc_column_container vc_col-sm-12 vc_hidden-xs\" id=\"fotogra\"><div class=\"vc_column-inner\"><div class=\"wpb_wrapper\"><div class=\"qodef-elements-holder qodef-two-columns qodef-responsive-mode-768\" ><div class=\"qodef-elements-holder-item\"   data-item-class=\"qodef-elements-holder-custom-332750\">\n    <div class=\"qodef-elements-holder-item-inner\">\n        <div class=\"qodef-elements-holder-item-content qodef-elements-holder-custom-332750\" >\n            \n\t<div class=\"wpb_text_column wpb_content_element  vc_custom_1647124119994\" >\n\t\t<div class=\"wpb_wrapper\">\n\t\t\t<h1><span style=\"color: #ff6600;\">PHOTOGRAPHY<\/span><\/h1>\n<p><span style=\"color: #ffffff; font-size: 17px;\">As photography gets the most visibility and is one of the main reasons for higher conversions and visits on a website, it is one of the most important elements on a website that translates into more bookings and more visits. Therefore, the standard of the images must be impeccable in order to sell your product or service.<\/span><br \/>\n<span style=\"color: #ffffff; font-size: 17px;\">Las fotos de calidad de tu alojamiento pueden hacer las ventas por ti. A las personas simplemente les gusta ver d\u00f3nde dormir\u00e1n, se ba\u00f1ar\u00e1n, comer\u00e1n y pasar\u00e1n el tiempo.<\/span><\/p>\n<p><span style=\"color: #ffffff; font-size: 17px;\">We all know that a picture is worth a thousand words. People are less and less willing to read a thousand words, but look at photos and videos with great pleasure. If you don't provide guests with such visual content, they will search for them on social media, Google, YouTube, Trip Advisor, etc., and they will be able to see all sorts of things there.<\/span><\/p>\n\n\t\t<\/div>\n\t<\/div>\n        <\/div>\n    <\/div>\n<\/div><div class=\"qodef-elements-holder-item\"   data-item-class=\"qodef-elements-holder-custom-406383\">\n    <div class=\"qodef-elements-holder-item-inner\">\n        <div class=\"qodef-elements-holder-item-content qodef-elements-holder-custom-406383\" >\n            \n\t<div  class=\"wpb_single_image wpb_content_element vc_align_right\">\n\t\t\n\t\t<figure class=\"wpb_wrapper vc_figure\">\n\t\t\t<div class=\"vc_single_image-wrapper   vc_box_border_grey\"><img loading=\"lazy\" decoding=\"async\" width=\"1280\" height=\"853\" src=\"https:\/\/www.marketingzentral.com\/wp-content\/uploads\/2022\/03\/resort.jpg\" class=\"vc_single_image-img attachment-full\" alt=\"\" title=\"resort\" srcset=\"https:\/\/www.marketingzentral.com\/wp-content\/uploads\/2022\/03\/resort.jpg 1280w, https:\/\/www.marketingzentral.com\/wp-content\/uploads\/2022\/03\/resort-300x200.jpg 300w, https:\/\/www.marketingzentral.com\/wp-content\/uploads\/2022\/03\/resort-1024x682.jpg 1024w, https:\/\/www.marketingzentral.com\/wp-content\/uploads\/2022\/03\/resort-768x512.jpg 768w\" sizes=\"auto, (max-width: 1280px) 100vw, 1280px\" \/><\/div>\n\t\t<\/figure>\n\t<\/div>\n        <\/div>\n    <\/div>\n<\/div><\/div><\/div><\/div><\/div><\/div><\/div><div class=\"vc_row wpb_row vc_row-fluid qodef-section nomovil vc_custom_1647126379741 qodef-content-aligment-left\" style=\"\"><div class=\"clearfix qodef-full-section-inner\"><div class=\"wpb_column vc_column_container vc_col-sm-12 vc_hidden-lg\"><div class=\"vc_column-inner\"><div class=\"wpb_wrapper\"><div class=\"qodef-elements-holder qodef-two-columns qodef-responsive-mode-768\" ><div class=\"qodef-elements-holder-item\"   data-item-class=\"qodef-elements-holder-custom-217787\">\n    <div class=\"qodef-elements-holder-item-inner\">\n        <div class=\"qodef-elements-holder-item-content qodef-elements-holder-custom-217787\" >\n            \n\t<div class=\"wpb_text_column wpb_content_element  vc_custom_1647126407741\" >\n\t\t<div class=\"wpb_wrapper\">\n\t\t\t<h1><span style=\"color: #ff6600;\">PHOTOGRAPHY<\/span><\/h1>\n<p><span style=\"color: #ffffff;\">As photography gets the most visibility and is one of the main reasons for higher conversions and visits on a website, it is one of the most important elements on a website that translates into more bookings and more visits. Therefore, the standard of the images must be impeccable in order to sell your product or service.<\/span><br \/>\n<span style=\"color: #ffffff;\">Las fotos de calidad de tu alojamiento pueden hacer las ventas por ti. A las personas simplemente les gusta ver d\u00f3nde dormir\u00e1n, se ba\u00f1ar\u00e1n, comer\u00e1n y pasar\u00e1n el tiempo.<\/span><\/p>\n<p><span style=\"color: #ffffff;\">We all know that a picture is worth a thousand words. People are less and less willing to read a thousand words, but look at photos and videos with great pleasure. If you don't provide guests with such visual content, they will search for them on social media, Google, YouTube, Trip Advisor, etc., and they will be able to see all sorts of things there.<\/span><\/p>\n\n\t\t<\/div>\n\t<\/div>\n        <\/div>\n    <\/div>\n<\/div><div class=\"qodef-elements-holder-item\"   data-item-class=\"qodef-elements-holder-custom-459429\">\n    <div class=\"qodef-elements-holder-item-inner\">\n        <div class=\"qodef-elements-holder-item-content qodef-elements-holder-custom-459429\" >\n            \n\t<div  class=\"wpb_single_image wpb_content_element vc_align_right\">\n\t\t\n\t\t<figure class=\"wpb_wrapper vc_figure\">\n\t\t\t<div class=\"vc_single_image-wrapper   vc_box_border_grey\"><img loading=\"lazy\" decoding=\"async\" width=\"1280\" height=\"853\" src=\"https:\/\/www.marketingzentral.com\/wp-content\/uploads\/2022\/03\/resort.jpg\" class=\"vc_single_image-img attachment-full\" alt=\"\" title=\"resort\" srcset=\"https:\/\/www.marketingzentral.com\/wp-content\/uploads\/2022\/03\/resort.jpg 1280w, https:\/\/www.marketingzentral.com\/wp-content\/uploads\/2022\/03\/resort-300x200.jpg 300w, https:\/\/www.marketingzentral.com\/wp-content\/uploads\/2022\/03\/resort-1024x682.jpg 1024w, https:\/\/www.marketingzentral.com\/wp-content\/uploads\/2022\/03\/resort-768x512.jpg 768w\" sizes=\"auto, (max-width: 1280px) 100vw, 1280px\" \/><\/div>\n\t\t<\/figure>\n\t<\/div>\n        <\/div>\n    <\/div>\n<\/div><\/div><\/div><\/div><\/div><\/div><\/div><div data-qodef-anchor=\"videoanchor\" class=\"vc_row wpb_row vc_row-fluid qodef-section semmovil qodef-content-aligment-left\" style=\"\"><div class=\"clearfix qodef-full-section-inner\"><div class=\"wpb_column vc_column_container vc_col-sm-12 vc_hidden-xs\"><div class=\"vc_column-inner\"><div class=\"wpb_wrapper\"><div class=\"qodef-elements-holder qodef-two-columns qodef-responsive-mode-768\" ><div class=\"qodef-elements-holder-item\"   data-item-class=\"qodef-elements-holder-custom-550427\">\n    <div class=\"qodef-elements-holder-item-inner\">\n        <div class=\"qodef-elements-holder-item-content qodef-elements-holder-custom-550427\" >\n            \n\t<div class=\"wpb_text_column wpb_content_element  vc_custom_1653141432909\" >\n\t\t<div class=\"wpb_wrapper\">\n\t\t\t<h1 style=\"text-align: left;\"><span style=\"color: #ff6600;\">VIDEO<\/span><\/h1>\n<p style=\"text-align: left;\"><span style=\"color: #003366; font-size: 19px;\">Our specialization in the sector perfectly understands the needs of a client who sells experiences and highlights the differential values \u200b\u200bof the service, the product and the environment.<\/span><\/p>\n\n\t\t<\/div>\n\t<\/div>\n        <\/div>\n    <\/div>\n<\/div><div class=\"qodef-elements-holder-item\"  style=\"background-image: url(https:\/\/www.marketingzentral.com\/wp-content\/uploads\/2022\/03\/consulbg.jpg)\" data-item-class=\"qodef-elements-holder-custom-337600\">\n    <div class=\"qodef-elements-holder-item-inner\">\n        <div class=\"qodef-elements-holder-item-content qodef-elements-holder-custom-337600\" >\n            \n\t<div class=\"wpb_video_widget wpb_content_element vc_clearfix   vc_custom_1647124627309 vc_video-aspect-ratio-169 vc_video-el-width-100 vc_video-align-left\" >\n\t\t<div class=\"wpb_wrapper\">\n\t\t\t\n\t\t\t<div class=\"wpb_video_wrapper\"><iframe loading=\"lazy\" title=\"Zocalo Central Hotel  - Hotel 5* en el centro hist\u00f3rico de M\u00e9xico DF\" width=\"1060\" height=\"596\" src=\"https:\/\/www.youtube.com\/embed\/JZyfGF3xcSQ?feature=oembed\" frameborder=\"0\" allow=\"accelerometer; autoplay; clipboard-write; encrypted-media; gyroscope; picture-in-picture\" allowfullscreen><\/iframe><\/div>\n\t\t<\/div>\n\t<\/div>\n        <\/div>\n    <\/div>\n<\/div><\/div><\/div><\/div><\/div><\/div><\/div><div data-qodef-anchor=\"videoanchor\" class=\"vc_row wpb_row vc_row-fluid qodef-section nomovil qodef-content-aligment-left\" style=\"\"><div class=\"clearfix qodef-full-section-inner\"><div class=\"wpb_column vc_column_container vc_col-sm-12 vc_hidden-lg\"><div class=\"vc_column-inner\"><div class=\"wpb_wrapper\"><div class=\"qodef-elements-holder qodef-two-columns qodef-responsive-mode-768\" ><div class=\"qodef-elements-holder-item\"   data-item-class=\"qodef-elements-holder-custom-637617\">\n    <div class=\"qodef-elements-holder-item-inner\">\n        <div class=\"qodef-elements-holder-item-content qodef-elements-holder-custom-637617\" >\n            \n\t<div class=\"wpb_text_column wpb_content_element  vc_custom_1647124597126\" >\n\t\t<div class=\"wpb_wrapper\">\n\t\t\t<h1 style=\"text-align: left;\"><span style=\"color: #ff6600;\">VIDEO<\/span><\/h1>\n<p style=\"text-align: left;\"><span style=\"color: #003366;\">Our specialization in the sector perfectly understands the needs of a client who sells experiences and highlights the differential values \u200b\u200bof the service, the product and the environment.<\/span><\/p>\n\n\t\t<\/div>\n\t<\/div>\n        <\/div>\n    <\/div>\n<\/div><div class=\"qodef-elements-holder-item\"  style=\"background-image: url(https:\/\/www.marketingzentral.com\/wp-content\/uploads\/2022\/03\/consulbg.jpg)\" data-item-class=\"qodef-elements-holder-custom-836636\">\n    <div class=\"qodef-elements-holder-item-inner\">\n        <div class=\"qodef-elements-holder-item-content qodef-elements-holder-custom-836636\" >\n            \n\t<div class=\"wpb_video_widget wpb_content_element vc_clearfix   vc_custom_1647124627309 vc_video-aspect-ratio-169 vc_video-el-width-100 vc_video-align-left\" >\n\t\t<div class=\"wpb_wrapper\">\n\t\t\t\n\t\t\t<div class=\"wpb_video_wrapper\"><iframe loading=\"lazy\" title=\"Zocalo Central Hotel  - Hotel 5* en el centro hist\u00f3rico de M\u00e9xico DF\" width=\"1060\" height=\"596\" src=\"https:\/\/www.youtube.com\/embed\/JZyfGF3xcSQ?feature=oembed\" frameborder=\"0\" allow=\"accelerometer; autoplay; clipboard-write; encrypted-media; gyroscope; picture-in-picture\" allowfullscreen><\/iframe><\/div>\n\t\t<\/div>\n\t<\/div>\n        <\/div>\n    <\/div>\n<\/div><\/div><\/div><\/div><\/div><\/div><\/div><div data-qodef-anchor=\"toursanchor\" class=\"vc_row wpb_row vc_row-fluid qodef-section vc_custom_1652754992991 qodef-content-aligment-left\" style=\"\"><div class=\"clearfix qodef-full-section-inner\"><div class=\"wpb_column vc_column_container vc_col-sm-12 vc_hidden-xs\"><div class=\"vc_column-inner\"><div class=\"wpb_wrapper\"><div class=\"qodef-elements-holder qodef-two-columns qodef-responsive-mode-768\" ><div class=\"qodef-elements-holder-item\"   data-item-class=\"qodef-elements-holder-custom-634077\">\n    <div class=\"qodef-elements-holder-item-inner\">\n        <div class=\"qodef-elements-holder-item-content qodef-elements-holder-custom-634077\" >\n            \n\t<div class=\"wpb_text_column wpb_content_element  vc_custom_1653141464743\" >\n\t\t<div class=\"wpb_wrapper\">\n\t\t\t<h1 style=\"text-align: left;\"><span style=\"color: #ff6600;\">VIRTUAL TOURS<\/span><\/h1>\n<p style=\"text-align: left; font-size: 19px;\"><span style=\"color: #ffffff;\">Virtual visit 365\/24\/7.<\/span><br \/>\n<span style=\"color: #ffffff;\">More information than a photo.<\/span><\/p>\n<h2 style=\"text-align: left;\"><span style=\"color: #ffffff;\">INCREASED POSITIONING IN ORGANIC RESULTS IN SEO<\/span><\/h2>\n<p><span style=\"color: #ffffff; font-size: 19px;\">More interactive than a video.<\/span><br \/>\n<span style=\"color: #ffffff; font-size: 19px;\">Details of facilities, common areas, typical rooms and points of interest.<\/span><br \/>\n<span style=\"color: #ffffff; font-size: 19px;\">Value added element.<\/span><\/p>\n\n\t\t<\/div>\n\t<\/div>\n        <\/div>\n    <\/div>\n<\/div><div class=\"qodef-elements-holder-item\"   data-item-class=\"qodef-elements-holder-custom-668897\">\n    <div class=\"qodef-elements-holder-item-inner\">\n        <div class=\"qodef-elements-holder-item-content qodef-elements-holder-custom-668897\" >\n            \n\t<div class=\"wpb_raw_code wpb_content_element wpb_raw_html\" >\n\t\t<div class=\"wpb_wrapper\">\n\t\t\t<iframe loading=\"lazy\" src=\"https:\/\/www.google.com\/maps\/embed?pb=!1m0!3m2!1ses!2sus!4v1472728223360!6m8!1m7!1se6auGeBdIE4AAAQ1mGFTwg!2m2!1d19.43380023850606!2d-99.13440058666441!3f104.04515062058638!4f-27.928697306025633!5f0.5970117501821992\" width=\"100%\" height=\"600px\" frameborder=\"0\" style=\"border:0\" allowfullscreen><\/iframe>\n\t\t<\/div>\n\t<\/div>\n        <\/div>\n    <\/div>\n<\/div><\/div><\/div><\/div><\/div><\/div><\/div><div data-qodef-anchor=\"toursanchor\" class=\"vc_row wpb_row vc_row-fluid qodef-section nomovil vc_custom_1652754931085 qodef-content-aligment-left\" style=\"\"><div class=\"clearfix qodef-full-section-inner\"><div class=\"wpb_column vc_column_container vc_col-sm-12 vc_hidden-lg\"><div class=\"vc_column-inner\"><div class=\"wpb_wrapper\"><div class=\"qodef-elements-holder qodef-two-columns qodef-responsive-mode-768\" ><div class=\"qodef-elements-holder-item\"   data-item-class=\"qodef-elements-holder-custom-473479\">\n    <div class=\"qodef-elements-holder-item-inner\">\n        <div class=\"qodef-elements-holder-item-content qodef-elements-holder-custom-473479\" >\n            \n\t<div class=\"wpb_text_column wpb_content_element  vc_custom_1647126090682\" >\n\t\t<div class=\"wpb_wrapper\">\n\t\t\t<h1 style=\"text-align: left;\"><span style=\"color: #ff6600; font-size: 33px;\">VIRTUAL TOURS<\/span><\/h1>\n<p style=\"text-align: left;\"><span style=\"color: #ffffff;\">Virtual visit 365\/24\/7.<\/span><br \/>\n<span style=\"color: #ffffff;\">More information than a photo.<\/span><\/p>\n<h2 style=\"text-align: left;\"><span style=\"color: #ffffff;\">INCREASED POSITIONING IN ORGANIC RESULTS IN SEO<\/span><\/h2>\n<p><span style=\"color: #ffffff;\">More interactive than a video.<\/span><br \/>\n<span style=\"color: #ffffff;\">Details of facilities, common areas, typical rooms and points of interest.<\/span><br \/>\n<span style=\"color: #ffffff;\">Value added element.<\/span><\/p>\n\n\t\t<\/div>\n\t<\/div>\n        <\/div>\n    <\/div>\n<\/div><div class=\"qodef-elements-holder-item\"   data-item-class=\"qodef-elements-holder-custom-295383\">\n    <div class=\"qodef-elements-holder-item-inner\">\n        <div class=\"qodef-elements-holder-item-content qodef-elements-holder-custom-295383\" >\n            \n\t<div class=\"wpb_raw_code wpb_content_element wpb_raw_html\" >\n\t\t<div class=\"wpb_wrapper\">\n\t\t\t<iframe loading=\"lazy\" src=\"https:\/\/www.google.com\/maps\/embed?pb=!1m0!3m2!1ses!2sus!4v1472728223360!6m8!1m7!1se6auGeBdIE4AAAQ1mGFTwg!2m2!1d19.43380023850606!2d-99.13440058666441!3f104.04515062058638!4f-27.928697306025633!5f0.5970117501821992\" width=\"100%\" height=\"600px\" frameborder=\"0\" style=\"border:0\" allowfullscreen><\/iframe>\n\t\t<\/div>\n\t<\/div>\n        <\/div>\n    <\/div>\n<\/div><\/div><\/div><\/div><\/div><\/div><\/div><div class=\"vc_row wpb_row vc_row-fluid qodef-section vc_custom_1647125018084 qodef-content-aligment-left\" style=\"\"><div class=\"clearfix qodef-full-section-inner\"><div class=\"wpb_column vc_column_container vc_col-sm-12\"><div class=\"vc_column-inner\"><div class=\"wpb_wrapper\">\t<div class=\"qodef-call-to-action normal\">\n\n\t\t\t\t<div class=\"qodef-container-inner\">\n\t\t\t\t\t<div class=\"qodef-call-to-action-row-75-25 clearfix\" style=\"padding: 20px;\">\n\t\t\t\t\t\t<div class=\"qodef-text-wrapper qodef-call-to-action-column1 qodef-call-to-action-cell\">\n\t\t\t\t\t\t\t\t\t<div class=\"qodef-call-to-action-text\" style=\"font-size: 22px;font-weight: 500\"><span style=\"color: #ffffff; font-weight: 200;\">We are ready to meet your needs and answer your concerns<\/span><\/div>\n\t\t\t\t<\/div>\n\n\t\t\t\t\t\t\t\t\t<div class=\"qodef-button-wrapper qodef-call-to-action-column2 qodef-call-to-action-cell\" style =\"text-align: right ;\">\n\t\t\t\t\t\t<a itemprop=\"url\" href=\"https:\/\/www.marketingzentral.com\/en\/contact-marketingzentral-2\/\" target=\"_self\" style=\"color: #24262a;background-color: #ffffff;border-color: #ffffff\" class=\"qodef-btn qodef-btn-medium qodef-btn-solid qodef-btn-custom-hover-bg qodef-btn-custom-border-hover qodef-btn-custom-hover-color qodef-btn-icon\" data-hover-bg-color=\"#ffffff\" data-hover-color=\"#24262a\" data-hover-border-color=\"#ffffff\" >    <span class=\"qodef-btn-text\">More Information<\/span>    <span class=\"qodef-btn-icon-normal\"><i class=\"qodef-icon-font-awesome fa fa-angle-right\" ><\/i><\/span>    <span class=\"qodef-btn-icon-flip\"><i class=\"qodef-icon-font-awesome fa fa-angle-right\" ><\/i><\/span>        <\/a>\t\t\t\t\t<\/div>\n\t\t\t\t\t\t\t<\/div>\n\t\t\t\t<\/div>\n\t\t\t<\/div>\n<\/div><\/div><\/div><\/div><\/div>\n<\/section>","protected":false},"excerpt":{"rendered":"MULTIMEDIA Nuestra especializaci\u00f3n en el sector entiende perfectamente las necesidades de un cliente que vende experiencias y destaca los valores diferenciales del servicio, el producto y el entorno. FOTOGRAF\u00cdA A medida que la fotograf\u00eda obtiene la mayor visibilidad y es una de las principales razones...","protected":false},"author":1,"featured_media":0,"parent":0,"menu_order":0,"comment_status":"closed","ping_status":"closed","template":"full-width.php","meta":{"_monsterinsights_skip_tracking":false,"_monsterinsights_sitenote_active":false,"_monsterinsights_sitenote_note":"","_monsterinsights_sitenote_category":0,"_joinchat":[],"footnotes":""},"class_list":["post-5617","page","type-page","status-publish","hentry"],"_links":{"self":[{"href":"https:\/\/www.marketingzentral.com\/en\/wp-json\/wp\/v2\/pages\/5617","targetHints":{"allow":["GET"]}}],"collection":[{"href":"https:\/\/www.marketingzentral.com\/en\/wp-json\/wp\/v2\/pages"}],"about":[{"href":"https:\/\/www.marketingzentral.com\/en\/wp-json\/wp\/v2\/types\/page"}],"author":[{"embeddable":true,"href":"https:\/\/www.marketingzentral.com\/en\/wp-json\/wp\/v2\/users\/1"}],"replies":[{"embeddable":true,"href":"https:\/\/www.marketingzentral.com\/en\/wp-json\/wp\/v2\/comments?post=5617"}],"version-history":[{"count":0,"href":"https:\/\/www.marketingzentral.com\/en\/wp-json\/wp\/v2\/pages\/5617\/revisions"}],"wp:attachment":[{"href":"https:\/\/www.marketingzentral.com\/en\/wp-json\/wp\/v2\/media?parent=5617"}],"curies":[{"name":"wp","href":"https:\/\/api.w.org\/{rel}","templated":true}]}}