{"id":5639,"date":"2021-10-04T19:57:55","date_gmt":"2021-10-04T19:57:55","guid":{"rendered":"https:\/\/www.marketingzentral.com\/?page_id=5639"},"modified":"2024-03-06T23:30:36","modified_gmt":"2024-03-06T23:30:36","slug":"consultoria-2","status":"publish","type":"page","link":"https:\/\/www.marketingzentral.com\/en\/consultoria-2\/","title":{"rendered":"CONSULTOR\u00cdA"},"content":{"rendered":"<section class=\"wpb-content-wrapper\"><div class=\"vc_row wpb_row vc_row-fluid qodef-section semmovil vc_custom_1646848334508 qodef-content-aligment-left\" style=\"\"><div class=\"clearfix qodef-full-section-inner\"><div class=\"wpb_column vc_column_container vc_col-sm-12 vc_hidden-xs\"><div class=\"vc_column-inner\"><div class=\"wpb_wrapper\">\n\t<div class=\"wpb_text_column wpb_content_element  vc_custom_1653141528312\" >\n\t\t<div class=\"wpb_wrapper\">\n\t\t\t<h1 style=\"margin-bottom: 30px;\"><span style=\"color: #808080; font-weight: 800; font-size: 53px;\">solutions<\/span><span style=\"color: #fa6b1e; font-size: 53px; line-height: 43px; margin-bottom: 30px; font-weight: 800;\">CONSULTOR\u00cdA<\/span><\/h1>\n<h2><span style=\"color: #003366; font-size: 30px; line-height: 43px;\">SUS SOCIOS DE NEGOCIO<\/span><\/h2>\n<p><span style=\"color: #003366; font-size: 22px;\">OFRECEMOS ASESOR\u00cdA Y GESTI\u00d3N EN LA COMERCIALIZACI\u00d3N Y ESTRATEGIA DE MARKETING DE SU NEGOCIO, PROPONIENDO SOLUCIONES QUE AHORRAN INVERSI\u00d3N E INCREMENTAN INGRESOS<\/span><\/p>\n\n\t\t<\/div>\n\t<\/div>\n<\/div><\/div><\/div><\/div><\/div><div class=\"vc_row wpb_row vc_row-fluid qodef-section nomovil vc_custom_1646848342663 qodef-content-aligment-left\" style=\"\"><div class=\"clearfix qodef-full-section-inner\"><div class=\"wpb_column vc_column_container vc_col-sm-12 vc_hidden-lg\"><div class=\"vc_column-inner\"><div class=\"wpb_wrapper\">\n\t<div class=\"wpb_text_column wpb_content_element  vc_custom_1646848414641\" >\n\t\t<div class=\"wpb_wrapper\">\n\t\t\t<h1 style=\"margin-bottom: 30px;\"><span style=\"color: #808080; font-weight: 800; font-size: 33px;\">solutions<\/span><span style=\"color: #fa6b1e; font-size: 33px; line-height: 43px; margin-bottom: 30px;\">CONSULTORIA<\/span><\/h1>\n<h2><span style=\"color: #003366; font-size: 22px; line-height: 43px;\">SUS SOCIOS DE NEGOCIO<\/span><\/h2>\n<p><span style=\"color: #003366; font-size: 19px;\">OFRECEMOS ASESOR\u00cdA Y GESTI\u00d3N EN LA COMERCIALIZACI\u00d3N Y ESTRATEGIA DE MARKETING DE SU NEGOCIO, PROPONIENDO SOLUCIONES QUE AHORRAN INVERSI\u00d3N E INCREMENTAN INGRESOS<\/span><\/p>\n\n\t\t<\/div>\n\t<\/div>\n<\/div><\/div><\/div><\/div><\/div><div class=\"vc_row wpb_row vc_row-fluid qodef-section vc_custom_1646848724961 qodef-content-aligment-center\" style=\"\"><div class=\"clearfix qodef-full-section-inner\"><div class=\"wpb_column vc_column_container vc_col-sm-12\"><div class=\"vc_column-inner\"><div class=\"wpb_wrapper\"><div class=\"qodef-elements-holder qodef-two-columns qodef-responsive-mode-768\" ><div class=\"qodef-elements-holder-item\"  style=\"background-color: #ffffff\" data-item-class=\"qodef-elements-holder-custom-392307\">\n    <div class=\"qodef-elements-holder-item-inner\">\n        <div class=\"qodef-elements-holder-item-content qodef-elements-holder-custom-392307\" style=\"padding: 10% 10% 10% 10%\">\n            \n\t<div class=\"wpb_text_column wpb_content_element\" >\n\t\t<div class=\"wpb_wrapper\">\n\t\t\t<h1 style=\"text-align: left;\"><span class=\"fuentecons\" style=\"color: #011936;\">Revenue and Sales<\/span><\/h1>\n<p style=\"text-align: left;\"><span style=\"color: #011936;\">We improve the income and profitability of our clients, applying strategies focused on optimizing results.<\/span><\/p>\n<p style=\"text-align: left;\"><a itemprop=\"url\" href=\"#\" target=\"_self\" style=\"color: #ffffff;background-color: #fa6b1e;border-color: #fa6b1e\" class=\"qodef-btn qodef-btn-medium qodef-btn-outline qodef-btn-custom-hover-bg qodef-btn-custom-border-hover qodef-btn-custom-hover-color\" data-hover-bg-color=\"#011936\" data-hover-color=\"ffffff\" data-hover-border-color=\"#fa6b1e\" >\n    <span class=\"qodef-btn-text\">Leer M\u00e1s<\/span>\n    <span class=\"qodef-btn-icon-normal\"><i class=\"qodef-icon-font-awesome fa\" ><\/i><\/span>\n    <span class=\"qodef-btn-icon-flip\"><i class=\"qodef-icon-font-awesome fa\" ><\/i><\/span>\n    \n    <\/a><\/p>\n\n\t\t<\/div>\n\t<\/div>\n\n\t<div  class=\"wpb_single_image wpb_content_element vc_align_right\">\n\t\t\n\t\t<figure class=\"wpb_wrapper vc_figure\">\n\t\t\t<div class=\"vc_single_image-wrapper   vc_box_border_grey\"><img loading=\"lazy\" decoding=\"async\" width=\"150\" height=\"150\" src=\"https:\/\/www.marketingzentral.com\/wp-content\/uploads\/2022\/03\/Captura-de-pantalla-2022-02-24-043250-150x150.png\" class=\"vc_single_image-img attachment-thumbnail\" alt=\"\" title=\"Captura de pantalla 2022-02-24 043250\" srcset=\"https:\/\/www.marketingzentral.com\/wp-content\/uploads\/2022\/03\/Captura-de-pantalla-2022-02-24-043250-150x150.png 150w, https:\/\/www.marketingzentral.com\/wp-content\/uploads\/2022\/03\/Captura-de-pantalla-2022-02-24-043250-90x90.png 90w, https:\/\/www.marketingzentral.com\/wp-content\/uploads\/2022\/03\/Captura-de-pantalla-2022-02-24-043250-120x120.png 120w\" sizes=\"auto, (max-width: 150px) 100vw, 150px\" \/><\/div>\n\t\t<\/figure>\n\t<\/div>\n        <\/div>\n    <\/div>\n<\/div><div class=\"qodef-elements-holder-item\"   data-item-class=\"qodef-elements-holder-custom-756079\">\n    <div class=\"qodef-elements-holder-item-inner\">\n        <div class=\"qodef-elements-holder-item-content qodef-elements-holder-custom-756079\" style=\"padding: 10% 10% 10% 10%\">\n            \n\t<div class=\"wpb_text_column wpb_content_element\" >\n\t\t<div class=\"wpb_wrapper\">\n\t\t\t<h1 style=\"text-align: left;\"><span style=\"color: #ffffff;\">Public Relations<\/span><\/h1>\n<p style=\"text-align: left;\"><span style=\"color: #ffffff;\">\u00abSolo hay una cosa peor en el mundo que estar en boca de los dem\u00e1s, y es no estar en boca de nadie\u00bb Oscar Wilde<\/span><\/p>\n<p style=\"text-align: left;\"><a itemprop=\"url\" href=\"https:\/\/www.marketingzentral.com\/en\/relaciones-publicas\/\" target=\"_self\" style=\"color: #ffffff;background-color: #fa6b1e;border-color: #fa6b1e\" class=\"qodef-btn qodef-btn-medium qodef-btn-outline qodef-btn-custom-hover-bg qodef-btn-custom-border-hover qodef-btn-custom-hover-color\" data-hover-bg-color=\"#011936\" data-hover-color=\"ffffff\" data-hover-border-color=\"#fa6b1e\" >\n    <span class=\"qodef-btn-text\">Leer M\u00e1s<\/span>\n    <span class=\"qodef-btn-icon-normal\"><i class=\"qodef-icon-font-awesome fa\" ><\/i><\/span>\n    <span class=\"qodef-btn-icon-flip\"><i class=\"qodef-icon-font-awesome fa\" ><\/i><\/span>\n    \n    <\/a><\/p>\n\n\t\t<\/div>\n\t<\/div>\n\n\t<div  class=\"wpb_single_image wpb_content_element vc_align_right\">\n\t\t\n\t\t<figure class=\"wpb_wrapper vc_figure\">\n\t\t\t<div class=\"vc_single_image-wrapper   vc_box_border_grey\"><img loading=\"lazy\" decoding=\"async\" width=\"150\" height=\"150\" src=\"https:\/\/www.marketingzentral.com\/wp-content\/uploads\/2022\/03\/Foto-4-150x150.png\" class=\"vc_single_image-img attachment-thumbnail\" alt=\"\" title=\"Foto 4\" srcset=\"https:\/\/www.marketingzentral.com\/wp-content\/uploads\/2022\/03\/Foto-4-150x150.png 150w, https:\/\/www.marketingzentral.com\/wp-content\/uploads\/2022\/03\/Foto-4-90x90.png 90w, https:\/\/www.marketingzentral.com\/wp-content\/uploads\/2022\/03\/Foto-4-120x120.png 120w\" sizes=\"auto, (max-width: 150px) 100vw, 150px\" \/><\/div>\n\t\t<\/figure>\n\t<\/div>\n        <\/div>\n    <\/div>\n<\/div><\/div><\/div><\/div><\/div><\/div><\/div><div class=\"vc_row wpb_row vc_row-fluid qodef-section vc_custom_1646848736566 qodef-content-aligment-center\" style=\"\"><div class=\"clearfix qodef-full-section-inner\"><div class=\"wpb_column vc_column_container vc_col-sm-12\"><div class=\"vc_column-inner\"><div class=\"wpb_wrapper\"><div class=\"qodef-elements-holder qodef-two-columns qodef-responsive-mode-768\" ><div class=\"qodef-elements-holder-item\"  style=\"background-color: #\" data-item-class=\"qodef-elements-holder-custom-864745\">\n    <div class=\"qodef-elements-holder-item-inner\">\n        <div class=\"qodef-elements-holder-item-content qodef-elements-holder-custom-864745\" style=\"padding: 10% 10% 10% 10%\">\n            \n\t<div class=\"wpb_text_column wpb_content_element\" >\n\t\t<div class=\"wpb_wrapper\">\n\t\t\t<h1 style=\"text-align: left;\"><span style=\"color: #ffffff;\">Auditor\u00eda SEO<\/span><\/h1>\n<p style=\"text-align: left;\"><span style=\"color: #ffffff;\">The hotel website SEO audit (or SEO audit) works by using a checklist to find the issues that are hindering your site's SEO performance. This gives you the opportunity to resolve these issues and improve your hotel's ranking in search results.<\/span><\/p>\n<p style=\"text-align: left;\"><a itemprop=\"url\" href=\"#\" target=\"_self\" style=\"color: #ffffff;background-color: #fa6b1e;border-color: #fa6b1e\" class=\"qodef-btn qodef-btn-medium qodef-btn-outline qodef-btn-custom-hover-bg qodef-btn-custom-border-hover qodef-btn-custom-hover-color\" data-hover-bg-color=\"#011936\" data-hover-color=\"ffffff\" data-hover-border-color=\"#fa6b1e\" >\n    <span class=\"qodef-btn-text\">Leer M\u00e1s<\/span>\n    <span class=\"qodef-btn-icon-normal\"><i class=\"qodef-icon-font-awesome fa\" ><\/i><\/span>\n    <span class=\"qodef-btn-icon-flip\"><i class=\"qodef-icon-font-awesome fa\" ><\/i><\/span>\n    \n    <\/a><\/p>\n\n\t\t<\/div>\n\t<\/div>\n\n\t<div  class=\"wpb_single_image wpb_content_element vc_align_right\">\n\t\t\n\t\t<figure class=\"wpb_wrapper vc_figure\">\n\t\t\t<div class=\"vc_single_image-wrapper   vc_box_border_grey\"><img loading=\"lazy\" decoding=\"async\" width=\"150\" height=\"150\" src=\"https:\/\/www.marketingzentral.com\/wp-content\/uploads\/2022\/03\/Foto-2-1-1-150x150.png\" class=\"vc_single_image-img attachment-thumbnail\" alt=\"\" title=\"Foto 2 (1)\" srcset=\"https:\/\/www.marketingzentral.com\/wp-content\/uploads\/2022\/03\/Foto-2-1-1-150x150.png 150w, https:\/\/www.marketingzentral.com\/wp-content\/uploads\/2022\/03\/Foto-2-1-1-90x90.png 90w, https:\/\/www.marketingzentral.com\/wp-content\/uploads\/2022\/03\/Foto-2-1-1-120x120.png 120w\" sizes=\"auto, (max-width: 150px) 100vw, 150px\" \/><\/div>\n\t\t<\/figure>\n\t<\/div>\n        <\/div>\n    <\/div>\n<\/div><div class=\"qodef-elements-holder-item\"  style=\"background-color: #ffffff\" data-item-class=\"qodef-elements-holder-custom-580156\">\n    <div class=\"qodef-elements-holder-item-inner\">\n        <div class=\"qodef-elements-holder-item-content qodef-elements-holder-custom-580156\" style=\"padding: 10% 10% 10% 10%\">\n            \n\t<div class=\"wpb_text_column wpb_content_element  vc_custom_1647126853477\" >\n\t\t<div class=\"wpb_wrapper\">\n\t\t\t<h1 style=\"text-align: left;\"><span style=\"color: #011936;\">Branding<\/span><\/h1>\n<p style=\"text-align: left;\"><span style=\"color: #011936;\">Branding no tiene que ver con el slogan o el logotipo, tiene que ver con la personalidad de tu marca. (Mirna Bard)<\/span><\/p>\n<p style=\"text-align: left;\"><a itemprop=\"url\" href=\"https:\/\/www.marketingzentral.com\/en\/branding-publicidad\/\" target=\"_self\" style=\"color: #ffffff;background-color: #fa6b1e;border-color: #fa6b1e\" class=\"qodef-btn qodef-btn-medium qodef-btn-outline qodef-btn-custom-hover-bg qodef-btn-custom-border-hover qodef-btn-custom-hover-color\" data-hover-bg-color=\"#011936\" data-hover-color=\"ffffff\" data-hover-border-color=\"#fa6b1e\" >\n    <span class=\"qodef-btn-text\">Leer M\u00e1s<\/span>\n    <span class=\"qodef-btn-icon-normal\"><i class=\"qodef-icon-font-awesome fa\" ><\/i><\/span>\n    <span class=\"qodef-btn-icon-flip\"><i class=\"qodef-icon-font-awesome fa\" ><\/i><\/span>\n    \n    <\/a><\/p>\n\n\t\t<\/div>\n\t<\/div>\n\n\t<div  class=\"wpb_single_image wpb_content_element vc_align_right\">\n\t\t\n\t\t<figure class=\"wpb_wrapper vc_figure\">\n\t\t\t<div class=\"vc_single_image-wrapper   vc_box_border_grey\"><img loading=\"lazy\" decoding=\"async\" width=\"150\" height=\"150\" src=\"https:\/\/www.marketingzentral.com\/wp-content\/uploads\/2022\/03\/cuad-150x150.jpg\" class=\"vc_single_image-img attachment-thumbnail\" alt=\"\" title=\"cuad\" srcset=\"https:\/\/www.marketingzentral.com\/wp-content\/uploads\/2022\/03\/cuad-150x150.jpg 150w, https:\/\/www.marketingzentral.com\/wp-content\/uploads\/2022\/03\/cuad-90x90.jpg 90w, https:\/\/www.marketingzentral.com\/wp-content\/uploads\/2022\/03\/cuad-120x120.jpg 120w\" sizes=\"auto, (max-width: 150px) 100vw, 150px\" \/><\/div>\n\t\t<\/figure>\n\t<\/div>\n        <\/div>\n    <\/div>\n<\/div><\/div><\/div><\/div><\/div><\/div><\/div><div class=\"vc_row wpb_row vc_row-fluid qodef-section vc_custom_1636507016637 qodef-content-aligment-left\" style=\"\"><div class=\"clearfix qodef-full-section-inner\"><div class=\"wpb_column vc_column_container vc_col-sm-12\"><div class=\"vc_column-inner\"><div class=\"wpb_wrapper\">\t<div class=\"qodef-call-to-action normal\">\n\n\t\t\t\t<div class=\"qodef-container-inner\">\n\t\t\t\t\t<div class=\"qodef-call-to-action-row-75-25 clearfix\" style=\"padding: 20px;\">\n\t\t\t\t\t\t<div class=\"qodef-text-wrapper qodef-call-to-action-column1 qodef-call-to-action-cell\">\n\t\t\t\t\t\t\t\t\t<div class=\"qodef-call-to-action-text\" style=\"font-size: 22px;font-weight: 500\"><span style=\"color: #ffffff; font-weight: 200;\">We are ready to meet your needs and answer your concerns<\/span><\/div>\n\t\t\t\t<\/div>\n\n\t\t\t\t\t\t\t\t\t<div class=\"qodef-button-wrapper qodef-call-to-action-column2 qodef-call-to-action-cell\" style =\"text-align: right ;\">\n\t\t\t\t\t\t<a itemprop=\"url\" href=\"https:\/\/www.marketingzentral.com\/en\/contact-marketingzentral-2\/\" target=\"_self\" style=\"color: #24262a;background-color: #ffffff;border-color: #ffffff\" class=\"qodef-btn qodef-btn-medium qodef-btn-solid qodef-btn-custom-hover-bg qodef-btn-custom-border-hover qodef-btn-custom-hover-color qodef-btn-icon\" data-hover-bg-color=\"#ffffff\" data-hover-color=\"#24262a\" data-hover-border-color=\"#ffffff\" >    <span class=\"qodef-btn-text\">More Information<\/span>    <span class=\"qodef-btn-icon-normal\"><i class=\"qodef-icon-font-awesome fa fa-angle-right\" ><\/i><\/span>    <span class=\"qodef-btn-icon-flip\"><i class=\"qodef-icon-font-awesome fa fa-angle-right\" ><\/i><\/span>        <\/a>\t\t\t\t\t<\/div>\n\t\t\t\t\t\t\t<\/div>\n\t\t\t\t<\/div>\n\t\t\t<\/div>\n<\/div><\/div><\/div><\/div><\/div>\n<\/section>","protected":false},"excerpt":{"rendered":"MZCONSULTOR\u00cdA SUS SOCIOS DE NEGOCIO OFRECEMOS ASESOR\u00cdA Y GESTI\u00d3N EN LA COMERCIALIZACI\u00d3N Y ESTRATEGIA DE MARKETING DE SU NEGOCIO, PROPONIENDO SOLUCIONES QUE AHORRAN INVERSI\u00d3N E INCREMENTAN INGRESOS MZCONSULTORIA SUS SOCIOS DE NEGOCIO OFRECEMOS ASESOR\u00cdA Y GESTI\u00d3N EN LA COMERCIALIZACI\u00d3N Y ESTRATEGIA DE MARKETING DE SU...","protected":false},"author":1,"featured_media":0,"parent":0,"menu_order":0,"comment_status":"closed","ping_status":"closed","template":"full-width.php","meta":{"_monsterinsights_skip_tracking":false,"_monsterinsights_sitenote_active":false,"_monsterinsights_sitenote_note":"","_monsterinsights_sitenote_category":0,"_joinchat":[],"footnotes":""},"class_list":["post-5639","page","type-page","status-publish","hentry"],"_links":{"self":[{"href":"https:\/\/www.marketingzentral.com\/en\/wp-json\/wp\/v2\/pages\/5639","targetHints":{"allow":["GET"]}}],"collection":[{"href":"https:\/\/www.marketingzentral.com\/en\/wp-json\/wp\/v2\/pages"}],"about":[{"href":"https:\/\/www.marketingzentral.com\/en\/wp-json\/wp\/v2\/types\/page"}],"author":[{"embeddable":true,"href":"https:\/\/www.marketingzentral.com\/en\/wp-json\/wp\/v2\/users\/1"}],"replies":[{"embeddable":true,"href":"https:\/\/www.marketingzentral.com\/en\/wp-json\/wp\/v2\/comments?post=5639"}],"version-history":[{"count":0,"href":"https:\/\/www.marketingzentral.com\/en\/wp-json\/wp\/v2\/pages\/5639\/revisions"}],"wp:attachment":[{"href":"https:\/\/www.marketingzentral.com\/en\/wp-json\/wp\/v2\/media?parent=5639"}],"curies":[{"name":"wp","href":"https:\/\/api.w.org\/{rel}","templated":true}]}}