{"id":6608,"date":"2021-11-22T14:17:11","date_gmt":"2021-11-22T14:17:11","guid":{"rendered":"https:\/\/www.marketingzentral.com\/?page_id=6608"},"modified":"2024-03-06T23:30:34","modified_gmt":"2024-03-06T23:30:34","slug":"digital","status":"publish","type":"page","link":"https:\/\/www.marketingzentral.com\/en\/digital\/","title":{"rendered":""},"content":{"rendered":"<section class=\"wpb-content-wrapper\"><div class=\"vc_row wpb_row vc_row-fluid qodef-section semmovil vc_custom_1646852892171 qodef-content-aligment-left\" style=\"\"><div class=\"clearfix qodef-full-section-inner\"><div class=\"wpb_column vc_column_container vc_col-sm-12 vc_hidden-xs\"><div class=\"vc_column-inner\"><div class=\"wpb_wrapper\">\n\t<div class=\"wpb_text_column wpb_content_element  vc_custom_1646852550823\" >\n\t\t<div class=\"wpb_wrapper\">\n\t\t\t<h1><span style=\"color: #333333;\">solutions<\/span> <span style=\"color: #ff6600;\">DIGITAL<\/span><\/h1>\n<h2 style=\"font-size: 33px;\">A REAL TOURISM &amp; HOTEL DIGITAL MARKETING AGENCY<\/h2>\n\n\t\t<\/div>\n\t<\/div>\n<\/div><\/div><\/div><\/div><\/div><div class=\"vc_row wpb_row vc_row-fluid qodef-section nomovil vc_custom_1646851637952 qodef-content-aligment-left\" style=\"\"><div class=\"clearfix qodef-full-section-inner\"><div class=\"wpb_column vc_column_container vc_col-sm-12 vc_hidden-lg\"><div class=\"vc_column-inner\"><div class=\"wpb_wrapper\">\n\t<div class=\"wpb_text_column wpb_content_element  vc_custom_1672679989869\" >\n\t\t<div class=\"wpb_wrapper\">\n\t\t\t<h1><span style=\"color: #333333;\">solutions<\/span> <span style=\"color: #ff6600;\">DIGITAL<\/span><\/h1>\n<h2 style=\"font-size: 20px;\">A REAL TOURISM &amp; HOTEL DIGITAL MARKETING AGENCY<\/h2>\n\n\t\t<\/div>\n\t<\/div>\n<\/div><\/div><\/div><\/div><\/div><div class=\"vc_row wpb_row vc_row-fluid qodef-section semmovil vc_custom_1647964836772 qodef-content-aligment-center qodef-grid-section\" style=\"\"><div class=\"clearfix qodef-section-inner\"><div class=\"qodef-section-inner-margin clearfix\"><div class=\"wpb_column vc_column_container vc_col-sm-12 vc_hidden-xs\"><div class=\"vc_column-inner\"><div class=\"wpb_wrapper\">\n\t<div class=\"wpb_text_column wpb_content_element  vc_custom_1646853216506 movildigital\" >\n\t\t<div class=\"wpb_wrapper\">\n\t\t\t<p style=\"color: #ffffff; text-align: left; font-size: 18px;\">Each type of campaign meets a specific acquisition objective, forming an ecosystem that collaborates in the scope and acquisition objective.<\/p>\n<p style=\"color: #ffffff; text-align: left; font-size: 18px;\">Work with our experienced team of digital marketers and strategists to create a solid plan which supports your overall business goals. Our aim is to make your travel company, hotel or resort reach it\u2019s  objectives as well as create strong foundations for long term stability over online travel agencies. <strong>WE KNOW WHAT WORKS!<\/strong><\/p>\n\n\t\t<\/div>\n\t<\/div>\n<\/div><\/div><\/div><\/div><\/div><\/div><div class=\"vc_row wpb_row vc_row-fluid qodef-section nomovil vc_custom_1647964855188 qodef-content-aligment-center qodef-grid-section\" style=\"\"><div class=\"clearfix qodef-section-inner\"><div class=\"qodef-section-inner-margin clearfix\"><div class=\"wpb_column vc_column_container vc_col-sm-12 vc_hidden-lg\"><div class=\"vc_column-inner\"><div class=\"wpb_wrapper\">\n\t<div class=\"wpb_text_column wpb_content_element  vc_custom_1647964875360 movildigital\" >\n\t\t<div class=\"wpb_wrapper\">\n\t\t\t<p style=\"color: #ffffff; text-align: left; font-size: 18px;\">Each type of campaign meets a specific acquisition objective, forming an ecosystem that collaborates in the scope and acquisition objective.<\/p>\n<p style=\"color: #ffffff; text-align: left; font-size: 18px;\">Work with our experienced team of digital marketers and strategists to create a solid plan which supports your overall business goals. Our aim is to make your travel company, hotel or resort reach it\u2019s  objectives as well as create strong foundations for long term stability over online travel agencies. <strong>WE KNOW WHAT WORKS!<\/strong><\/p>\n\n\t\t<\/div>\n\t<\/div>\n<\/div><\/div><\/div><\/div><\/div><\/div><div class=\"vc_row wpb_row vc_row-fluid qodef-section vc_custom_1646321935301 qodef-content-aligment-center qodef-grid-section\" style=\"\"><div class=\"clearfix qodef-section-inner\"><div class=\"qodef-section-inner-margin clearfix\"><div class=\"wpb_column vc_column_container vc_col-sm-12 vc_col-lg-4 vc_col-md-4\"><div class=\"vc_column-inner\"><div class=\"wpb_wrapper\"><div class=\"vc_empty_space\"   style=\"height: 2px\"><span class=\"vc_empty_space_inner\"><\/span><\/div>\n\t<div class=\"wpb_text_column wpb_content_element\" >\n\t\t<div class=\"wpb_wrapper\">\n\t\t\t<h3 style=\"color: #fa6b1e;\"><a href=\"https:\/\/www.marketingzentral.com\/en\/digital\/\">Digital Marketing<\/a><\/h3>\n\n\t\t<\/div>\n\t<\/div>\n<div class=\"vc_empty_space\"   style=\"height: 8px\"><span class=\"vc_empty_space_inner\"><\/span><\/div>\n\t<div  class=\"wpb_single_image wpb_content_element vc_align_center\">\n\t\t\n\t\t<figure class=\"wpb_wrapper vc_figure\">\n\t\t\t<a href=\"https:\/\/www.marketingzentral.com\/en\/digital\/\" target=\"_self\" class=\"vc_single_image-wrapper   vc_box_border_grey\"><img loading=\"lazy\" decoding=\"async\" width=\"150\" height=\"150\" src=\"https:\/\/www.marketingzentral.com\/wp-content\/uploads\/2022\/03\/laptop-150x150.gif\" class=\"vc_single_image-img attachment-thumbnail\" alt=\"\" title=\"laptop\" srcset=\"https:\/\/www.marketingzentral.com\/wp-content\/uploads\/2022\/03\/laptop-150x150.gif 150w, https:\/\/www.marketingzentral.com\/wp-content\/uploads\/2022\/03\/laptop-300x300.gif 300w, https:\/\/www.marketingzentral.com\/wp-content\/uploads\/2022\/03\/laptop-90x90.gif 90w, https:\/\/www.marketingzentral.com\/wp-content\/uploads\/2022\/03\/laptop-120x120.gif 120w, https:\/\/www.marketingzentral.com\/wp-content\/uploads\/2022\/03\/laptop-550x550.gif 550w\" sizes=\"auto, (max-width: 150px) 100vw, 150px\" \/><\/a>\n\t\t<\/figure>\n\t<\/div>\n\n\t<div class=\"wpb_text_column wpb_content_element\" >\n\t\t<div class=\"wpb_wrapper\">\n\t\t\t<p style=\"text-align: left;\">Whether you need SEO, Metasearch, Paid Search, Social Media, Email Marketing, Retargeting, Affiliate or Conversion Optimization tools, we have the right solution.<\/p>\n\n\t\t<\/div>\n\t<\/div>\n<div class=\"vc_empty_space\"   style=\"height: 40px\"><span class=\"vc_empty_space_inner\"><\/span><\/div><\/div><\/div><\/div><div class=\"wpb_column vc_column_container vc_col-sm-12 vc_col-lg-4 vc_col-md-4\"><div class=\"vc_column-inner\"><div class=\"wpb_wrapper\"><div class=\"vc_empty_space\"   style=\"height: 2px\"><span class=\"vc_empty_space_inner\"><\/span><\/div>\n\t<div class=\"wpb_text_column wpb_content_element\" >\n\t\t<div class=\"wpb_wrapper\">\n\t\t\t<h3 style=\"color: #fa6b1e;\"><a href=\"https:\/\/www.marketingzentral.com\/en\/contenidos\/\">Contents<\/a><\/h3>\n\n\t\t<\/div>\n\t<\/div>\n<div class=\"vc_empty_space\"   style=\"height: 8px\"><span class=\"vc_empty_space_inner\"><\/span><\/div>\n\t<div  class=\"wpb_single_image wpb_content_element vc_align_center\">\n\t\t\n\t\t<figure class=\"wpb_wrapper vc_figure\">\n\t\t\t<a href=\"https:\/\/www.marketingzentral.com\/en\/contenidos\/\" target=\"_self\" class=\"vc_single_image-wrapper   vc_box_border_grey\"><img loading=\"lazy\" decoding=\"async\" width=\"150\" height=\"150\" src=\"https:\/\/www.marketingzentral.com\/wp-content\/uploads\/2022\/03\/Captura-de-pantalla-2022-02-24-032732-150x150.png\" class=\"vc_single_image-img attachment-thumbnail\" alt=\"\" title=\"Captura de pantalla 2022-02-24 032732\" srcset=\"https:\/\/www.marketingzentral.com\/wp-content\/uploads\/2022\/03\/Captura-de-pantalla-2022-02-24-032732-150x150.png 150w, https:\/\/www.marketingzentral.com\/wp-content\/uploads\/2022\/03\/Captura-de-pantalla-2022-02-24-032732-300x298.png 300w, https:\/\/www.marketingzentral.com\/wp-content\/uploads\/2022\/03\/Captura-de-pantalla-2022-02-24-032732-90x90.png 90w, https:\/\/www.marketingzentral.com\/wp-content\/uploads\/2022\/03\/Captura-de-pantalla-2022-02-24-032732-120x120.png 120w, https:\/\/www.marketingzentral.com\/wp-content\/uploads\/2022\/03\/Captura-de-pantalla-2022-02-24-032732.png 310w\" sizes=\"auto, (max-width: 150px) 100vw, 150px\" \/><\/a>\n\t\t<\/figure>\n\t<\/div>\n\n\t<div class=\"wpb_text_column wpb_content_element\" >\n\t\t<div class=\"wpb_wrapper\">\n\t\t\t<p style=\"text-align: left;\">Development of articles for blogs and ebooks (destination or cultural guides) as tools of interest, generation of organic traffic and generation of databases for email marketing.<\/p>\n\n\t\t<\/div>\n\t<\/div>\n<div class=\"vc_empty_space\"   style=\"height: 40px\"><span class=\"vc_empty_space_inner\"><\/span><\/div><\/div><\/div><\/div><div class=\"wpb_column vc_column_container vc_col-sm-12 vc_col-lg-4 vc_col-md-4\"><div class=\"vc_column-inner\"><div class=\"wpb_wrapper\"><div class=\"vc_empty_space\"   style=\"height: 2px\"><span class=\"vc_empty_space_inner\"><\/span><\/div>\n\t<div class=\"wpb_text_column wpb_content_element\" >\n\t\t<div class=\"wpb_wrapper\">\n\t\t\t<h3 style=\"color: #fa6b1e;\"><a href=\"https:\/\/www.marketingzentral.com\/en\/inbound-marketing\/\">Inbound Marketing<\/a><\/h3>\n\n\t\t<\/div>\n\t<\/div>\n<div class=\"vc_empty_space\"   style=\"height: 8px\"><span class=\"vc_empty_space_inner\"><\/span><\/div>\n\t<div  class=\"wpb_single_image wpb_content_element vc_align_center\">\n\t\t\n\t\t<figure class=\"wpb_wrapper vc_figure\">\n\t\t\t<a href=\"https:\/\/www.marketingzentral.com\/en\/inbound-marketing\/\" target=\"_self\" class=\"vc_single_image-wrapper   vc_box_border_grey\"><img loading=\"lazy\" decoding=\"async\" width=\"150\" height=\"150\" src=\"https:\/\/www.marketingzentral.com\/wp-content\/uploads\/2022\/03\/share-150x150.gif\" class=\"vc_single_image-img attachment-thumbnail\" alt=\"\" title=\"share\" srcset=\"https:\/\/www.marketingzentral.com\/wp-content\/uploads\/2022\/03\/share-150x150.gif 150w, https:\/\/www.marketingzentral.com\/wp-content\/uploads\/2022\/03\/share-300x300.gif 300w, https:\/\/www.marketingzentral.com\/wp-content\/uploads\/2022\/03\/share-90x90.gif 90w, https:\/\/www.marketingzentral.com\/wp-content\/uploads\/2022\/03\/share-120x120.gif 120w, https:\/\/www.marketingzentral.com\/wp-content\/uploads\/2022\/03\/share-550x550.gif 550w\" sizes=\"auto, (max-width: 150px) 100vw, 150px\" \/><\/a>\n\t\t<\/figure>\n\t<\/div>\n\n\t<div class=\"wpb_text_column wpb_content_element\" >\n\t\t<div class=\"wpb_wrapper\">\n\t\t\t<p style=\"text-align: left;\"><span style=\"color: #545454;\">Magnets for leads and social media posts; Building trust with potential customers by giving them something they value.<\/span><\/p>\n\n\t\t<\/div>\n\t<\/div>\n<div class=\"vc_empty_space\"   style=\"height: 20px\"><span class=\"vc_empty_space_inner\"><\/span><\/div><\/div><\/div><\/div><\/div><\/div><\/div><div class=\"vc_row wpb_row vc_row-fluid qodef-section vc_custom_1646324310132 qodef-content-aligment-center qodef-grid-section\" style=\"\"><div class=\"clearfix qodef-section-inner\"><div class=\"qodef-section-inner-margin clearfix\"><div class=\"wpb_column vc_column_container vc_col-sm-12 vc_col-lg-4 vc_col-md-4\"><div class=\"vc_column-inner\"><div class=\"wpb_wrapper\"><div class=\"vc_empty_space\"   style=\"height: 2px\"><span class=\"vc_empty_space_inner\"><\/span><\/div>\n\t<div class=\"wpb_text_column wpb_content_element\" >\n\t\t<div class=\"wpb_wrapper\">\n\t\t\t<h3 style=\"color: #fa6b1e;\"><a href=\"https:\/\/www.marketingzentral.com\/en\/multimedia\/\">Multimedia<\/a><\/h3>\n\n\t\t<\/div>\n\t<\/div>\n<div class=\"vc_empty_space\"   style=\"height: 8px\"><span class=\"vc_empty_space_inner\"><\/span><\/div>\n\t<div  class=\"wpb_single_image wpb_content_element vc_align_center\">\n\t\t\n\t\t<figure class=\"wpb_wrapper vc_figure\">\n\t\t\t<a href=\"https:\/\/www.marketingzentral.com\/en\/multimedia\/\" target=\"_self\" class=\"vc_single_image-wrapper   vc_box_border_grey\"><img loading=\"lazy\" decoding=\"async\" width=\"150\" height=\"150\" src=\"https:\/\/www.marketingzentral.com\/wp-content\/uploads\/2022\/03\/video-150x150.gif\" class=\"vc_single_image-img attachment-thumbnail\" alt=\"\" title=\"video\" srcset=\"https:\/\/www.marketingzentral.com\/wp-content\/uploads\/2022\/03\/video-150x150.gif 150w, https:\/\/www.marketingzentral.com\/wp-content\/uploads\/2022\/03\/video-300x300.gif 300w, https:\/\/www.marketingzentral.com\/wp-content\/uploads\/2022\/03\/video-90x90.gif 90w, https:\/\/www.marketingzentral.com\/wp-content\/uploads\/2022\/03\/video-120x120.gif 120w, https:\/\/www.marketingzentral.com\/wp-content\/uploads\/2022\/03\/video-550x550.gif 550w\" sizes=\"auto, (max-width: 150px) 100vw, 150px\" \/><\/a>\n\t\t<\/figure>\n\t<\/div>\n\n\t<div class=\"wpb_text_column wpb_content_element\" >\n\t\t<div class=\"wpb_wrapper\">\n\t\t\t<p style=\"text-align: left;\"><span style=\"color: #545454;\">Our specialization in the sector perfectly understands the needs of a client who sells experiences and highlights the differential values \u200b\u200bof the service, the product and the environment.<\/span><\/p>\n\n\t\t<\/div>\n\t<\/div>\n<div class=\"vc_empty_space\"   style=\"height: 40px\"><span class=\"vc_empty_space_inner\"><\/span><\/div><\/div><\/div><\/div><div class=\"wpb_column vc_column_container vc_col-sm-12 vc_col-lg-4 vc_col-md-4\"><div class=\"vc_column-inner\"><div class=\"wpb_wrapper\"><div class=\"vc_empty_space\"   style=\"height: 2px\"><span class=\"vc_empty_space_inner\"><\/span><\/div>\n\t<div class=\"wpb_text_column wpb_content_element\" >\n\t\t<div class=\"wpb_wrapper\">\n\t\t\t<h3 style=\"color: #fa6b1e;\"><a href=\"https:\/\/www.marketingzentral.com\/en\/social-media\/\">Social Media<\/a><\/h3>\n\n\t\t<\/div>\n\t<\/div>\n<div class=\"vc_empty_space\"   style=\"height: 8px\"><span class=\"vc_empty_space_inner\"><\/span><\/div>\n\t<div  class=\"wpb_single_image wpb_content_element vc_align_center\">\n\t\t\n\t\t<figure class=\"wpb_wrapper vc_figure\">\n\t\t\t<a href=\"https:\/\/www.marketingzentral.com\/en\/social-media\/\" target=\"_self\" class=\"vc_single_image-wrapper   vc_box_border_grey\"><img loading=\"lazy\" decoding=\"async\" width=\"150\" height=\"150\" src=\"https:\/\/www.marketingzentral.com\/wp-content\/uploads\/2022\/03\/around-the-world-150x150.gif\" class=\"vc_single_image-img attachment-thumbnail\" alt=\"\" title=\"around-the-world\" srcset=\"https:\/\/www.marketingzentral.com\/wp-content\/uploads\/2022\/03\/around-the-world-150x150.gif 150w, https:\/\/www.marketingzentral.com\/wp-content\/uploads\/2022\/03\/around-the-world-300x300.gif 300w, https:\/\/www.marketingzentral.com\/wp-content\/uploads\/2022\/03\/around-the-world-90x90.gif 90w, https:\/\/www.marketingzentral.com\/wp-content\/uploads\/2022\/03\/around-the-world-120x120.gif 120w, https:\/\/www.marketingzentral.com\/wp-content\/uploads\/2022\/03\/around-the-world-550x550.gif 550w\" sizes=\"auto, (max-width: 150px) 100vw, 150px\" \/><\/a>\n\t\t<\/figure>\n\t<\/div>\n\n\t<div class=\"wpb_text_column wpb_content_element\" >\n\t\t<div class=\"wpb_wrapper\">\n\t\t\t<p style=\"text-align: left;\"><span style=\"color: #545454;\">We develop social channels by maintaining a constant conversation with your customers that breathes your brand image, fostering interaction (engagement) and exponentially increasing positivity.<\/span><\/p>\n\n\t\t<\/div>\n\t<\/div>\n<div class=\"vc_empty_space\"   style=\"height: 40px\"><span class=\"vc_empty_space_inner\"><\/span><\/div><\/div><\/div><\/div><div class=\"wpb_column vc_column_container vc_col-sm-12 vc_col-lg-4 vc_col-md-4\"><div class=\"vc_column-inner\"><div class=\"wpb_wrapper\"><div class=\"vc_empty_space\"   style=\"height: 2px\"><span class=\"vc_empty_space_inner\"><\/span><\/div>\n\t<div class=\"wpb_text_column wpb_content_element\" >\n\t\t<div class=\"wpb_wrapper\">\n\t\t\t<h3 style=\"color: #fa6b1e;\"><a href=\"https:\/\/www.marketingzentral.com\/en\/web-3\/\">Web<\/a><\/h3>\n\n\t\t<\/div>\n\t<\/div>\n<div class=\"vc_empty_space\"   style=\"height: 8px\"><span class=\"vc_empty_space_inner\"><\/span><\/div>\n\t<div  class=\"wpb_single_image wpb_content_element vc_align_center\">\n\t\t\n\t\t<figure class=\"wpb_wrapper vc_figure\">\n\t\t\t<a href=\"https:\/\/www.marketingzentral.com\/en\/web-3\/\" target=\"_self\" class=\"vc_single_image-wrapper   vc_box_border_grey\"><img loading=\"lazy\" decoding=\"async\" width=\"150\" height=\"150\" src=\"https:\/\/www.marketingzentral.com\/wp-content\/uploads\/2022\/03\/wifi-signal-150x150.png\" class=\"vc_single_image-img attachment-thumbnail\" alt=\"\" title=\"wifi-signal\" srcset=\"https:\/\/www.marketingzentral.com\/wp-content\/uploads\/2022\/03\/wifi-signal-150x150.png 150w, https:\/\/www.marketingzentral.com\/wp-content\/uploads\/2022\/03\/wifi-signal-300x300.png 300w, https:\/\/www.marketingzentral.com\/wp-content\/uploads\/2022\/03\/wifi-signal-90x90.png 90w, https:\/\/www.marketingzentral.com\/wp-content\/uploads\/2022\/03\/wifi-signal-120x120.png 120w, https:\/\/www.marketingzentral.com\/wp-content\/uploads\/2022\/03\/wifi-signal.png 512w\" sizes=\"auto, (max-width: 150px) 100vw, 150px\" \/><\/a>\n\t\t<\/figure>\n\t<\/div>\n\n\t<div class=\"wpb_text_column wpb_content_element\" >\n\t\t<div class=\"wpb_wrapper\">\n\t\t\t<p style=\"text-align: left;\"><span style=\"color: #545454;\">We work with our clients to ensure that the new website is producing the expected results. We offer comprehensive support as part of our services to support your business goals.<\/span><\/p>\n\n\t\t<\/div>\n\t<\/div>\n<\/div><\/div><\/div><\/div><\/div><\/div><div class=\"vc_row wpb_row vc_row-fluid qodef-section vc_custom_1646853817502 qodef-content-aligment-left\" style=\"\"><div class=\"clearfix qodef-full-section-inner\"><div class=\"wpb_column vc_column_container vc_col-sm-6 vc_col-has-fill\"><div class=\"vc_column-inner vc_custom_1646854034460\"><div class=\"wpb_wrapper\">\n\t<div class=\"wpb_text_column wpb_content_element  vc_custom_1646324705918\" >\n\t\t<div class=\"wpb_wrapper\">\n\t\t\t<h1><span style=\"color: #ffffff;\">A UNIQUE PROVIDER<\/span><\/h1>\n<p style=\"text-align: left; color: #fff;\">Whether you need SEO, Metasearch, Paid Search, Social Media, Email Marketing, Retargeting, Affiliate or Conversion Optimization tools, we have the right solution.<\/p>\n<p style=\"text-align: left; color: #fff;\">The website is just the beginning. In order to reach online travelers  it is necessary a strategic digital marketing plan to\u00a0achieve the highest return for your marketing investment, determining the right share, the right messaging, the right investment, and the right timing of your paid search campaigns.\u00a0<\/p>\n<p style=\"text-align: left; color: #fff;\">We develop strategies  aligned with your property's goals and generate results. Our specialists consider the hospitality marketplace, competitors, and seasonality  to ensure maximum ROI.<\/p>\n\n\t\t<\/div>\n\t<\/div>\n<\/div><\/div><\/div><div class=\"wpb_column vc_column_container vc_col-sm-6\"><div class=\"vc_column-inner\"><div class=\"wpb_wrapper\">\n\t<div class=\"wpb_text_column wpb_content_element  vc_custom_1653140476497\" >\n\t\t<div class=\"wpb_wrapper\">\n\t\t\t<h1><span style=\"color: #ffffff;\">DETAILED INFORMATION<\/span><\/h1>\n<p style=\"text-align: left; color: #fff;\">Our constant communication and monthly reports provide in-depth information.<\/p>\n<p style=\"text-align: left; color: #fff;\">Monthly reports that provide unique information on the performance of your investment.<\/p>\n<p style=\"text-align: left; color: #fff;\">Your dedicated media campaign manager will recommend a strategy for the next few months based on a detailed analysis of your campaign performance to date.<\/p>\n\n\t\t<\/div>\n\t<\/div>\n<\/div><\/div><\/div><\/div><\/div><div class=\"vc_row wpb_row vc_row-fluid qodef-section vc_custom_1636507016637 qodef-content-aligment-left\" style=\"\"><div class=\"clearfix qodef-full-section-inner\"><div class=\"wpb_column vc_column_container vc_col-sm-12\"><div class=\"vc_column-inner\"><div class=\"wpb_wrapper\">\t<div class=\"qodef-call-to-action normal\">\n\n\t\t\t\t<div class=\"qodef-container-inner\">\n\t\t\t\t\t<div class=\"qodef-call-to-action-row-75-25 clearfix\" style=\"padding: 20px;\">\n\t\t\t\t\t\t<div class=\"qodef-text-wrapper qodef-call-to-action-column1 qodef-call-to-action-cell\">\n\t\t\t\t\t\t\t\t\t<div class=\"qodef-call-to-action-text\" style=\"font-size: 22px;font-weight: 500\"><span style=\"color: #ffffff; font-weight: 300;\">We are ready to meet your needs and answer your concerns<\/span><\/div>\n\t\t\t\t<\/div>\n\n\t\t\t\t\t\t\t\t\t<div class=\"qodef-button-wrapper qodef-call-to-action-column2 qodef-call-to-action-cell\" style =\"text-align: right ;\">\n\t\t\t\t\t\t<a itemprop=\"url\" href=\"https:\/\/www.marketingzentral.com\/en\/contact-marketingzentral-2\/\" target=\"_self\" style=\"color: #24262a;background-color: #ffffff;border-color: #ffffff\" class=\"qodef-btn qodef-btn-medium qodef-btn-solid qodef-btn-custom-hover-bg qodef-btn-custom-border-hover qodef-btn-custom-hover-color qodef-btn-icon\" data-hover-bg-color=\"#ffffff\" data-hover-color=\"#24262a\" data-hover-border-color=\"#ffffff\" >    <span class=\"qodef-btn-text\">More Information<\/span>    <span class=\"qodef-btn-icon-normal\"><i class=\"qodef-icon-font-awesome fa fa-angle-right\" ><\/i><\/span>    <span class=\"qodef-btn-icon-flip\"><i class=\"qodef-icon-font-awesome fa fa-angle-right\" ><\/i><\/span>        <\/a>\t\t\t\t\t<\/div>\n\t\t\t\t\t\t\t<\/div>\n\t\t\t\t<\/div>\n\t\t\t<\/div>\n<\/div><\/div><\/div><\/div><\/div>\n<\/section>","protected":false},"excerpt":{"rendered":"MZ DIGITAL ESPECIALISTAS EN MARKETING DIGITAL TUR\u00cdSTICO Y HOTELERO MZ DIGITAL ESPECIALISTAS EN MARKETING DIGITAL TUR\u00cdSTICO Y HOTELERO Cada tipo de campa\u00f1a cumple un objetivo espec\u00edfico de captaci\u00f3n, formando un ecosistema que colabora en el objetivo de alcance y adquisici\u00f3n Trabaje con nuestro experimentado equipo...","protected":false},"author":1,"featured_media":0,"parent":0,"menu_order":0,"comment_status":"closed","ping_status":"closed","template":"full-width.php","meta":{"_monsterinsights_skip_tracking":false,"_monsterinsights_sitenote_active":false,"_monsterinsights_sitenote_note":"","_monsterinsights_sitenote_category":0,"_joinchat":[],"footnotes":""},"class_list":["post-6608","page","type-page","status-publish","hentry"],"_links":{"self":[{"href":"https:\/\/www.marketingzentral.com\/en\/wp-json\/wp\/v2\/pages\/6608","targetHints":{"allow":["GET"]}}],"collection":[{"href":"https:\/\/www.marketingzentral.com\/en\/wp-json\/wp\/v2\/pages"}],"about":[{"href":"https:\/\/www.marketingzentral.com\/en\/wp-json\/wp\/v2\/types\/page"}],"author":[{"embeddable":true,"href":"https:\/\/www.marketingzentral.com\/en\/wp-json\/wp\/v2\/users\/1"}],"replies":[{"embeddable":true,"href":"https:\/\/www.marketingzentral.com\/en\/wp-json\/wp\/v2\/comments?post=6608"}],"version-history":[{"count":0,"href":"https:\/\/www.marketingzentral.com\/en\/wp-json\/wp\/v2\/pages\/6608\/revisions"}],"wp:attachment":[{"href":"https:\/\/www.marketingzentral.com\/en\/wp-json\/wp\/v2\/media?parent=6608"}],"curies":[{"name":"wp","href":"https:\/\/api.w.org\/{rel}","templated":true}]}}