{"id":6663,"date":"2021-11-22T14:31:40","date_gmt":"2021-11-22T14:31:40","guid":{"rendered":"https:\/\/www.marketingzentral.com\/?page_id=6663"},"modified":"2024-03-06T23:30:34","modified_gmt":"2024-03-06T23:30:34","slug":"contenidos","status":"publish","type":"page","link":"https:\/\/www.marketingzentral.com\/en\/contenidos\/","title":{"rendered":""},"content":{"rendered":"<section class=\"wpb-content-wrapper\"><div class=\"vc_row wpb_row vc_row-fluid qodef-section vc_custom_1646941651157 qodef-content-aligment-left\" style=\"\"><div class=\"clearfix qodef-full-section-inner\"><div class=\"wpb_column vc_column_container vc_col-sm-8\"><div class=\"vc_column-inner\"><div class=\"wpb_wrapper\"><\/div><\/div><\/div><div class=\"wpb_column vc_column_container vc_col-sm-4\"><div class=\"vc_column-inner\"><div class=\"wpb_wrapper\">\n\t<div class=\"wpb_text_column wpb_content_element  vc_custom_1646942032694\" >\n\t\t<div class=\"wpb_wrapper\">\n\t\t\t<h1 style=\"text-align: left;\"><span style=\"color: #ff6600; font-weight: 800; font-size: 33px;\">CONTENTS<\/span><\/h1>\n<p style=\"text-align: left;\"><span style=\"color: #ffffff; font-size: 20px;\">Development of articles for blogs and ebooks (destination or cultural guides) as tools of interest, generation of organic traffic and generation of databases for email marketing.<\/span><\/p>\n\n\t\t<\/div>\n\t<\/div>\n<\/div><\/div><\/div><\/div><\/div><div class=\"vc_row wpb_row vc_row-fluid qodef-section semmovil vc_custom_1646942796715 qodef-content-aligment-left\" style=\"\"><div class=\"clearfix qodef-full-section-inner\"><div class=\"wpb_column vc_column_container vc_col-sm-12 vc_hidden-xs\"><div class=\"vc_column-inner\"><div class=\"wpb_wrapper\">\n\t<div class=\"wpb_text_column wpb_content_element  vc_custom_1646972083911\" >\n\t\t<div class=\"wpb_wrapper\">\n\t\t\t<h1 style=\"text-align: left;\"><span style=\"color: #ff6600; font-weight: 200; font-size: 52px; line-height: 82px;\">Strategy<\/span><\/h1>\n<p style=\"text-align: left;\"><span style=\"color: #ffffff; font-size: 19px;\">A content strategy is a long-term action plan that key stakeholders in your business subscribe to. It is designed to help you achieve your marketing goals. If you try to \"make content\" without one, there will be costly blood and mistakes.<\/span>.<\/p>\n<p style=\"text-align: left; font-size: 19px;\"><span style=\"color: #ffffff;\">Discovery and knowledge<\/span><br \/>\n<span style=\"color: #ffffff; font-size: 19px;\">Content and process audit<\/span><br \/>\n<span style=\"color: #ffffff; font-size: 19px;\">Content strategy<\/span><br \/>\n<span style=\"color: #ffffff; font-size: 19px;\">Voice tone<\/span><br \/>\n<span style=\"color: #ffffff; font-size: 19px;\">KPI definition<\/span><\/p>\n<h1 style=\"text-align: left;\"><span style=\"color: #ff6600; font-weight: 200; font-size: 52px; line-height: 82px;\">Data and intelligence<\/span><\/h1>\n<p style=\"text-align: left;\"><span style=\"color: #ffffff; font-size: 19px;\">Use data to understand the context and sentiment of digital consumption and conversation in order to deliver relevant and personalized content that helps a brand meet the needs and wants of real people in real situations.<\/span><\/p>\n<p style=\"text-align: left;\"><span style=\"color: #ffffff; font-size: 19px;\">Social listening<\/span><br \/>\n<span style=\"color: #ffffff; font-size: 19px;\">KPI monitoring<\/span><br \/>\n<span style=\"color: #ffffff; font-size: 19px;\">Measuringg<\/span><br \/>\n<span style=\"color: #ffffff; font-size: 19px;\">Conversion optimization tools<\/span><\/p>\n\n\t\t<\/div>\n\t<\/div>\n<\/div><\/div><\/div><\/div><\/div><div class=\"vc_row wpb_row vc_row-fluid qodef-section nomovil vc_custom_1646943139284 qodef-content-aligment-left\" style=\"\"><div class=\"clearfix qodef-full-section-inner\"><div class=\"wpb_column vc_column_container vc_col-sm-12\"><div class=\"vc_column-inner\"><div class=\"wpb_wrapper\">\n\t<div class=\"wpb_text_column wpb_content_element  vc_custom_1646942889423\" >\n\t\t<div class=\"wpb_wrapper\">\n\t\t\t<h1 style=\"text-align: left;\"><span style=\"color: #ff6600; font-weight: 200; font-size: 52px; line-height: 82px;\">Strategy<\/span><\/h1>\n<p style=\"text-align: left;\"><span style=\"color: #ffffff; font-size: 19px;\">A content strategy is a long-term action plan that key stakeholders in your business subscribe to. It is designed to help you achieve your marketing goals. If you try to \"make content\" without one, there will be costly blood and mistakes.<\/span>.<\/p>\n<p style=\"text-align: left; font-size: 19px;\"><span style=\"color: #ffffff;\">Discovery and knowledge<\/span><br \/>\n<span style=\"color: #ffffff; font-size: 19px;\">Content and process audit<\/span><br \/>\n<span style=\"color: #ffffff; font-size: 19px;\">Content strategy<\/span><br \/>\n<span style=\"color: #ffffff; font-size: 19px;\">Voice tone<\/span><br \/>\n<span style=\"color: #ffffff; font-size: 19px;\">KPI definition<\/span><\/p>\n<h1 style=\"text-align: left;\"><span style=\"color: #ff6600; font-weight: 200; font-size: 52px; line-height: 82px;\">Data and intelligence<\/span><\/h1>\n<p style=\"text-align: left;\"><span style=\"color: #ffffff; font-size: 19px;\">Use data to understand the context and sentiment of digital consumption and conversation in order to deliver relevant and personalized content that helps a brand meet the needs and wants of real people in real situations.<\/span><\/p>\n<p style=\"text-align: left;\"><span style=\"color: #ffffff; font-size: 19px;\">Social listening<\/span><br \/>\n<span style=\"color: #ffffff; font-size: 19px;\">KPI monitoring<\/span><br \/>\n<span style=\"color: #ffffff; font-size: 19px;\">Measuringg<\/span><br \/>\n<span style=\"color: #ffffff; font-size: 19px;\">Conversion optimization tools<\/span><\/p>\n\n\t\t<\/div>\n\t<\/div>\n<\/div><\/div><\/div><\/div><\/div><div class=\"vc_row wpb_row vc_row-fluid qodef-section vc_custom_1646944211483 qodef-content-aligment-left qodef-grid-section\" style=\"\"><div class=\"clearfix qodef-section-inner\"><div class=\"qodef-section-inner-margin clearfix\"><div class=\"wpb_column vc_column_container vc_col-sm-12\"><div class=\"vc_column-inner\"><div class=\"wpb_wrapper\"><div class=\"qodef-elements-holder qodef-two-columns qodef-responsive-mode-768\" ><div class=\"qodef-elements-holder-item\"   data-item-class=\"qodef-elements-holder-custom-971771\">\n    <div class=\"qodef-elements-holder-item-inner\">\n        <div class=\"qodef-elements-holder-item-content qodef-elements-holder-custom-971771\" >\n            \n\t<div class=\"wpb_text_column wpb_content_element  vc_custom_1646944222984\" >\n\t\t<div class=\"wpb_wrapper\">\n\t\t\t<p style=\"text-align: left; font-size: 19px;\"><span style=\"color: #003366;\">Our in-house team of editors manages a global network of award-winning writers, from top journalists to niche influencers. We help brands choose the perfect content creation team.<\/span><\/p>\n<p style=\"text-align: left;\"><span style=\"color: #003366; font-size: 19px;\">Copy editing<\/span><br \/>\n<span style=\"color: #003366; font-size: 19px;\">Digital and print creativity<span style=\"color: #003366;\"><br \/>\n<span style=\"color: #003366; font-size: 19px;\">Movies and photography<span style=\"color: #003366;\"><br \/>\n<span style=\"color: #003366; font-size: 19px;\">infographics<span style=\"color: #003366;\"><br \/>\nC<span style=\"color: #003366; font-size: 19px;\">Social creative<\/span><\/span><\/span><\/span><\/span><\/span><\/span><\/p>\n<p style=\"text-align: left; font-size: 19px;\"><span style=\"color: #003366;\">Our paid search specialists continually optimize your campaigns looking for the best performance making certain you are getting the most and the best \"click\" for your dollars.<\/span><\/p>\n\n\t\t<\/div>\n\t<\/div>\n        <\/div>\n    <\/div>\n<\/div><div class=\"qodef-elements-holder-item\"   data-item-class=\"qodef-elements-holder-custom-658309\">\n    <div class=\"qodef-elements-holder-item-inner\">\n        <div class=\"qodef-elements-holder-item-content qodef-elements-holder-custom-658309\" >\n            \n\t<div class=\"wpb_text_column wpb_content_element\" >\n\t\t<div class=\"wpb_wrapper\">\n\t\t\t<h1 style=\"text-align: left;\"><span style=\"color: #003366;\">What content is relevant?<\/span><\/h1>\n\n\t\t<\/div>\n\t<\/div>\n<div class=\"qodef-accordion-holder clearfix qodef-accordion qodef-initial qodef-accordion-standard\" >\n    <h6 class=\"clearfix qodef-title-holder\">\n<span class=\"qodef-tab-title\">\n\t\t<span class=\"qodef-tab-title-inner\">\n\t\t\tContent that tells stories\t\t<\/span>\n\t<\/span>\n<span class=\"qodef-accordion-mark\">\n\t\t<span class=\"qodef-accordion-mark-icon\">\n\t\t\t<span class=\"qodef-accordion-plus\"><i class=\"fa fa-plus-circle\" aria-hidden=\"true\"><\/i><\/span>\n\t\t\t<span class=\"qodef-accordion-minus\"><i class=\"fa fa-minus-circle\" aria-hidden=\"true\"><\/i><\/span>\n\t\t<\/span>\n\t<\/span>\n<\/h6>\n<div class=\"qodef-accordion-content\">\n    <div class=\"qodef-accordion-content-inner\">\n        \n\t<div class=\"wpb_text_column wpb_content_element\" >\n\t\t<div class=\"wpb_wrapper\">\n\t\t\t<p>Both related to what is narrated in blogs, and stories that happen in spaces (Hotels, common areas, restaurants, etc.). In both are places where moments of fun, illusion, love, happiness are lived. You have to share and promote them.<\/p>\n\n\t\t<\/div>\n\t<\/div>\n    <\/div>\n<\/div><h6 class=\"clearfix qodef-title-holder\">\n<span class=\"qodef-tab-title\">\n\t\t<span class=\"qodef-tab-title-inner\">\n\t\t\tContent that shows people\t\t<\/span>\n\t<\/span>\n<span class=\"qodef-accordion-mark\">\n\t\t<span class=\"qodef-accordion-mark-icon\">\n\t\t\t<span class=\"qodef-accordion-plus\"><i class=\"fa fa-plus-circle\" aria-hidden=\"true\"><\/i><\/span>\n\t\t\t<span class=\"qodef-accordion-minus\"><i class=\"fa fa-minus-circle\" aria-hidden=\"true\"><\/i><\/span>\n\t\t<\/span>\n\t<\/span>\n<\/h6>\n<div class=\"qodef-accordion-content\">\n    <div class=\"qodef-accordion-content-inner\">\n        \n\t<div class=\"wpb_text_column wpb_content_element\" >\n\t\t<div class=\"wpb_wrapper\">\n\t\t\t<p>Humanize the content by prioritizing photographs with people over photographs of empty spaces or objects.<\/p>\n\n\t\t<\/div>\n\t<\/div>\n    <\/div>\n<\/div><h6 class=\"clearfix qodef-title-holder\">\n<span class=\"qodef-tab-title\">\n\t\t<span class=\"qodef-tab-title-inner\">\n\t\t\tContent that sparks conversations.\t\t<\/span>\n\t<\/span>\n<span class=\"qodef-accordion-mark\">\n\t\t<span class=\"qodef-accordion-mark-icon\">\n\t\t\t<span class=\"qodef-accordion-plus\"><i class=\"fa fa-plus-circle\" aria-hidden=\"true\"><\/i><\/span>\n\t\t\t<span class=\"qodef-accordion-minus\"><i class=\"fa fa-minus-circle\" aria-hidden=\"true\"><\/i><\/span>\n\t\t<\/span>\n\t<\/span>\n<\/h6>\n<div class=\"qodef-accordion-content\">\n    <div class=\"qodef-accordion-content-inner\">\n        \n\t<div class=\"wpb_text_column wpb_content_element\" >\n\t\t<div class=\"wpb_wrapper\">\n\t\t\t<p>The message must have a purpose and motivate action, from a like or a comment, to a reservation or recommendation.<\/p>\n\n\t\t<\/div>\n\t<\/div>\n    <\/div>\n<\/div><h6 class=\"clearfix qodef-title-holder\">\n<span class=\"qodef-tab-title\">\n\t\t<span class=\"qodef-tab-title-inner\">\n\t\t\tVisual Content\t\t<\/span>\n\t<\/span>\n<span class=\"qodef-accordion-mark\">\n\t\t<span class=\"qodef-accordion-mark-icon\">\n\t\t\t<span class=\"qodef-accordion-plus\"><i class=\"fa fa-plus-circle\" aria-hidden=\"true\"><\/i><\/span>\n\t\t\t<span class=\"qodef-accordion-minus\"><i class=\"fa fa-minus-circle\" aria-hidden=\"true\"><\/i><\/span>\n\t\t<\/span>\n\t<\/span>\n<\/h6>\n<div class=\"qodef-accordion-content\">\n    <div class=\"qodef-accordion-content-inner\">\n        \n\t<div class=\"wpb_text_column wpb_content_element\" >\n\t\t<div class=\"wpb_wrapper\">\n\t\t\t<p>The message must have a purpose and motivate action, from a like or a comment, to a reservation or recommendation.<\/p>\n\n\t\t<\/div>\n\t<\/div>\n    <\/div>\n<\/div><h6 class=\"clearfix qodef-title-holder\">\n<span class=\"qodef-tab-title\">\n\t\t<span class=\"qodef-tab-title-inner\">\n\t\t\tEffective content\t\t<\/span>\n\t<\/span>\n<span class=\"qodef-accordion-mark\">\n\t\t<span class=\"qodef-accordion-mark-icon\">\n\t\t\t<span class=\"qodef-accordion-plus\"><i class=\"fa fa-plus-circle\" aria-hidden=\"true\"><\/i><\/span>\n\t\t\t<span class=\"qodef-accordion-minus\"><i class=\"fa fa-minus-circle\" aria-hidden=\"true\"><\/i><\/span>\n\t\t<\/span>\n\t<\/span>\n<\/h6>\n<div class=\"qodef-accordion-content\">\n    <div class=\"qodef-accordion-content-inner\">\n        \n\t<div class=\"wpb_text_column wpb_content_element\" >\n\t\t<div class=\"wpb_wrapper\">\n\t\t\t<p>Simple construction without falling into a cold simplicity that does not convey emotion.<\/p>\n\n\t\t<\/div>\n\t<\/div>\n    <\/div>\n<\/div><\/div>        <\/div>\n    <\/div>\n<\/div><\/div><\/div><\/div><\/div><\/div><\/div><\/div><div class=\"vc_row wpb_row vc_row-fluid qodef-section vc_custom_1636507016637 qodef-content-aligment-left\" style=\"\"><div class=\"clearfix qodef-full-section-inner\"><div class=\"wpb_column vc_column_container vc_col-sm-12\"><div class=\"vc_column-inner\"><div class=\"wpb_wrapper\">\t<div class=\"qodef-call-to-action normal\">\n\n\t\t\t\t<div class=\"qodef-container-inner\">\n\t\t\t\t\t<div class=\"qodef-call-to-action-row-75-25 clearfix\" style=\"padding: 20px;\">\n\t\t\t\t\t\t<div class=\"qodef-text-wrapper qodef-call-to-action-column1 qodef-call-to-action-cell\">\n\t\t\t\t\t\t\t\t\t<div class=\"qodef-call-to-action-text\" style=\"font-size: 22px;font-weight: 500\"><span style=\"color: #ffffff; font-weight: 200;\">estamos listos para atender a sus necesidades y responder sus inquietudes<\/span><\/div>\n\t\t\t\t<\/div>\n\n\t\t\t\t\t\t\t\t\t<div class=\"qodef-button-wrapper qodef-call-to-action-column2 qodef-call-to-action-cell\" style =\"text-align: right ;\">\n\t\t\t\t\t\t<a itemprop=\"url\" href=\"#\" target=\"_self\" style=\"color: #24262a;background-color: #ffffff;border-color: #ffffff\" class=\"qodef-btn qodef-btn-medium qodef-btn-solid qodef-btn-custom-hover-bg qodef-btn-custom-border-hover qodef-btn-custom-hover-color qodef-btn-icon\" data-hover-bg-color=\"#ffffff\" data-hover-color=\"#24262a\" data-hover-border-color=\"#ffffff\" >    <span class=\"qodef-btn-text\">More Information<\/span>    <span class=\"qodef-btn-icon-normal\"><i class=\"qodef-icon-font-awesome fa fa-angle-right\" ><\/i><\/span>    <span class=\"qodef-btn-icon-flip\"><i class=\"qodef-icon-font-awesome fa fa-angle-right\" ><\/i><\/span>        <\/a>\t\t\t\t\t<\/div>\n\t\t\t\t\t\t\t<\/div>\n\t\t\t\t<\/div>\n\t\t\t<\/div>\n<\/div><\/div><\/div><\/div><\/div>\n<\/section>","protected":false},"excerpt":{"rendered":"CONTENIDOS Desarrollo de art\u00edculos para blog e ebooks (guias del destino o culturales) como herramientas de inter\u00e9s, generaci\u00f3n de tr\u00e1fico org\u00e1nico y generaci\u00f3n de bbdd para email marketing. Estrategia Una estrategia de contenido es un plan de acci\u00f3n a largo plazo al que se suscriben...","protected":false},"author":1,"featured_media":0,"parent":0,"menu_order":0,"comment_status":"closed","ping_status":"closed","template":"full-width.php","meta":{"_monsterinsights_skip_tracking":false,"_monsterinsights_sitenote_active":false,"_monsterinsights_sitenote_note":"","_monsterinsights_sitenote_category":0,"_joinchat":[],"footnotes":""},"class_list":["post-6663","page","type-page","status-publish","hentry"],"_links":{"self":[{"href":"https:\/\/www.marketingzentral.com\/en\/wp-json\/wp\/v2\/pages\/6663","targetHints":{"allow":["GET"]}}],"collection":[{"href":"https:\/\/www.marketingzentral.com\/en\/wp-json\/wp\/v2\/pages"}],"about":[{"href":"https:\/\/www.marketingzentral.com\/en\/wp-json\/wp\/v2\/types\/page"}],"author":[{"embeddable":true,"href":"https:\/\/www.marketingzentral.com\/en\/wp-json\/wp\/v2\/users\/1"}],"replies":[{"embeddable":true,"href":"https:\/\/www.marketingzentral.com\/en\/wp-json\/wp\/v2\/comments?post=6663"}],"version-history":[{"count":0,"href":"https:\/\/www.marketingzentral.com\/en\/wp-json\/wp\/v2\/pages\/6663\/revisions"}],"wp:attachment":[{"href":"https:\/\/www.marketingzentral.com\/en\/wp-json\/wp\/v2\/media?parent=6663"}],"curies":[{"name":"wp","href":"https:\/\/api.w.org\/{rel}","templated":true}]}}