{"id":6708,"date":"2021-11-24T13:37:58","date_gmt":"2021-11-24T13:37:58","guid":{"rendered":"https:\/\/www.marketingzentral.com\/?page_id=6708"},"modified":"2024-03-06T23:30:34","modified_gmt":"2024-03-06T23:30:34","slug":"herramientas","status":"publish","type":"page","link":"https:\/\/www.marketingzentral.com\/en\/herramientas\/","title":{"rendered":""},"content":{"rendered":"<section class=\"wpb-content-wrapper\"><div class=\"vc_row wpb_row vc_row-fluid qodef-section nomovil vc_custom_1646844479065 qodef-content-aligment-left\" style=\"\"><div class=\"clearfix qodef-full-section-inner\"><div class=\"wpb_column vc_column_container vc_col-sm-12 vc_hidden-lg vc_hidden-md vc_hidden-sm\"><div class=\"vc_column-inner\"><div class=\"wpb_wrapper\">\n\t<div class=\"wpb_text_column wpb_content_element  vc_custom_1672680192839\" >\n\t\t<div class=\"wpb_wrapper\">\n\t\t\t<h1><span style=\"color: #808080; font-weight: 800; font-size: 37px;\">TOOLS<\/span><\/h1>\n<h2><span style=\"color: #fa6b1e; font-size: 30px; line-height: 43px;\">THE BEST TOOLS<\/span><\/h2>\n<p><span style=\"color: #003366; font-size: 32px;\">There is a wide variety in the market, but it is not easy to find the right ones for every occasion.<\/span><\/p>\n\n\t\t<\/div>\n\t<\/div>\n<\/div><\/div><\/div><\/div><\/div><div class=\"vc_row wpb_row vc_row-fluid qodef-section vc_custom_1646843957804 qodef-content-aligment-left\" style=\"\"><div class=\"clearfix qodef-full-section-inner\"><div class=\"wpb_column vc_column_container vc_col-sm-12 vc_hidden-xs\"><div class=\"vc_column-inner\"><div class=\"wpb_wrapper\">\n\t<div class=\"wpb_text_column wpb_content_element  vc_custom_1652756556052\" >\n\t\t<div class=\"wpb_wrapper\">\n\t\t\t<h1><span style=\"color: #808080; font-weight: 800;\">TOOLS<\/span><\/h1>\n<h2><span style=\"color: #fa6b1e; font-size: 30px; line-height: 43px;\">THE BEST TOOLS<\/span><\/h2>\n<p><span style=\"color: #003366; font-size: 32px;\">There is a wide variety in the market, but it is not easy to find the right ones for every occasion.<\/span><\/p>\n\n\t\t<\/div>\n\t<\/div>\n<\/div><\/div><\/div><\/div><\/div><div data-qodef-parallax-speed=\"1\" class=\"vc_row wpb_row vc_row-fluid qodef-section nomovil vc_custom_1672680140945 qodef-content-aligment-left qodef-parallax-section-holder qodef-parallax-section-holder-touch-disabled\" style=\"\"><div class=\"clearfix qodef-full-section-inner\"><div class=\"wpb_column vc_column_container vc_col-sm-12 vc_hidden-lg\"><div class=\"vc_column-inner\"><div class=\"wpb_wrapper\"><div class=\"qodef-elements-holder qodef-two-columns qodef-responsive-mode-768\" style=\"background-color:#ffffff;\"><div class=\"qodef-elements-holder-item\"  style=\"background-color: #ffffff\" data-item-class=\"qodef-elements-holder-custom-397585\">\n    <div class=\"qodef-elements-holder-item-inner\">\n        <div class=\"qodef-elements-holder-item-content qodef-elements-holder-custom-397585\" >\n            \n\t<div class=\"wpb_text_column wpb_content_element  vc_custom_1672680329859\" >\n\t\t<div class=\"wpb_wrapper\">\n\t\t\t<h1><span style=\"color: #ff6600; font-weight: 600; font-size: 32px; line-height: 19px;\">WE ANALYZE THE<\/span><br \/>\n<span style=\"color: #000000; font-weight: 300; font-size: 32px;\">ALTERNATIVES<\/span><\/h1>\n<h3 style=\"font-weight: 200 !important; text-transform: none;\">There is a wide variety on the market, but it is not easy to find the right ones for every occasion. We analyze the alternatives and offer the best solutions for our clients, in this way we obtain the best possible negotiation in addition to managing its correct application and integration with existing systems.<\/h3>\n\n\t\t<\/div>\n\t<\/div>\n        <\/div>\n    <\/div>\n<\/div><div class=\"qodef-elements-holder-item\"  style=\"background-image: url(https:\/\/www.marketingzentral.com\/wp-content\/uploads\/2022\/03\/businness.jpg)\" data-item-class=\"qodef-elements-holder-custom-137790\">\n    <div class=\"qodef-elements-holder-item-inner\">\n        <div class=\"qodef-elements-holder-item-content qodef-elements-holder-custom-137790\" >\n                    <\/div>\n    <\/div>\n<\/div><\/div><\/div><\/div><\/div><\/div><\/div><div data-qodef-parallax-speed=\"1\" class=\"vc_row wpb_row vc_row-fluid qodef-section semmovil vc_custom_1672680681289 qodef-content-aligment-left qodef-parallax-section-holder qodef-parallax-section-holder-touch-disabled\" style=\"\"><div class=\"clearfix qodef-full-section-inner\"><div class=\"wpb_column vc_column_container vc_col-sm-12 vc_hidden-xs\"><div class=\"vc_column-inner\"><div class=\"wpb_wrapper\"><div class=\"qodef-elements-holder qodef-two-columns qodef-responsive-mode-768\" style=\"background-color:#ffffff;\"><div class=\"qodef-elements-holder-item\"  style=\"background-color: #ffffff\" data-item-class=\"qodef-elements-holder-custom-474495\">\n    <div class=\"qodef-elements-holder-item-inner\">\n        <div class=\"qodef-elements-holder-item-content qodef-elements-holder-custom-474495\" >\n            \n\t<div class=\"wpb_text_column wpb_content_element  vc_custom_1652756410600\" >\n\t\t<div class=\"wpb_wrapper\">\n\t\t\t<h1><span style=\"color: #ff6600; font-weight: 600;\">WE ANALYZE THE<br \/>\n<span style=\"color: #000000; font-weight: 300;\">ALTERNATIVES<\/span><\/span><\/h1>\n<h3 style=\"font-weight: 200 !important; text-transform: none;\">There is a wide variety on the market, but it is not easy to find the right ones for every occasion. We analyze the alternatives and offer the best solutions for our clients, in this way we obtain the best possible negotiation in addition to managing its correct application and integration with existing systems.<\/h3>\n\n\t\t<\/div>\n\t<\/div>\n        <\/div>\n    <\/div>\n<\/div><div class=\"qodef-elements-holder-item\"  style=\"background-image: url(https:\/\/www.marketingzentral.com\/wp-content\/uploads\/2022\/03\/businness.jpg)\" data-item-class=\"qodef-elements-holder-custom-700910\">\n    <div class=\"qodef-elements-holder-item-inner\">\n        <div class=\"qodef-elements-holder-item-content qodef-elements-holder-custom-700910\" >\n                    <\/div>\n    <\/div>\n<\/div><\/div><\/div><\/div><\/div><\/div><\/div><div data-qodef-parallax-speed=\"1\" class=\"vc_row wpb_row vc_row-fluid qodef-section vc_custom_1646846449270 qodef-content-aligment-left qodef-parallax-section-holder qodef-parallax-section-holder-touch-disabled\" style=\"\"><div class=\"clearfix qodef-full-section-inner\"><div class=\"wpb_column vc_column_container vc_col-sm-12\"><div class=\"vc_column-inner\"><div class=\"wpb_wrapper\"><div class=\"qodef-elements-holder qodef-three-columns qodef-responsive-mode-768 qodef-one-column-alignment-center\" ><div class=\"qodef-elements-holder-item qodef-horizontal-alignment-center\"  style=\"background-image: url(https:\/\/www.marketingzentral.com\/wp-content\/uploads\/2022\/03\/conversion-scaled.jpg)\" data-item-class=\"qodef-elements-holder-custom-644458\">\n    <div class=\"qodef-elements-holder-item-inner\">\n        <div class=\"qodef-elements-holder-item-content qodef-elements-holder-custom-644458\" style=\"padding: 0px 40px 0px 40px\">\n            <span class=\"qodef-icon-animation-holder\" >\n\n    <span class=\"qodef-icon-shortcode circle qodef-icon-animation qodef-icon-medium\" style=\"background-color: #296566;border-style: solid;border-color: #ffffff;border-width: 0px\" data-hover-border-color=\"#002b49\" data-hover-background-color=\"#002b49\" data-hover-color=\"#ffffff\" data-color=\"#ffffff\">\n                                <span class=\"icon-normal\"><i class=\"qodef-icon-font-awesome fa fa-key qodef-icon-element\" style=\"color: #ffffff\" ><\/i><\/span>\n\n            \n             \n                <\/span>\n\n        <\/span>\n<div class=\"vc_empty_space\"   style=\"height: 28px\"><span class=\"vc_empty_space_inner\"><\/span><\/div>\n\t<div class=\"wpb_text_column wpb_content_element\" >\n\t\t<div class=\"wpb_wrapper\">\n\t\t\t<h1 style=\"color: #ffffff;\">CONVERSION<\/h1>\n\n\t\t<\/div>\n\t<\/div>\n<div class=\"vc_empty_space\"   style=\"height: 2px\"><span class=\"vc_empty_space_inner\"><\/span><\/div>\n\t<div class=\"wpb_text_column wpb_content_element\" >\n\t\t<div class=\"wpb_wrapper\">\n\t\t\t<ul>\n<li style=\"list-style-type: none;\">\n<ul>\n<li style=\"list-style-type: none;\">\n<ul>\n<li style=\"list-style-type: none;\">\n<ul>\n<li style=\"list-style-type: none;\">\n<ul>\n<li style=\"color: #ffffff; text-align: left;\">OTA control<\/li>\n<li style=\"color: #ffffff; text-align: left;\">Metasearch Engines<\/li>\n<li style=\"color: #ffffff; text-align: left;\">Inbound Marketing<\/li>\n<li style=\"color: #ffffff; text-align: left;\">Shopping cart recovery<\/li>\n<li style=\"color: #ffffff; text-align: left;\">Rate comparison<\/li>\n<\/ul>\n<\/li>\n<\/ul>\n<\/li>\n<\/ul>\n<\/li>\n<\/ul>\n<\/li>\n<\/ul>\n<p>&nbsp;<\/p>\n\n\t\t<\/div>\n\t<\/div>\n<div class=\"vc_empty_space\"   style=\"height: 40px\"><span class=\"vc_empty_space_inner\"><\/span><\/div>        <\/div>\n    <\/div>\n<\/div><div class=\"qodef-elements-holder-item qodef-horizontal-alignment-center\"  style=\"background-image: url(https:\/\/www.marketingzentral.com\/wp-content\/uploads\/2022\/03\/interaccion-scaled.jpg)\" data-item-class=\"qodef-elements-holder-custom-395198\">\n    <div class=\"qodef-elements-holder-item-inner\">\n        <div class=\"qodef-elements-holder-item-content qodef-elements-holder-custom-395198\" style=\"padding: 40px 0px 0px 0px\">\n            <span class=\"qodef-icon-animation-holder\" >\n\n    <span class=\"qodef-icon-shortcode circle qodef-icon-animation qodef-icon-medium\" style=\"background-color: #296566;border-style: solid;border-color: #ffffff;border-width: 0px\" data-hover-border-color=\"#002b49\" data-hover-background-color=\"#002b49\" data-hover-color=\"#ffffff\" data-color=\"#ffffff\">\n                                <span class=\"icon-normal\"><i class=\"qodef-icon-font-awesome fa fa-gear qodef-icon-element\" style=\"color: #ffffff\" ><\/i><\/span>\n\n            \n             \n                <\/span>\n\n        <\/span>\n<div class=\"vc_empty_space\"   style=\"height: 28px\"><span class=\"vc_empty_space_inner\"><\/span><\/div>\n\t<div class=\"wpb_text_column wpb_content_element\" >\n\t\t<div class=\"wpb_wrapper\">\n\t\t\t<h1 style=\"color: #ffffff;\">INTERACCI\u00d3N<\/h1>\n\n\t\t<\/div>\n\t<\/div>\n<div class=\"vc_empty_space\"   style=\"height: 2px\"><span class=\"vc_empty_space_inner\"><\/span><\/div>\n\t<div class=\"wpb_text_column wpb_content_element\" >\n\t\t<div class=\"wpb_wrapper\">\n\t\t\t<ul>\n<li style=\"list-style-type: none;\">\n<ul>\n<li style=\"list-style-type: none;\">\n<ul>\n<li style=\"list-style-type: none;\">\n<ul>\n<li style=\"color: #ffffff; text-align: left;\">Chatbot<\/li>\n<li style=\"color: #ffffff; text-align: left;\">Online Reputation<\/li>\n<li style=\"color: #ffffff; text-align: left;\">Guest Service<\/li>\n<li style=\"color: #ffffff; text-align: left;\">Call back button<\/li>\n<li style=\"color: #ffffff; text-align: left;\">Live Chat<\/li>\n<li style=\"color: #ffffff; text-align: left;\">Argumented navigation<\/li>\n<li style=\"color: #ffffff; text-align: left;\">Traveler rating<\/li>\n<li style=\"color: #ffffff; text-align: left;\">CRM<\/li>\n<li style=\"color: #ffffff; text-align: left;\">Whatsapp API<\/li>\n<\/ul>\n<\/li>\n<\/ul>\n<\/li>\n<\/ul>\n<\/li>\n<\/ul>\n\n\t\t<\/div>\n\t<\/div>\n<div class=\"vc_empty_space\"   style=\"height: 40px\"><span class=\"vc_empty_space_inner\"><\/span><\/div>        <\/div>\n    <\/div>\n<\/div><div class=\"qodef-elements-holder-item qodef-horizontal-alignment-center\"  style=\"background-image: url(https:\/\/www.marketingzentral.com\/wp-content\/uploads\/2022\/03\/transaccion.jpg)\" data-item-class=\"qodef-elements-holder-custom-153248\">\n    <div class=\"qodef-elements-holder-item-inner\">\n        <div class=\"qodef-elements-holder-item-content qodef-elements-holder-custom-153248\" style=\"padding: 40px 0px 0px 0px\">\n            <span class=\"qodef-icon-animation-holder\" >\n\n    <span class=\"qodef-icon-shortcode circle qodef-icon-animation qodef-icon-medium\" style=\"background-color: #296566;border-style: solid;border-color: #ffffff;border-width: 0px\" data-hover-border-color=\"#002b49\" data-hover-background-color=\"#002b49\" data-hover-color=\"#ffffff\" data-color=\"#ffffff\">\n                                <span class=\"icon-normal\"><i class=\"qodef-icon-font-awesome fa fa-search qodef-icon-element\" style=\"color: #ffffff\" ><\/i><\/span>\n\n            \n             \n                <\/span>\n\n        <\/span>\n<div class=\"vc_empty_space\"   style=\"height: 28px\"><span class=\"vc_empty_space_inner\"><\/span><\/div>\n\t<div class=\"wpb_text_column wpb_content_element\" >\n\t\t<div class=\"wpb_wrapper\">\n\t\t\t<h1 style=\"color: #ffffff;\">TRANSACTION<\/h1>\n\n\t\t<\/div>\n\t<\/div>\n<div class=\"vc_empty_space\"   style=\"height: 2px\"><span class=\"vc_empty_space_inner\"><\/span><\/div>\n\t<div class=\"wpb_text_column wpb_content_element\" >\n\t\t<div class=\"wpb_wrapper\">\n\t\t\t<p style=\"text-align: center;\"><span style=\"color: #ffffff;\">Booking Engine<\/span><\/p>\n<p>&nbsp;<\/p>\n<p>&nbsp;<\/p>\n<p>&nbsp;<\/p>\n<p>&nbsp;<\/p>\n<p>.<br \/>\n.<br \/>\n.<\/p>\n\n\t\t<\/div>\n\t<\/div>\n<div class=\"vc_empty_space\"   style=\"height: 40px\"><span class=\"vc_empty_space_inner\"><\/span><\/div>        <\/div>\n    <\/div>\n<\/div><\/div><\/div><\/div><\/div><\/div><\/div><div class=\"vc_row wpb_row vc_row-fluid qodef-section vc_custom_1636507016637 qodef-content-aligment-left\" style=\"\"><div class=\"clearfix qodef-full-section-inner\"><div class=\"wpb_column vc_column_container vc_col-sm-12\"><div class=\"vc_column-inner\"><div class=\"wpb_wrapper\">\t<div class=\"qodef-call-to-action normal\">\n\n\t\t\t\t<div class=\"qodef-container-inner\">\n\t\t\t\t\t<div class=\"qodef-call-to-action-row-75-25 clearfix\" style=\"padding: 20px;\">\n\t\t\t\t\t\t<div class=\"qodef-text-wrapper qodef-call-to-action-column1 qodef-call-to-action-cell\">\n\t\t\t\t\t\t\t\t\t<div class=\"qodef-call-to-action-text\" style=\"font-size: 22px;font-weight: 500\"><span style=\"color: #ffffff; font-weight: 200;\">We are ready to meet your needs and answer your concerns<\/span><\/div>\n\t\t\t\t<\/div>\n\n\t\t\t\t\t\t\t\t\t<div class=\"qodef-button-wrapper qodef-call-to-action-column2 qodef-call-to-action-cell\" style =\"text-align: right ;\">\n\t\t\t\t\t\t<a itemprop=\"url\" href=\"#\" target=\"_self\" style=\"color: #24262a;background-color: #ffffff;border-color: #ffffff\" class=\"qodef-btn qodef-btn-medium qodef-btn-solid qodef-btn-custom-hover-bg qodef-btn-custom-border-hover qodef-btn-custom-hover-color qodef-btn-icon\" data-hover-bg-color=\"#ffffff\" data-hover-color=\"#24262a\" data-hover-border-color=\"#ffffff\" >    <span class=\"qodef-btn-text\">More Information<\/span>    <span class=\"qodef-btn-icon-normal\"><i class=\"qodef-icon-font-awesome fa fa-angle-right\" ><\/i><\/span>    <span class=\"qodef-btn-icon-flip\"><i class=\"qodef-icon-font-awesome fa fa-angle-right\" ><\/i><\/span>        <\/a>\t\t\t\t\t<\/div>\n\t\t\t\t\t\t\t<\/div>\n\t\t\t\t<\/div>\n\t\t\t<\/div>\n<\/div><\/div><\/div><\/div><\/div>\n<\/section>","protected":false},"excerpt":{"rendered":"HERRAMIENTAS LAS MEJORES HERRAMIENTAS En el Mercado existen una gran variedad, pero no es f\u00e1cil encontrar las adecuadas para cada ocasi\u00f3n. HERRAMIENTAS LAS MEJORES HERRAMIENTAS En el Mercado existen una gran variedad, pero no es f\u00e1cil encontrar las adecuadas para cada ocasi\u00f3n. ANALIZAMOS LAS ALTERNATIVAS...","protected":false},"author":1,"featured_media":0,"parent":0,"menu_order":0,"comment_status":"closed","ping_status":"closed","template":"full-width.php","meta":{"_monsterinsights_skip_tracking":false,"_monsterinsights_sitenote_active":false,"_monsterinsights_sitenote_note":"","_monsterinsights_sitenote_category":0,"_joinchat":[],"footnotes":""},"class_list":["post-6708","page","type-page","status-publish","hentry"],"_links":{"self":[{"href":"https:\/\/www.marketingzentral.com\/en\/wp-json\/wp\/v2\/pages\/6708","targetHints":{"allow":["GET"]}}],"collection":[{"href":"https:\/\/www.marketingzentral.com\/en\/wp-json\/wp\/v2\/pages"}],"about":[{"href":"https:\/\/www.marketingzentral.com\/en\/wp-json\/wp\/v2\/types\/page"}],"author":[{"embeddable":true,"href":"https:\/\/www.marketingzentral.com\/en\/wp-json\/wp\/v2\/users\/1"}],"replies":[{"embeddable":true,"href":"https:\/\/www.marketingzentral.com\/en\/wp-json\/wp\/v2\/comments?post=6708"}],"version-history":[{"count":0,"href":"https:\/\/www.marketingzentral.com\/en\/wp-json\/wp\/v2\/pages\/6708\/revisions"}],"wp:attachment":[{"href":"https:\/\/www.marketingzentral.com\/en\/wp-json\/wp\/v2\/media?parent=6708"}],"curies":[{"name":"wp","href":"https:\/\/api.w.org\/{rel}","templated":true}]}}