{"id":7964,"date":"2022-03-06T21:43:47","date_gmt":"2022-03-06T21:43:47","guid":{"rendered":"https:\/\/www.marketingzentral.com\/?page_id=7964"},"modified":"2024-03-06T23:30:38","modified_gmt":"2024-03-06T23:30:38","slug":"sem","status":"publish","type":"page","link":"https:\/\/www.marketingzentral.com\/en\/sem\/","title":{"rendered":"SEM"},"content":{"rendered":"<section class=\"wpb-content-wrapper\"><div data-qodef-parallax-speed=\"1\" class=\"vc_row wpb_row vc_row-fluid qodef-section semmovil vc_custom_1682009458568 qodef-content-aligment-center qodef-parallax-section-holder qodef-parallax-section-holder-touch-disabled\" style=\"\"><div class=\"clearfix qodef-full-section-inner\"><div class=\"wpb_column vc_column_container vc_col-sm-6 vc_hidden-xs\"><div class=\"vc_column-inner\"><div class=\"wpb_wrapper\">\n\t<div class=\"wpb_text_column wpb_content_element  vc_custom_1646842744145 movildigital\" >\n\t\t<div class=\"wpb_wrapper\">\n\t\t\t<h1 style=\"text-align: left; font-weight: 900; color: #fb6a1b;\">SEM<\/h1>\n<p style=\"color: #ffffff; text-align: left; font-size: 22px;\">SEM is an essential component that, when properly managed, translates into higher sales and investment savings.<\/p>\n<h3 style=\"text-align: left;\"><span style=\"color: #ffffff;\">Research<\/span><\/h3>\n<p style=\"color: #ffffff; text-align: left; font-size: 20px;\">Google Keyword Planner, Adobe SiteCatalyst &amp;<\/p>\n<p style=\"color: #ffffff; text-align: left; font-size: 20px;\">Search Center, Brightedge)<\/p>\n<p style=\"color: #ffffff; text-align: left; font-size: 20px;\">Constant Monitoring and Optimization<\/p>\n<p style=\"color: #ffffff; text-align: left; font-size: 20px;\">Geolocation<\/p>\n<p style=\"color: #ffffff; text-align: left; font-size: 20px;\">Synergy SEO &amp; SEM<\/p>\n<p style=\"color: #ffffff; text-align: left; font-size: 20px;\">Site extensions<\/p>\n<p style=\"color: #ffffff; text-align: left; font-size: 20px;\">Reporting<\/p>\n\n\t\t<\/div>\n\t<\/div>\n<\/div><\/div><\/div><div class=\"wpb_column vc_column_container vc_col-sm-6 vc_hidden-xs\"><div class=\"vc_column-inner\"><div class=\"wpb_wrapper\">\n\t<div  class=\"wpb_single_image wpb_content_element vc_align_right  vc_custom_1646842843056\">\n\t\t\n\t\t<figure class=\"wpb_wrapper vc_figure\">\n\t\t\t<div class=\"vc_single_image-wrapper   vc_box_border_grey\"><img loading=\"lazy\" decoding=\"async\" class=\"vc_single_image-img\" src=\"https:\/\/www.marketingzentral.com\/wp-content\/uploads\/2022\/03\/sem1-502x354.png\" width=\"502\" height=\"354\" alt=\"sem1\" title=\"sem1\" \/><\/div>\n\t\t<\/figure>\n\t<\/div>\n<\/div><\/div><\/div><\/div><\/div><div data-qodef-parallax-speed=\"1\" class=\"vc_row wpb_row vc_row-fluid qodef-section nodesktop vc_custom_1682009477016 qodef-content-aligment-center qodef-parallax-section-holder qodef-parallax-section-holder-touch-disabled qodef-grid-section\" style=\"\"><div class=\"clearfix qodef-section-inner\"><div class=\"qodef-section-inner-margin clearfix\"><div class=\"wpb_column vc_column_container vc_col-sm-6 vc_hidden-lg\"><div class=\"vc_column-inner\"><div class=\"wpb_wrapper\">\n\t<div class=\"wpb_text_column wpb_content_element  vc_custom_1646709705013 movildigital\" >\n\t\t<div class=\"wpb_wrapper\">\n\t\t\t<p style=\"text-align: left;\"><span style=\"font-weight: 800 !important; font-size: 33px; color: #fb6a1b;\">SEM<\/span><\/p>\n<p style=\"color: #ffffff; text-align: left; font-size: 18px;\">SEM is an essential component that, when properly managed, translates into higher sales and investment savings.<\/p>\n<h3 style=\"text-align: left;\"><span style=\"color: #ffffff;\">Research<\/span><\/h3>\n<p style=\"color: #ffffff; text-align: left;\">Google Keyword Planner, Adobe SiteCatalyst &amp;<\/p>\n<p style=\"color: #ffffff; text-align: left;\">Search Center, Brightedge)<\/p>\n<p style=\"color: #ffffff; text-align: left;\">Constant Monitoring and Optimization<\/p>\n<p style=\"color: #ffffff; text-align: left;\">Geolocation<\/p>\n<p style=\"color: #ffffff; text-align: left;\">Synergy SEO &amp; SEM<\/p>\n<p style=\"color: #ffffff; text-align: left;\">Site extensions<\/p>\n<p style=\"color: #ffffff; text-align: left;\">Reporting<\/p>\n\n\t\t<\/div>\n\t<\/div>\n<\/div><\/div><\/div><div class=\"wpb_column vc_column_container vc_col-sm-6 vc_hidden-lg\"><div class=\"vc_column-inner\"><div class=\"wpb_wrapper\">\n\t<div  class=\"wpb_single_image wpb_content_element vc_align_right  vc_custom_1646842973346\">\n\t\t\n\t\t<figure class=\"wpb_wrapper vc_figure\">\n\t\t\t<div class=\"vc_single_image-wrapper   vc_box_border_grey\"><img loading=\"lazy\" decoding=\"async\" class=\"vc_single_image-img\" src=\"https:\/\/www.marketingzentral.com\/wp-content\/uploads\/2022\/03\/sem1-502x354.png\" width=\"502\" height=\"354\" alt=\"sem1\" title=\"sem1\" \/><\/div>\n\t\t<\/figure>\n\t<\/div>\n<\/div><\/div><\/div><\/div><\/div><\/div><div class=\"vc_row wpb_row vc_row-fluid qodef-section vc_custom_1646614282127 qodef-content-aligment-left qodef-grid-section\" style=\"\"><div class=\"clearfix qodef-section-inner\"><div class=\"qodef-section-inner-margin clearfix\"><div class=\"wpb_column vc_column_container vc_col-sm-12\"><div class=\"vc_column-inner\"><div class=\"wpb_wrapper\"><div class=\"qodef-elements-holder qodef-two-columns qodef-responsive-mode-768\" style=\"background-color:#ffffff;\"><div class=\"qodef-elements-holder-item\"  style=\"background-color: #ffffff\" data-item-class=\"qodef-elements-holder-custom-564066\">\n    <div class=\"qodef-elements-holder-item-inner\">\n        <div class=\"qodef-elements-holder-item-content qodef-elements-holder-custom-564066\" >\n            \n\t<div class=\"wpb_text_column wpb_content_element  vc_custom_1646604740967\" >\n\t\t<div class=\"wpb_wrapper\">\n\t\t\t<p style=\"text-align: left; font-size: 19px;\"><span style=\"color: #003366;\">Digital advertising is the most effective way to increase traffic and reach specific people. With   advanced paid ad targeting, you can reach also people who are interested in your competitors as well as searching for you and people who are connected to your  customers, paying only if buyers click your ads.<\/span><\/p>\n<p style=\"text-align: left; font-size: 19px;\"><span style=\"color: #003366;\">Our paid search specialists continually optimize your campaigns looking for the best performance making certain you are getting the most and the best \"click\" for your dollars.<\/span><\/p>\n\n\t\t<\/div>\n\t<\/div>\n        <\/div>\n    <\/div>\n<\/div><div class=\"qodef-elements-holder-item\"   data-item-class=\"qodef-elements-holder-custom-595653\">\n    <div class=\"qodef-elements-holder-item-inner\">\n        <div class=\"qodef-elements-holder-item-content qodef-elements-holder-custom-595653\" >\n            \n\t<div class=\"wpb_text_column wpb_content_element\" >\n\t\t<div class=\"wpb_wrapper\">\n\t\t\t<h1 style=\"text-align: left;\"><span style=\"color: #003366;\">Campaign Types<\/span><\/h1>\n\n\t\t<\/div>\n\t<\/div>\n<div class=\"qodef-accordion-holder clearfix qodef-accordion qodef-initial qodef-accordion-standard\" >\n    <h2 class=\"clearfix qodef-title-holder\">\n<span class=\"qodef-tab-title\">\n\t\t<span class=\"qodef-tab-title-inner\">\n\t\t\tSearch Campaigns.\t\t<\/span>\n\t<\/span>\n<span class=\"qodef-accordion-mark\">\n\t\t<span class=\"qodef-accordion-mark-icon\">\n\t\t\t<span class=\"qodef-accordion-plus\"><i class=\"fa fa-plus-circle\" aria-hidden=\"true\"><\/i><\/span>\n\t\t\t<span class=\"qodef-accordion-minus\"><i class=\"fa fa-minus-circle\" aria-hidden=\"true\"><\/i><\/span>\n\t\t<\/span>\n\t<\/span>\n<\/h2>\n<div class=\"qodef-accordion-content\">\n    <div class=\"qodef-accordion-content-inner\">\n        \n\t<div class=\"wpb_text_column wpb_content_element\" >\n\t\t<div class=\"wpb_wrapper\">\n\t\t\t<p style=\"text-align: left;\">With the aim of capturing the purchase-oriented potential customer, we will seek to show ads that visually invite action, including added values \u200b\u200band offers associated with the search terms used, prioritizing the brand and gradually extending to more generic search terms (long tail)<\/p>\n\n\t\t<\/div>\n\t<\/div>\n    <\/div>\n<\/div><h2 class=\"clearfix qodef-title-holder\">\n<span class=\"qodef-tab-title\">\n\t\t<span class=\"qodef-tab-title-inner\">\n\t\t\tDisplay Campaigns\t\t<\/span>\n\t<\/span>\n<span class=\"qodef-accordion-mark\">\n\t\t<span class=\"qodef-accordion-mark-icon\">\n\t\t\t<span class=\"qodef-accordion-plus\"><i class=\"fa fa-plus-circle\" aria-hidden=\"true\"><\/i><\/span>\n\t\t\t<span class=\"qodef-accordion-minus\"><i class=\"fa fa-minus-circle\" aria-hidden=\"true\"><\/i><\/span>\n\t\t<\/span>\n\t<\/span>\n<\/h2>\n<div class=\"qodef-accordion-content\">\n    <div class=\"qodef-accordion-content-inner\">\n        \n\t<div class=\"wpb_text_column wpb_content_element\" >\n\t\t<div class=\"wpb_wrapper\">\n\t\t\t<p style=\"text-align: left;\">In order to link the potential customer with the brand, the investment is relatively less than that of search, reinforcing the performance of search campaigns in a more \"pull\" context.<\/p>\n\n\t\t<\/div>\n\t<\/div>\n    <\/div>\n<\/div><h2 class=\"clearfix qodef-title-holder\">\n<span class=\"qodef-tab-title\">\n\t\t<span class=\"qodef-tab-title-inner\">\n\t\t\tRemarketing campaigns\t\t<\/span>\n\t<\/span>\n<span class=\"qodef-accordion-mark\">\n\t\t<span class=\"qodef-accordion-mark-icon\">\n\t\t\t<span class=\"qodef-accordion-plus\"><i class=\"fa fa-plus-circle\" aria-hidden=\"true\"><\/i><\/span>\n\t\t\t<span class=\"qodef-accordion-minus\"><i class=\"fa fa-minus-circle\" aria-hidden=\"true\"><\/i><\/span>\n\t\t<\/span>\n\t<\/span>\n<\/h2>\n<div class=\"qodef-accordion-content\">\n    <div class=\"qodef-accordion-content-inner\">\n        \n\t<div class=\"wpb_text_column wpb_content_element\" >\n\t\t<div class=\"wpb_wrapper\">\n\t\t\t<p style=\"text-align: left;\">With the aim that those users who have visited the web and have not booked keep us in mind and finalize their transaction, following up on the decision process, keeping us present and encouraging their urgency.<\/p>\n\n\t\t<\/div>\n\t<\/div>\n    <\/div>\n<\/div><\/div>        <\/div>\n    <\/div>\n<\/div><\/div><\/div><\/div><\/div><\/div><\/div><\/div><div class=\"vc_row wpb_row vc_row-fluid qodef-section qodef-content-aligment-left\" style=\"\"><div class=\"clearfix qodef-full-section-inner\"><div class=\"wpb_column vc_column_container vc_col-sm-12\"><div class=\"vc_column-inner\"><div class=\"wpb_wrapper\">\n\t<div class=\"wpb_text_column wpb_content_element\" >\n\t\t<div class=\"wpb_wrapper\">\n\t\t\t<h1 style=\"text-align: center;\">SEM targets<\/h1>\n\n\t\t<\/div>\n\t<\/div>\n<\/div><\/div><\/div><\/div><\/div><div class=\"vc_row wpb_row vc_row-fluid qodef-section vc_custom_1646615045151 qodef-content-aligment-left\" style=\"\"><div class=\"clearfix qodef-full-section-inner\"><div class=\"wpb_column vc_column_container vc_col-sm-4\"><div class=\"vc_column-inner vc_custom_1646614882397\"><div class=\"wpb_wrapper\">\n\t<div class=\"wpb_text_column wpb_content_element  vc_custom_1646845323973\" >\n\t\t<div class=\"wpb_wrapper\">\n\t\t\t<h1><span style=\"color: #ffffff;\">SHORT TERM<\/span><\/h1>\n<p style=\"text-align: left;\"><span style=\"color: #ffffff;\">Review the SQR and perform a qualitative optimization<\/span><\/p>\n<p style=\"text-align: left;\"><span style=\"color: #ffffff;\">Quantitative optimization at the level of keywords and adgroups, campaigns, markets, languages, etc ... to reduce and optimize CPCs and improve ROI<\/span><\/p>\n\n\t\t<\/div>\n\t<\/div>\n<\/div><\/div><\/div><div class=\"wpb_column vc_column_container vc_col-sm-4\"><div class=\"vc_column-inner\"><div class=\"wpb_wrapper\">\n\t<div class=\"wpb_text_column wpb_content_element  vc_custom_1646845189553\" >\n\t\t<div class=\"wpb_wrapper\">\n\t\t\t<h1 style=\"text-align: left;\"><span style=\"color: #ffffff;\">MEDIUM TERM<\/span><\/h1>\n<p style=\"text-align: left;\"><span style=\"color: #ffffff;\">Review campaign structure creating (if they do not exist) segmentations by Language, markets, brand, branded keywords, generic keywords, devices, etc ...<\/span><\/p>\n<p style=\"text-align: left;\"><span style=\"color: #ffffff;\">Review and optimization and generation of new keywords based on history.<\/span><\/p>\n<p style=\"text-align: left;\"><span style=\"color: #ffffff;\">Review and optimization and generation of new ads and extensions based on history.<\/span><\/p>\n\n\t\t<\/div>\n\t<\/div>\n<\/div><\/div><\/div><div class=\"wpb_column vc_column_container vc_col-sm-4\"><div class=\"vc_column-inner vc_custom_1646614890155\"><div class=\"wpb_wrapper\">\n\t<div class=\"wpb_text_column wpb_content_element  vc_custom_1646614777142\" >\n\t\t<div class=\"wpb_wrapper\">\n\t\t\t<h1><span style=\"color: #ffffff;\">LONG TERM<\/span><\/h1>\n<p><span style=\"color: #ffffff;\">Review Display traffic optimizing it through location and keyword level blocks.<\/span><\/p>\n<p><span style=\"color: #ffffff;\">Review and optimization of campaign structure, segmentation criteria and creatives.<\/span><\/p>\n\n\t\t<\/div>\n\t<\/div>\n<\/div><\/div><\/div><\/div><\/div><div class=\"vc_row wpb_row vc_row-fluid qodef-section vc_custom_1636507016637 qodef-content-aligment-left\" style=\"\"><div class=\"clearfix qodef-full-section-inner\"><div class=\"wpb_column vc_column_container vc_col-sm-12\"><div class=\"vc_column-inner\"><div class=\"wpb_wrapper\">\t<div class=\"qodef-call-to-action normal\">\n\n\t\t\t\t<div class=\"qodef-container-inner\">\n\t\t\t\t\t<div class=\"qodef-call-to-action-row-75-25 clearfix\" style=\"padding: 20px;\">\n\t\t\t\t\t\t<div class=\"qodef-text-wrapper qodef-call-to-action-column1 qodef-call-to-action-cell\">\n\t\t\t\t\t\t\t\t\t<div class=\"qodef-call-to-action-text\" style=\"font-size: 22px;font-weight: 500\"><span style=\"color: #ffffff; font-weight: 300;\">We are ready to meet your needs and answer your concerns<\/span><\/div>\n\t\t\t\t<\/div>\n\n\t\t\t\t\t\t\t\t\t<div class=\"qodef-button-wrapper qodef-call-to-action-column2 qodef-call-to-action-cell\" style =\"text-align: right ;\">\n\t\t\t\t\t\t<a itemprop=\"url\" href=\"https:\/\/www.marketingzentral.com\/en\/contact-marketingzentral-2\/\" target=\"_self\" style=\"color: #24262a;background-color: #ffffff;border-color: #ffffff\" class=\"qodef-btn qodef-btn-medium qodef-btn-solid qodef-btn-custom-hover-bg qodef-btn-custom-border-hover qodef-btn-custom-hover-color qodef-btn-icon\" data-hover-bg-color=\"#ffffff\" data-hover-color=\"#24262a\" data-hover-border-color=\"#ffffff\" >    <span class=\"qodef-btn-text\">More Information<\/span>    <span class=\"qodef-btn-icon-normal\"><i class=\"qodef-icon-font-awesome fa fa-angle-right\" ><\/i><\/span>    <span class=\"qodef-btn-icon-flip\"><i class=\"qodef-icon-font-awesome fa fa-angle-right\" ><\/i><\/span>        <\/a>\t\t\t\t\t<\/div>\n\t\t\t\t\t\t\t<\/div>\n\t\t\t\t<\/div>\n\t\t\t<\/div>\n<\/div><\/div><\/div><\/div><\/div>\n<\/section>","protected":false},"excerpt":{"rendered":"SEM Es un componente esencial que gestionado de forma adecuada se traduce en mayores ventas y ahorro de inversi\u00f3n. Investigaci\u00f3n: Google Keyword Planner, Adobe SiteCatalyst &amp; Search Center, Brightedge) Monitorizaci\u00f3n y Optimizaci\u00f3n constante Geolocalizaci\u00f3n Sinergia SEO &amp; SEM Site extensions Reporting SEM Es un componente...","protected":false},"author":1,"featured_media":0,"parent":0,"menu_order":0,"comment_status":"closed","ping_status":"closed","template":"full-width.php","meta":{"_monsterinsights_skip_tracking":false,"_monsterinsights_sitenote_active":false,"_monsterinsights_sitenote_note":"","_monsterinsights_sitenote_category":0,"_joinchat":[],"footnotes":""},"class_list":["post-7964","page","type-page","status-publish","hentry"],"_links":{"self":[{"href":"https:\/\/www.marketingzentral.com\/en\/wp-json\/wp\/v2\/pages\/7964","targetHints":{"allow":["GET"]}}],"collection":[{"href":"https:\/\/www.marketingzentral.com\/en\/wp-json\/wp\/v2\/pages"}],"about":[{"href":"https:\/\/www.marketingzentral.com\/en\/wp-json\/wp\/v2\/types\/page"}],"author":[{"embeddable":true,"href":"https:\/\/www.marketingzentral.com\/en\/wp-json\/wp\/v2\/users\/1"}],"replies":[{"embeddable":true,"href":"https:\/\/www.marketingzentral.com\/en\/wp-json\/wp\/v2\/comments?post=7964"}],"version-history":[{"count":0,"href":"https:\/\/www.marketingzentral.com\/en\/wp-json\/wp\/v2\/pages\/7964\/revisions"}],"wp:attachment":[{"href":"https:\/\/www.marketingzentral.com\/en\/wp-json\/wp\/v2\/media?parent=7964"}],"curies":[{"name":"wp","href":"https:\/\/api.w.org\/{rel}","templated":true}]}}