{"id":8369,"date":"2022-03-10T00:48:19","date_gmt":"2022-03-10T00:48:19","guid":{"rendered":"https:\/\/www.marketingzentral.com\/?page_id=8369"},"modified":"2024-03-06T23:30:38","modified_gmt":"2024-03-06T23:30:38","slug":"web-3","status":"publish","type":"page","link":"https:\/\/www.marketingzentral.com\/en\/web-3\/","title":{"rendered":"WEB"},"content":{"rendered":"<section class=\"wpb-content-wrapper\"><div data-qodef-parallax-speed=\"1\" class=\"vc_row wpb_row vc_row-fluid qodef-section semmovil vc_custom_1647113089891 qodef-content-aligment-center qodef-parallax-section-holder qodef-parallax-section-holder-touch-disabled\" style=\"\"><div class=\"clearfix qodef-full-section-inner\"><div class=\"wpb_column vc_column_container vc_col-sm-6 vc_hidden-xs\"><div class=\"vc_column-inner\"><div class=\"wpb_wrapper\">\n\t<div class=\"wpb_text_column wpb_content_element  vc_custom_1646873297475 movildigital\" >\n\t\t<div class=\"wpb_wrapper\">\n\t\t\t<h1 style=\"text-align: left; font-weight: 900; color: #fb6a1b;\">WEB<\/h1>\n<p style=\"color: #ffffff; text-align: left; font-size: 22px;\">The first point of contact with your customers is also the most profitable sales channel for the business and accessible to the consumer. We develop an attractive visual image and a functional navigation, built on a scalable and flexible, dynamic and informative platform.<\/p>\n<p style=\"color: #ffffff; text-align: left; font-size: 22px;\">We take care of guaranteeing an optimal web presence that promotes the brand and generates sales<\/p>\n<p style=\"color: #ffffff; text-align: left; font-size: 20px;\">UX User Experience<\/p>\n<p style=\"color: #ffffff; text-align: left; font-size: 20px;\">Clear and conversion-oriented communication<\/p>\n<p style=\"color: #ffffff; text-align: left; font-size: 20px;\">Content Management System (CMS)<\/p>\n<p style=\"color: #ffffff; text-align: left; font-size: 20px;\">Content development<\/p>\n<p style=\"color: #ffffff; text-align: left; font-size: 20px;\">Hosting<\/p>\n\n\t\t<\/div>\n\t<\/div>\n<\/div><\/div><\/div><div class=\"wpb_column vc_column_container vc_col-sm-6 vc_hidden-xs\"><div class=\"vc_column-inner\"><div class=\"wpb_wrapper\"><\/div><\/div><\/div><\/div><\/div><div data-qodef-parallax-speed=\"1\" class=\"vc_row wpb_row vc_row-fluid qodef-section nomovil vc_custom_1646842891915 qodef-content-aligment-center qodef-parallax-section-holder qodef-parallax-section-holder-touch-disabled qodef-grid-section\" style=\"\"><div class=\"clearfix qodef-section-inner\"><div class=\"qodef-section-inner-margin clearfix\"><div class=\"wpb_column vc_column_container vc_col-sm-6 vc_hidden-lg\"><div class=\"vc_column-inner\"><div class=\"wpb_wrapper\">\n\t<div class=\"wpb_text_column wpb_content_element  vc_custom_1646873438007 movildigital\" >\n\t\t<div class=\"wpb_wrapper\">\n\t\t\t<h1 style=\"text-align: left; font-weight: 900; color: #fb6a1b;\">WEB<\/h1>\n<p style=\"color: #ffffff; text-align: left; font-size: 22px;\">The first point of contact with your customers is also the most profitable sales channel for the business and accessible to the consumer. We develop an attractive visual image and a functional navigation, built on a scalable and flexible, dynamic and informative platform.<\/p>\n<p style=\"color: #ffffff; text-align: left; font-size: 22px;\">We take care of guaranteeing an optimal web presence that promotes the brand and generates sales<\/p>\n<p style=\"color: #ffffff; text-align: left; font-size: 20px;\">UX User Experience<\/p>\n<p style=\"color: #ffffff; text-align: left; font-size: 20px;\">Clear and conversion-oriented communication<\/p>\n<p style=\"color: #ffffff; text-align: left; font-size: 20px;\">Content Management System (CMS)<\/p>\n<p style=\"color: #ffffff; text-align: left; font-size: 20px;\">Content development<\/p>\n<p style=\"color: #ffffff; text-align: left; font-size: 20px;\">Hosting<\/p>\n\n\t\t<\/div>\n\t<\/div>\n<\/div><\/div><\/div><div class=\"wpb_column vc_column_container vc_col-sm-6 vc_hidden-lg\"><div class=\"vc_column-inner\"><div class=\"wpb_wrapper\">\n\t<div  class=\"wpb_single_image wpb_content_element vc_align_right  vc_custom_1646842973346\">\n\t\t\n\t\t<figure class=\"wpb_wrapper vc_figure\">\n\t\t\t<div class=\"vc_single_image-wrapper   vc_box_border_grey\"><img loading=\"lazy\" decoding=\"async\" class=\"vc_single_image-img\" src=\"https:\/\/www.marketingzentral.com\/wp-content\/uploads\/2022\/03\/sem1-502x354.png\" width=\"502\" height=\"354\" alt=\"sem1\" title=\"sem1\" \/><\/div>\n\t\t<\/figure>\n\t<\/div>\n<\/div><\/div><\/div><\/div><\/div><\/div><div class=\"vc_row wpb_row vc_row-fluid qodef-section vc_custom_1646614282127 qodef-content-aligment-left qodef-grid-section\" style=\"\"><div class=\"clearfix qodef-section-inner\"><div class=\"qodef-section-inner-margin clearfix\"><div class=\"wpb_column vc_column_container vc_col-sm-12\"><div class=\"vc_column-inner\"><div class=\"wpb_wrapper\"><div class=\"qodef-elements-holder qodef-two-columns qodef-responsive-mode-768\" style=\"background-color:#ffffff;\"><div class=\"qodef-elements-holder-item\"  style=\"background-color: #ffffff\" data-item-class=\"qodef-elements-holder-custom-429731\">\n    <div class=\"qodef-elements-holder-item-inner\">\n        <div class=\"qodef-elements-holder-item-content qodef-elements-holder-custom-429731\" >\n            \n\t<div class=\"wpb_text_column wpb_content_element  vc_custom_1653140324204\" >\n\t\t<div class=\"wpb_wrapper\">\n\t\t\t<p style=\"text-align: left; font-size: 19px;\"><span style=\"color: #003366;\">We work with our clients to ensure that the new website is producing the expected results. We offer comprehensive support as part of our services to support your business goals.<\/span><\/p>\n<p style=\"text-align: left; font-size: 19px;\"><span style=\"color: #003366;\">Our creative and experienced team will design a website that generates results, a window for your company that is sustainable in the long term capable of building trust in a visitor and showcasing your product in the best possible light.<\/span><\/p>\n<p style=\"text-align: left; font-size: 19px;\"><span style=\"color: #003366;\">The right design builds confidence in visitors and conveys a solid proposal.<br \/>\n<\/span><\/p>\n\n\t\t<\/div>\n\t<\/div>\n        <\/div>\n    <\/div>\n<\/div><div class=\"qodef-elements-holder-item\"   data-item-class=\"qodef-elements-holder-custom-353745\">\n    <div class=\"qodef-elements-holder-item-inner\">\n        <div class=\"qodef-elements-holder-item-content qodef-elements-holder-custom-353745\" >\n            \n\t<div  class=\"wpb_single_image wpb_content_element vc_align_center  vc_custom_1646876818434\">\n\t\t\n\t\t<figure class=\"wpb_wrapper vc_figure\">\n\t\t\t<div class=\"vc_single_image-wrapper   vc_box_border_grey\"><img loading=\"lazy\" decoding=\"async\" width=\"800\" height=\"782\" src=\"https:\/\/www.marketingzentral.com\/wp-content\/uploads\/2022\/03\/kalil.jpg\" class=\"vc_single_image-img attachment-full\" alt=\"\" title=\"kalil\" srcset=\"https:\/\/www.marketingzentral.com\/wp-content\/uploads\/2022\/03\/kalil.jpg 800w, https:\/\/www.marketingzentral.com\/wp-content\/uploads\/2022\/03\/kalil-300x293.jpg 300w, https:\/\/www.marketingzentral.com\/wp-content\/uploads\/2022\/03\/kalil-768x751.jpg 768w\" sizes=\"auto, (max-width: 800px) 100vw, 800px\" \/><\/div>\n\t\t<\/figure>\n\t<\/div>\n        <\/div>\n    <\/div>\n<\/div><\/div><\/div><\/div><\/div><\/div><\/div><\/div><div class=\"vc_row wpb_row vc_row-fluid qodef-section vc_custom_1646875673790 qodef-content-aligment-left\" style=\"\"><div class=\"clearfix qodef-full-section-inner\"><div class=\"wpb_column vc_column_container vc_col-sm-12\"><div class=\"vc_column-inner\"><div class=\"wpb_wrapper\">\n\t<div class=\"wpb_text_column wpb_content_element  vc_custom_1646875754780\" >\n\t\t<div class=\"wpb_wrapper\">\n\t\t\t<p style=\"text-align: left; font-size: 22px;\"><span style=\"color: #ffffff;\">In addition to improving direct bookings and conversion rates, cover your hotel or resort's storytelling and personality to be seen. Our designers will work with you to create the perfect website that works on all fronts.<\/span><br \/>\n<span style=\"color: #ffffff;\">Strong SEO combined with a digital marketing strategy will drive visitors to your site and a strong user experience and the best conversion optimization techniques will help transform your current traffic into customers.<\/span><\/p>\n\n\t\t<\/div>\n\t<\/div>\n<\/div><\/div><\/div><\/div><\/div><div class=\"vc_row wpb_row vc_row-fluid qodef-section vc_custom_1646876348271 qodef-content-aligment-left\" style=\"\"><div class=\"clearfix qodef-full-section-inner\"><div class=\"wpb_column vc_column_container vc_col-sm-12\"><div class=\"vc_column-inner\"><div class=\"wpb_wrapper\">\n\t<div class=\"wpb_text_column wpb_content_element\" >\n\t\t<div class=\"wpb_wrapper\">\n\t\t\t<h1 style=\"text-align: center;\">What goals do we set ourselves when creating a site?<\/h1>\n\n\t\t<\/div>\n\t<\/div>\n<\/div><\/div><\/div><\/div><\/div><div class=\"vc_row wpb_row vc_row-fluid qodef-section vc_custom_1646877254366 qodef-content-aligment-left\" style=\"\"><div class=\"clearfix qodef-full-section-inner\"><div class=\"wpb_column vc_column_container vc_col-sm-4\"><div class=\"vc_column-inner\"><div class=\"wpb_wrapper\">\n\t<div class=\"wpb_text_column wpb_content_element  vc_custom_1646875951119\" >\n\t\t<div class=\"wpb_wrapper\">\n\t\t\t<h1><span style=\"color: #ffffff;\">IN THE SHORT AND MEDIUM TERM<\/span><\/h1>\n<p style=\"text-align: left;\"><span style=\"color: #ffffff;\">Optimal experience on all types of devices prioritizing mobile phones<\/span><\/p>\n<p style=\"text-align: left;\"><span style=\"color: #ffffff;\">Visual impact and interest in discovering more<\/span><\/p>\n<p style=\"text-align: left;\"><span style=\"color: #ffffff;\">Strengthening the perception of credibility and trust <\/span><\/p>\n<p style=\"text-align: left;\"><span style=\"color: #ffffff;\">Speak to the visitor in their language<\/span><\/p>\n<p style=\"text-align: left;\"><span style=\"color: #ffffff;\">Interactive visual support tools<\/span><\/p>\n<p style=\"text-align: left;\"><span style=\"color: #ffffff;\">A living window that invites conversation <\/span><\/p>\n\n\t\t<\/div>\n\t<\/div>\n<\/div><\/div><\/div><div class=\"wpb_column vc_column_container vc_col-sm-4\"><div class=\"vc_column-inner\"><div class=\"wpb_wrapper\">\n\t<div class=\"wpb_text_column wpb_content_element  vc_custom_1646876039600\" >\n\t\t<div class=\"wpb_wrapper\">\n\t\t\t<h1 style=\"text-align: left;\"><span style=\"color: #ffffff;\">LONG-TERM<\/span><\/h1>\n<p style=\"text-align: left;\"><span style=\"color: #ffffff;\">Substantial savings in technical maintenance assignment hours<\/span><\/p>\n<p style=\"text-align: left;\"><span style=\"color: #ffffff;\">Free addition of new sections <\/span><\/p>\n<p style=\"text-align: left;\"><span style=\"color: #ffffff;\">Easy consumption of API's or friendly integration for third-party modules <\/span><\/p>\n<p style=\"text-align: left;\"><span style=\"color: #ffffff;\">With support for creating future features and functionality<\/span><\/p>\n\n\t\t<\/div>\n\t<\/div>\n<\/div><\/div><\/div><div class=\"wpb_column vc_column_container vc_col-sm-4\"><div class=\"vc_column-inner\"><div class=\"wpb_wrapper\">\n\t<div class=\"wpb_text_column wpb_content_element  vc_custom_1646876287206\" >\n\t\t<div class=\"wpb_wrapper\">\n\t\t\t<h2><span style=\"color: #ffffff;\">What elements do we consider when creating a site?<\/span><\/h2>\n<p><span style=\"color: #ffffff;\">Eye-catching images or initial video<\/span><br \/>\n<span style=\"color: #ffffff;\">Clear buttons and CTAs<\/span><br \/>\n<span style=\"color: #ffffff;\">Light backgrounds, quality photos, video<\/span><br \/>\n<span style=\"color: #ffffff;\">Quick access and simple menus<\/span><br \/>\n<span style=\"color: #ffffff;\">Widget integration for 360 panoramas and virtual tour of facilities<\/span><br \/>\n<span style=\"color: #ffffff;\">Widget integration for 360 panoramas and virtual tour of facilities<\/span><br \/>\n<span style=\"color: #ffffff;\">Balanced text with image<\/span><br \/>\n<span style=\"color: #ffffff;\">Attractive and useful blog<\/span><br \/>\n<span style=\"color: #ffffff;\">Chat\/whatsapp onboarding<\/span><br \/>\n<span style=\"color: #ffffff;\">Visible contact information<\/span><br \/>\n<span style=\"color: #ffffff;\">Integration with social media<\/span><br \/>\n<span style=\"color: #ffffff;\">Aligned with corporate image<\/span><br \/>\n<span style=\"color: #ffffff;\">Guidelines set by mobile first<\/span><br \/>\n<span style=\"color: #ffffff;\">Incorporation of booking engine<\/span><br \/>\n<span style=\"color: #ffffff;\">Creation of pages for specific promotions<\/span><\/p>\n\n\t\t<\/div>\n\t<\/div>\n<\/div><\/div><\/div><\/div><\/div><div class=\"vc_row wpb_row vc_row-fluid qodef-section vc_custom_1646877297651 qodef-content-aligment-left\" style=\"\"><div class=\"clearfix qodef-full-section-inner\"><div class=\"wpb_column vc_column_container vc_col-sm-12\"><div class=\"vc_column-inner\"><div class=\"wpb_wrapper\"><div class=\"qodef-elements-holder qodef-two-columns qodef-responsive-mode-768\" ><div class=\"qodef-elements-holder-item\"   data-item-class=\"qodef-elements-holder-custom-627679\">\n    <div class=\"qodef-elements-holder-item-inner\">\n        <div class=\"qodef-elements-holder-item-content qodef-elements-holder-custom-627679\" >\n            \r\n<div class=\"qodef-interactive-banner simple-banner\">\r\n        <div class=\"qodef-interactive-banner-image-holder\">\r\n        <div class=\"qodef-interactive-banner-shader\" ><\/div>\r\n        <img loading=\"lazy\" decoding=\"async\" width=\"1899\" height=\"905\" src=\"https:\/\/www.marketingzentral.com\/wp-content\/uploads\/2022\/03\/kali.jpg\" class=\"attachment-full size-full\" alt=\"\" srcset=\"https:\/\/www.marketingzentral.com\/wp-content\/uploads\/2022\/03\/kali.jpg 1899w, https:\/\/www.marketingzentral.com\/wp-content\/uploads\/2022\/03\/kali-300x143.jpg 300w, https:\/\/www.marketingzentral.com\/wp-content\/uploads\/2022\/03\/kali-1024x488.jpg 1024w, https:\/\/www.marketingzentral.com\/wp-content\/uploads\/2022\/03\/kali-768x366.jpg 768w, https:\/\/www.marketingzentral.com\/wp-content\/uploads\/2022\/03\/kali-1536x732.jpg 1536w\" sizes=\"auto, (max-width: 1899px) 100vw, 1899px\" \/>    <\/div>\r\n    <div class=\"qodef-interactive-banner-content-holder\">\r\n        <div class=\"qodef-interactive-banner-holder\">\r\n                        <h4 class=\"qodef-interactive-banner-title\">KALI HOTELES<\/h4>\r\n            <\/div>\r\n<\/div>\r\n<\/div>        <\/div>\n    <\/div>\n<\/div><div class=\"qodef-elements-holder-item\"   data-item-class=\"qodef-elements-holder-custom-274428\">\n    <div class=\"qodef-elements-holder-item-inner\">\n        <div class=\"qodef-elements-holder-item-content qodef-elements-holder-custom-274428\" >\n            \r\n<div class=\"qodef-interactive-banner simple-banner\">\r\n        <div class=\"qodef-interactive-banner-image-holder\">\r\n        <div class=\"qodef-interactive-banner-shader\" ><\/div>\r\n        <img loading=\"lazy\" decoding=\"async\" width=\"1899\" height=\"905\" src=\"https:\/\/www.marketingzentral.com\/wp-content\/uploads\/2022\/03\/delek.jpg\" class=\"attachment-full size-full\" alt=\"\" srcset=\"https:\/\/www.marketingzentral.com\/wp-content\/uploads\/2022\/03\/delek.jpg 1899w, https:\/\/www.marketingzentral.com\/wp-content\/uploads\/2022\/03\/delek-300x143.jpg 300w, https:\/\/www.marketingzentral.com\/wp-content\/uploads\/2022\/03\/delek-1024x488.jpg 1024w, https:\/\/www.marketingzentral.com\/wp-content\/uploads\/2022\/03\/delek-768x366.jpg 768w, https:\/\/www.marketingzentral.com\/wp-content\/uploads\/2022\/03\/delek-1536x732.jpg 1536w\" sizes=\"auto, (max-width: 1899px) 100vw, 1899px\" \/>    <\/div>\r\n    <div class=\"qodef-interactive-banner-content-holder\">\r\n        <div class=\"qodef-interactive-banner-holder\">\r\n                        <h4 class=\"qodef-interactive-banner-title\">DELEK TULUM<\/h4>\r\n            <\/div>\r\n<\/div>\r\n<\/div>        <\/div>\n    <\/div>\n<\/div><\/div><\/div><\/div><\/div><\/div><\/div><div class=\"vc_row wpb_row vc_row-fluid qodef-section vc_custom_1636507016637 qodef-content-aligment-left\" style=\"\"><div class=\"clearfix qodef-full-section-inner\"><div class=\"wpb_column vc_column_container vc_col-sm-12\"><div class=\"vc_column-inner\"><div class=\"wpb_wrapper\">\t<div class=\"qodef-call-to-action normal\">\n\n\t\t\t\t<div class=\"qodef-container-inner\">\n\t\t\t\t\t<div class=\"qodef-call-to-action-row-75-25 clearfix\" style=\"padding: 20px;\">\n\t\t\t\t\t\t<div class=\"qodef-text-wrapper qodef-call-to-action-column1 qodef-call-to-action-cell\">\n\t\t\t\t\t\t\t\t\t<div class=\"qodef-call-to-action-text\" style=\"font-size: 22px;font-weight: 500\"><span style=\"color: #ffffff; font-weight: 300;\">We are ready to meet your needs and answer your concerns<\/span><\/div>\n\t\t\t\t<\/div>\n\n\t\t\t\t\t\t\t\t\t<div class=\"qodef-button-wrapper qodef-call-to-action-column2 qodef-call-to-action-cell\" style =\"text-align: right ;\">\n\t\t\t\t\t\t<a itemprop=\"url\" href=\"https:\/\/www.marketingzentral.com\/en\/contact-marketingzentral-2\/\" target=\"_self\" style=\"color: #24262a;background-color: #ffffff;border-color: #ffffff\" class=\"qodef-btn qodef-btn-medium qodef-btn-solid qodef-btn-custom-hover-bg qodef-btn-custom-border-hover qodef-btn-custom-hover-color qodef-btn-icon\" data-hover-bg-color=\"#ffffff\" data-hover-color=\"#24262a\" data-hover-border-color=\"#ffffff\" >    <span class=\"qodef-btn-text\">More Information<\/span>    <span class=\"qodef-btn-icon-normal\"><i class=\"qodef-icon-font-awesome fa fa-angle-right\" ><\/i><\/span>    <span class=\"qodef-btn-icon-flip\"><i class=\"qodef-icon-font-awesome fa fa-angle-right\" ><\/i><\/span>        <\/a>\t\t\t\t\t<\/div>\n\t\t\t\t\t\t\t<\/div>\n\t\t\t\t<\/div>\n\t\t\t<\/div>\n<\/div><\/div><\/div><\/div><\/div>\n<\/section>","protected":false},"excerpt":{"rendered":"WEB El primer punto de contacto con sus clientes es tambi\u00e9n el canal de venta m\u00e1s rentable para el negocio y accesible para el consumidor. Desarrollamos una imagen visual atractiva y una navegaci\u00f3n funcional, construida sobre una plataforma escalable y flexible, din\u00e1mica e informativa. Nos...","protected":false},"author":1,"featured_media":0,"parent":0,"menu_order":0,"comment_status":"closed","ping_status":"closed","template":"full-width.php","meta":{"_monsterinsights_skip_tracking":false,"_monsterinsights_sitenote_active":false,"_monsterinsights_sitenote_note":"","_monsterinsights_sitenote_category":0,"_joinchat":[],"footnotes":""},"class_list":["post-8369","page","type-page","status-publish","hentry"],"_links":{"self":[{"href":"https:\/\/www.marketingzentral.com\/en\/wp-json\/wp\/v2\/pages\/8369","targetHints":{"allow":["GET"]}}],"collection":[{"href":"https:\/\/www.marketingzentral.com\/en\/wp-json\/wp\/v2\/pages"}],"about":[{"href":"https:\/\/www.marketingzentral.com\/en\/wp-json\/wp\/v2\/types\/page"}],"author":[{"embeddable":true,"href":"https:\/\/www.marketingzentral.com\/en\/wp-json\/wp\/v2\/users\/1"}],"replies":[{"embeddable":true,"href":"https:\/\/www.marketingzentral.com\/en\/wp-json\/wp\/v2\/comments?post=8369"}],"version-history":[{"count":0,"href":"https:\/\/www.marketingzentral.com\/en\/wp-json\/wp\/v2\/pages\/8369\/revisions"}],"wp:attachment":[{"href":"https:\/\/www.marketingzentral.com\/en\/wp-json\/wp\/v2\/media?parent=8369"}],"curies":[{"name":"wp","href":"https:\/\/api.w.org\/{rel}","templated":true}]}}