{"id":8468,"date":"2022-03-11T03:16:09","date_gmt":"2022-03-11T03:16:09","guid":{"rendered":"https:\/\/www.marketingzentral.com\/?page_id=8468"},"modified":"2024-03-06T23:30:37","modified_gmt":"2024-03-06T23:30:37","slug":"relaciones-publicas","status":"publish","type":"page","link":"https:\/\/www.marketingzentral.com\/en\/relaciones-publicas\/","title":{"rendered":"PUBLIC RELATIONS"},"content":{"rendered":"<section class=\"wpb-content-wrapper\"><div data-qodef-parallax-speed=\"1\" class=\"vc_row wpb_row vc_row-fluid qodef-section semmovil vc_custom_1646842241667 qodef-content-aligment-center qodef-parallax-section-holder qodef-parallax-section-holder-touch-disabled\" style=\"\"><div class=\"clearfix qodef-full-section-inner\"><div class=\"wpb_column vc_column_container vc_col-sm-6 vc_hidden-xs\"><div class=\"vc_column-inner\"><div class=\"wpb_wrapper\">\n\t<div class=\"wpb_text_column wpb_content_element  vc_custom_1652760518287 movildigital\" >\n\t\t<div class=\"wpb_wrapper\">\n\t\t\t<h1 style=\"text-align: left; font-weight: 900; color: #fb6a1b;\">PUBLIC RELATIONS<\/h1>\n<p style=\"text-align: left;\"><span style=\"color: #ffffff; font-size: 19px;\">Public relations contribute to the positioning of a brand through various strategies that involve the media and opinion leaders, communicating news, products and benefits of the brand, accelerating business and strengthening<br \/>\nrelationships with key interlocutors.<\/span><\/p>\n\n\t\t<\/div>\n\t<\/div>\n<\/div><\/div><\/div><div class=\"wpb_column vc_column_container vc_col-sm-6 vc_hidden-xs\"><div class=\"vc_column-inner\"><div class=\"wpb_wrapper\">\n\t<div  class=\"wpb_single_image wpb_content_element vc_align_right  vc_custom_1651594005047\">\n\t\t\n\t\t<figure class=\"wpb_wrapper vc_figure\">\n\t\t\t<div class=\"vc_single_image-wrapper   vc_box_border_grey\"><img loading=\"lazy\" decoding=\"async\" class=\"vc_single_image-img\" src=\"https:\/\/www.marketingzentral.com\/wp-content\/uploads\/2022\/03\/rp-502x354.jpg\" width=\"502\" height=\"354\" alt=\"Group Of Happy Coworkers Discussing In Conference Room\" title=\"Happy Business People In Meeting\" \/><\/div>\n\t\t<\/figure>\n\t<\/div>\n<\/div><\/div><\/div><\/div><\/div><div data-qodef-parallax-speed=\"1\" class=\"vc_row wpb_row vc_row-fluid qodef-section nomovil vc_custom_1646842891915 qodef-content-aligment-center qodef-parallax-section-holder qodef-parallax-section-holder-touch-disabled qodef-grid-section\" style=\"\"><div class=\"clearfix qodef-section-inner\"><div class=\"qodef-section-inner-margin clearfix\"><div class=\"wpb_column vc_column_container vc_col-sm-6 vc_hidden-lg\"><div class=\"vc_column-inner\"><div class=\"wpb_wrapper\">\n\t<div class=\"wpb_text_column wpb_content_element  vc_custom_1647981925282 movildigital\" >\n\t\t<div class=\"wpb_wrapper\">\n\t\t\t<h1 style=\"text-align: left; font-weight: 900; color: #fb6a1b;\">RELACIONES PUBLICAS<\/h1>\n<h2 style=\"color: #ffffff; text-align: left; font-size: 22px;\">Objetivos del plan de Relaciones P\u00fablicas<\/h2>\n<p style=\"text-align: left;\"><span style=\"color: #ffffff; font-size: 19px;\">Contribuir al posicionamiento de marca ubic\u00e1ndolo como una de las mejores opciones en la Ciudad en M\u00e9xico<\/span><\/p>\n<p style=\"text-align: left;\"><span style=\"color: #ffffff; font-size: 19px;\">Difundir a trav\u00e9s de estrategias diversas a los medios de comunicaci\u00f3n de los principales mercados emisores, novedades, productos y beneficios de la marca<\/span><\/p>\n<p style=\"text-align: left;\"><span style=\"color: #ffffff; font-size: 19px;\">Incrementar la aportaci\u00f3n de la Comunicaci\u00f3n y las Relaciones P\u00fablicas para lograr acelerar el negocio, posicionarlo, fidelizar clientes, generar nuevos proyectos, convirti\u00e9ndolo en una fuente de informaci\u00f3n confiable y veraz para periodistas, fortaleciendo las relaciones con los l\u00edderes de opini\u00f3n e interlocutores claves.<\/span><\/p>\n\n\t\t<\/div>\n\t<\/div>\n<\/div><\/div><\/div><div class=\"wpb_column vc_column_container vc_col-sm-6 vc_hidden-lg\"><div class=\"vc_column-inner\"><div class=\"wpb_wrapper\">\n\t<div  class=\"wpb_single_image wpb_content_element vc_align_right  vc_custom_1647982078937\">\n\t\t\n\t\t<figure class=\"wpb_wrapper vc_figure\">\n\t\t\t<div class=\"vc_single_image-wrapper   vc_box_border_grey\"><img loading=\"lazy\" decoding=\"async\" class=\"vc_single_image-img\" src=\"https:\/\/www.marketingzentral.com\/wp-content\/uploads\/2022\/03\/rp-502x354.jpg\" width=\"502\" height=\"354\" alt=\"Group Of Happy Coworkers Discussing In Conference Room\" title=\"Happy Business People In Meeting\" \/><\/div>\n\t\t<\/figure>\n\t<\/div>\n<\/div><\/div><\/div><\/div><\/div><\/div><div class=\"vc_row wpb_row vc_row-fluid qodef-section semmovil vc_custom_1647982112682 qodef-content-aligment-left qodef-grid-section\" style=\"\"><div class=\"clearfix qodef-section-inner\"><div class=\"qodef-section-inner-margin clearfix\"><div class=\"wpb_column vc_column_container vc_col-sm-12 vc_hidden-xs\"><div class=\"vc_column-inner\"><div class=\"wpb_wrapper\"><div class=\"qodef-elements-holder qodef-two-columns qodef-responsive-mode-768\" style=\"background-color:#ffffff;\"><div class=\"qodef-elements-holder-item\"  style=\"background-color: #ffffff\" data-item-class=\"qodef-elements-holder-custom-563802\">\n    <div class=\"qodef-elements-holder-item-inner\">\n        <div class=\"qodef-elements-holder-item-content qodef-elements-holder-custom-563802\" >\n            \n\t<div class=\"wpb_text_column wpb_content_element  vc_custom_1652760544132\" >\n\t\t<div class=\"wpb_wrapper\">\n\t\t\t<p style=\"text-align: left; font-size: 19px;\"><span style=\"color: #ff6600; font-weight: 800;\">CONSUMER<\/span><\/p>\n<p><span style=\"font-size: 19px; color: #003366;\">Reaching an international or local audience, generating empathy and interest with messages that connect with them.<\/span><\/p>\n<p style=\"text-align: left; font-size: 19px;\"><span style=\"color: #ff6600; font-weight: 800;\">INDUSTRY<\/span><\/p>\n<p><span style=\"font-size: 19px; color: #003366;\">We reach agencies, Tour Operators and specialized media in the sector oriented by encouraging marketing and reputation.<\/span><\/p>\n<p style=\"text-align: left; font-size: 19px;\"><span style=\"color: #ff6600; font-weight: 800;\">MEDIA<br \/>\n<\/span><\/p>\n<p><span style=\"color: #003366; font-size: 19px;\">Dissemination of news in relevant media, maximizing the return on marketing investment with opinion leaders, editors and journalists.<\/span><\/p>\n\n\t\t<\/div>\n\t<\/div>\n        <\/div>\n    <\/div>\n<\/div><div class=\"qodef-elements-holder-item\"   data-item-class=\"qodef-elements-holder-custom-803629\">\n    <div class=\"qodef-elements-holder-item-inner\">\n        <div class=\"qodef-elements-holder-item-content qodef-elements-holder-custom-803629\" >\n            \n\t<div  class=\"wpb_single_image wpb_content_element vc_align_center  vc_custom_1646970351292\">\n\t\t\n\t\t<figure class=\"wpb_wrapper vc_figure\">\n\t\t\t<div class=\"vc_single_image-wrapper   vc_box_border_grey\"><img loading=\"lazy\" decoding=\"async\" width=\"800\" height=\"782\" src=\"https:\/\/www.marketingzentral.com\/wp-content\/uploads\/2022\/03\/relacionespublicas.jpg\" class=\"vc_single_image-img attachment-full\" alt=\"\" title=\"relacionespublicas\" srcset=\"https:\/\/www.marketingzentral.com\/wp-content\/uploads\/2022\/03\/relacionespublicas.jpg 800w, https:\/\/www.marketingzentral.com\/wp-content\/uploads\/2022\/03\/relacionespublicas-300x293.jpg 300w, https:\/\/www.marketingzentral.com\/wp-content\/uploads\/2022\/03\/relacionespublicas-768x751.jpg 768w\" sizes=\"auto, (max-width: 800px) 100vw, 800px\" \/><\/div>\n\t\t<\/figure>\n\t<\/div>\n        <\/div>\n    <\/div>\n<\/div><\/div><\/div><\/div><\/div><\/div><\/div><\/div><div class=\"vc_row wpb_row vc_row-fluid qodef-section nomovil vc_custom_1647982142210 qodef-content-aligment-left qodef-grid-section\" style=\"\"><div class=\"clearfix qodef-section-inner\"><div class=\"qodef-section-inner-margin clearfix\"><div class=\"wpb_column vc_column_container vc_col-sm-12 vc_hidden-lg\"><div class=\"vc_column-inner\"><div class=\"wpb_wrapper\"><div class=\"qodef-elements-holder qodef-two-columns qodef-responsive-mode-768\" style=\"background-color:#ffffff;\"><div class=\"qodef-elements-holder-item\"  style=\"background-color: #ffffff\" data-item-class=\"qodef-elements-holder-custom-364764\">\n    <div class=\"qodef-elements-holder-item-inner\">\n        <div class=\"qodef-elements-holder-item-content qodef-elements-holder-custom-364764\" >\n            \n\t<div class=\"wpb_text_column wpb_content_element  vc_custom_1651594422858\" >\n\t\t<div class=\"wpb_wrapper\">\n\t\t\t<p style=\"text-align: left; font-size: 19px;\"><span style=\"color: #ff6600; font-weight: 800;\">CONSUMER<\/span><\/p>\n<p><span style=\"font-size: 19px; color: #003366;\">Alcanzando una audiencia internacional o local generando<br \/>\nempat\u00eda e inter\u00e9s con mensajes que conecten con ellos.<\/span><\/p>\n<p style=\"text-align: left; font-size: 19px;\"><span style=\"color: #ff6600; font-weight: 800;\">INDUSTRY<\/span><\/p>\n<p><span style=\"font-size: 19px; color: #003366;\">Llegamos a agencias, Tour-Operadores y medios especializados en el sector<br \/>\norientados incentivando la comercializaci\u00f3n y la reputaci\u00f3n.<\/span><\/p>\n<p style=\"text-align: left; font-size: 19px;\"><span style=\"color: #ff6600; font-weight: 800;\">MEDIA<br \/>\n<\/span><\/p>\n<p><span style=\"color: #003366; font-size: 19px;\">Difusi\u00f3n de noticias en medios de inter\u00e9s maximizando el retorno de la<br \/>\ninversi\u00f3n de marketing con l\u00edderes de opini\u00f3n, editores y periodistas.<\/span><\/p>\n\n\t\t<\/div>\n\t<\/div>\n        <\/div>\n    <\/div>\n<\/div><div class=\"qodef-elements-holder-item\"   data-item-class=\"qodef-elements-holder-custom-822639\">\n    <div class=\"qodef-elements-holder-item-inner\">\n        <div class=\"qodef-elements-holder-item-content qodef-elements-holder-custom-822639\" >\n            \n\t<div  class=\"wpb_single_image wpb_content_element vc_align_center  vc_custom_1646970351292\">\n\t\t\n\t\t<figure class=\"wpb_wrapper vc_figure\">\n\t\t\t<div class=\"vc_single_image-wrapper   vc_box_border_grey\"><img loading=\"lazy\" decoding=\"async\" width=\"800\" height=\"782\" src=\"https:\/\/www.marketingzentral.com\/wp-content\/uploads\/2022\/03\/relacionespublicas.jpg\" class=\"vc_single_image-img attachment-full\" alt=\"\" title=\"relacionespublicas\" srcset=\"https:\/\/www.marketingzentral.com\/wp-content\/uploads\/2022\/03\/relacionespublicas.jpg 800w, https:\/\/www.marketingzentral.com\/wp-content\/uploads\/2022\/03\/relacionespublicas-300x293.jpg 300w, https:\/\/www.marketingzentral.com\/wp-content\/uploads\/2022\/03\/relacionespublicas-768x751.jpg 768w\" sizes=\"auto, (max-width: 800px) 100vw, 800px\" \/><\/div>\n\t\t<\/figure>\n\t<\/div>\n        <\/div>\n    <\/div>\n<\/div><\/div><\/div><\/div><\/div><\/div><\/div><\/div><div class=\"vc_row wpb_row vc_row-fluid qodef-section semmovil vc_custom_1647981778810 qodef-content-aligment-left\" style=\"\"><div class=\"clearfix qodef-full-section-inner\"><div class=\"wpb_column vc_column_container vc_col-sm-12 vc_hidden-xs\"><div class=\"vc_column-inner\"><div class=\"wpb_wrapper\">\n\t<div class=\"wpb_text_column wpb_content_element  vc_custom_1646970528216\" >\n\t\t<div class=\"wpb_wrapper\">\n\t\t\t<p style=\"text-align: left; font-size: 22px;\"><span style=\"color: #ffffff;\">A tailor-made plan that will include segments of Lifestyle, Tourism, Society, home and nature, touching Destination (Solo travel, weekend getaways, just to rest, sports, bleisure and workation and outdoor experiences) Gastronomy (gastronomic experience with local ingredients and island dishes)<\/span><\/p>\n<p style=\"text-align: left;\"><span style=\"color: #ffffff; font-size: 22px;\">FAM TRIPS<\/span><br \/>\n<span style=\"color: #ffffff; font-size: 22px;\">PRESS RELEASES<\/span><br \/>\n<span style=\"color: #ffffff; font-size: 22px;\">ENTREVISTAS \/ WEBINARS<\/span><br \/>\n<span style=\"color: #ffffff; font-size: 22px;\">RELATIONSHIP AND COMARKETING<\/span><\/p>\n\n\t\t<\/div>\n\t<\/div>\n<\/div><\/div><\/div><\/div><\/div><div class=\"vc_row wpb_row vc_row-fluid qodef-section nomovil vc_custom_1647981801945 qodef-content-aligment-left\" style=\"\"><div class=\"clearfix qodef-full-section-inner\"><div class=\"wpb_column vc_column_container vc_col-sm-12 vc_hidden-lg\"><div class=\"vc_column-inner\"><div class=\"wpb_wrapper\">\n\t<div class=\"wpb_text_column wpb_content_element  vc_custom_1647981887060\" >\n\t\t<div class=\"wpb_wrapper\">\n\t\t\t<p style=\"text-align: left; font-size: 22px;\"><span style=\"color: #ffffff;\">A tailor-made plan that will include segments of Lifestyle, Tourism, Society, home and nature, touching Destination (Solo travel, weekend getaways, just to rest, sports, bleisure and workation and outdoor experiences) Gastronomy (gastronomic experience with local ingredients and island dishes)<\/span><\/p>\n<p style=\"text-align: left;\"><span style=\"color: #ffffff; font-size: 22px;\">FAM TRIPS<\/span><br \/>\n<span style=\"color: #ffffff; font-size: 22px;\">PRESS RELEASES<\/span><br \/>\n<span style=\"color: #ffffff; font-size: 22px;\">ENTREVISTAS \/ WEBINARS<\/span><br \/>\n<span style=\"color: #ffffff; font-size: 22px;\">RELATIONSHIP AND COMARKETING<\/span><\/p>\n\n\t\t<\/div>\n\t<\/div>\n<\/div><\/div><\/div><\/div><\/div><div class=\"vc_row wpb_row vc_row-fluid qodef-section vc_custom_1646876348271 qodef-content-aligment-left\" style=\"\"><div class=\"clearfix qodef-full-section-inner\"><div class=\"wpb_column vc_column_container vc_col-sm-12\"><div class=\"vc_column-inner\"><div class=\"wpb_wrapper\">\n\t<div class=\"wpb_text_column wpb_content_element  vc_custom_1646970869023\" >\n\t\t<div class=\"wpb_wrapper\">\n\t\t\t<h1 style=\"text-align: center;\">KPI's Evaluation Criteria<\/h1>\n<h2 style=\"text-align: center;\">The message of each of the scheduled activities will be evaluated independently considering the scope of the message and the value of ad equivalence:<\/h2>\n\n\t\t<\/div>\n\t<\/div>\n<\/div><\/div><\/div><\/div><\/div><div class=\"vc_row wpb_row vc_row-fluid qodef-section vc_custom_1646970906406 qodef-content-aligment-left\" style=\"\"><div class=\"clearfix qodef-full-section-inner\"><div class=\"wpb_column vc_column_container vc_col-sm-4\"><div class=\"vc_column-inner\"><div class=\"wpb_wrapper\">\n\t<div class=\"wpb_text_column wpb_content_element  vc_custom_1646970671200\" >\n\t\t<div class=\"wpb_wrapper\">\n\t\t\t<h1><span style=\"color: #ffffff;\">OUTPUTS<\/span><\/h1>\n<p style=\"text-align: left;\"><span style=\"color: #ffffff;\">Number of scheduled PR campaign activities<\/span><\/p>\n\n\t\t<\/div>\n\t<\/div>\n<\/div><\/div><\/div><div class=\"wpb_column vc_column_container vc_col-sm-4\"><div class=\"vc_column-inner\"><div class=\"wpb_wrapper\">\n\t<div class=\"wpb_text_column wpb_content_element  vc_custom_1646970698922\" >\n\t\t<div class=\"wpb_wrapper\">\n\t\t\t<h1 style=\"text-align: left;\"><span style=\"color: #ffffff;\">OUTTAKES<\/span><\/h1>\n<p style=\"text-align: left;\"><span style=\"color: #ffffff;\">Number of PR campaign activities carried out and evaluation of the type of audience<\/span><\/p>\n\n\t\t<\/div>\n\t<\/div>\n<\/div><\/div><\/div><div class=\"wpb_column vc_column_container vc_col-sm-4\"><div class=\"vc_column-inner\"><div class=\"wpb_wrapper\">\n\t<div class=\"wpb_text_column wpb_content_element  vc_custom_1646970775656\" >\n\t\t<div class=\"wpb_wrapper\">\n\t\t\t<h1 style=\"text-align: left;\"><span style=\"color: #ffffff;\">OUTCOME<\/span><\/h1>\n<p style=\"text-align: left;\"><span style=\"color: #ffffff;\">Evaluation of the message and positioning. Information Analysis<\/span><\/p>\n\n\t\t<\/div>\n\t<\/div>\n<\/div><\/div><\/div><\/div><\/div><div class=\"vc_row wpb_row vc_row-fluid qodef-section vc_custom_1636507016637 qodef-content-aligment-left\" style=\"\"><div class=\"clearfix qodef-full-section-inner\"><div class=\"wpb_column vc_column_container vc_col-sm-12\"><div class=\"vc_column-inner\"><div class=\"wpb_wrapper\">\t<div class=\"qodef-call-to-action normal\">\n\n\t\t\t\t<div class=\"qodef-container-inner\">\n\t\t\t\t\t<div class=\"qodef-call-to-action-row-75-25 clearfix\" style=\"padding: 20px;\">\n\t\t\t\t\t\t<div class=\"qodef-text-wrapper qodef-call-to-action-column1 qodef-call-to-action-cell\">\n\t\t\t\t\t\t\t\t\t<div class=\"qodef-call-to-action-text\" style=\"font-size: 22px;font-weight: 500\"><span style=\"color: #ffffff; font-weight: 300;\">We are ready to meet your needs and answer your concerns<\/span><\/div>\n\t\t\t\t<\/div>\n\n\t\t\t\t\t\t\t\t\t<div class=\"qodef-button-wrapper qodef-call-to-action-column2 qodef-call-to-action-cell\" style =\"text-align: right ;\">\n\t\t\t\t\t\t<a itemprop=\"url\" href=\"https:\/\/www.marketingzentral.com\/en\/contact-marketingzentral-2\/\" target=\"_self\" style=\"color: #24262a;background-color: #ffffff;border-color: #ffffff\" class=\"qodef-btn qodef-btn-medium qodef-btn-solid qodef-btn-custom-hover-bg qodef-btn-custom-border-hover qodef-btn-custom-hover-color qodef-btn-icon\" data-hover-bg-color=\"#ffffff\" data-hover-color=\"#24262a\" data-hover-border-color=\"#ffffff\" >    <span class=\"qodef-btn-text\">More Information<\/span>    <span class=\"qodef-btn-icon-normal\"><i class=\"qodef-icon-font-awesome fa fa-angle-right\" ><\/i><\/span>    <span class=\"qodef-btn-icon-flip\"><i class=\"qodef-icon-font-awesome fa fa-angle-right\" ><\/i><\/span>        <\/a>\t\t\t\t\t<\/div>\n\t\t\t\t\t\t\t<\/div>\n\t\t\t\t<\/div>\n\t\t\t<\/div>\n<\/div><\/div><\/div><\/div><\/div>\n<\/section>","protected":false},"excerpt":{"rendered":"RELACIONES P\u00daBLICAS Las relaciones publicas contribuyen al posicionamiento de una marca a trav\u00e9s de diversas estrategias que involucran a medios de comunicaci\u00f3n y lideres de opini\u00f3n comunicando novedades, productos y beneficios de la marca, acelerando el negocio y fortaleciendo las relaciones con interlocutores claves. RELACIONES...","protected":false},"author":1,"featured_media":0,"parent":0,"menu_order":0,"comment_status":"closed","ping_status":"closed","template":"full-width.php","meta":{"_monsterinsights_skip_tracking":false,"_monsterinsights_sitenote_active":false,"_monsterinsights_sitenote_note":"","_monsterinsights_sitenote_category":0,"_joinchat":[],"footnotes":""},"class_list":["post-8468","page","type-page","status-publish","hentry"],"_links":{"self":[{"href":"https:\/\/www.marketingzentral.com\/en\/wp-json\/wp\/v2\/pages\/8468","targetHints":{"allow":["GET"]}}],"collection":[{"href":"https:\/\/www.marketingzentral.com\/en\/wp-json\/wp\/v2\/pages"}],"about":[{"href":"https:\/\/www.marketingzentral.com\/en\/wp-json\/wp\/v2\/types\/page"}],"author":[{"embeddable":true,"href":"https:\/\/www.marketingzentral.com\/en\/wp-json\/wp\/v2\/users\/1"}],"replies":[{"embeddable":true,"href":"https:\/\/www.marketingzentral.com\/en\/wp-json\/wp\/v2\/comments?post=8468"}],"version-history":[{"count":0,"href":"https:\/\/www.marketingzentral.com\/en\/wp-json\/wp\/v2\/pages\/8468\/revisions"}],"wp:attachment":[{"href":"https:\/\/www.marketingzentral.com\/en\/wp-json\/wp\/v2\/media?parent=8468"}],"curies":[{"name":"wp","href":"https:\/\/api.w.org\/{rel}","templated":true}]}}