{"id":8639,"date":"2022-03-13T01:32:57","date_gmt":"2022-03-13T01:32:57","guid":{"rendered":"https:\/\/www.marketingzentral.com\/?page_id=8639"},"modified":"2024-03-06T23:30:34","modified_gmt":"2024-03-06T23:30:34","slug":"contenidos-blog","status":"publish","type":"page","link":"https:\/\/www.marketingzentral.com\/en\/contenidos-blog\/","title":{"rendered":""},"content":{"rendered":"<section class=\"wpb-content-wrapper\"><div class=\"vc_row wpb_row vc_row-fluid qodef-section vc_custom_1647135843710 qodef-content-aligment-left\" style=\"\"><div class=\"clearfix qodef-full-section-inner\"><div class=\"wpb_column vc_column_container vc_col-sm-6\"><div class=\"vc_column-inner\"><div class=\"wpb_wrapper\"><\/div><\/div><\/div><div class=\"wpb_column vc_column_container vc_col-sm-6\"><div class=\"vc_column-inner\"><div class=\"wpb_wrapper\">\n\t<div class=\"wpb_text_column wpb_content_element  vc_custom_1647135169132\" >\n\t\t<div class=\"wpb_wrapper\">\n\t\t\t<h1 style=\"text-align: left;\"><span style=\"color: #ff6600; font-weight: 800; font-size: 33px;\">BLOG<\/span><\/h1>\n<p style=\"text-align: left;\"><span style=\"color: #ffffff; font-size: 20px;\">As part of a holistic content and SEO strategy, building quality links to your site is essential. This is one of the hardest things to do, and something most digital marketers fall short of. One of the most effective ways to build inbound links to your site is to guest blog on other quality sites. Our team understands the importance of getting valuable links and knows how to find the most relevant blogs to feature on.<\/span><\/p>\n\n\t\t<\/div>\n\t<\/div>\n<\/div><\/div><\/div><\/div><\/div><div class=\"vc_row wpb_row vc_row-fluid qodef-section semmovil vc_custom_1647136343836 qodef-content-aligment-left\" style=\"\"><div class=\"clearfix qodef-full-section-inner\"><div class=\"wpb_column vc_column_container vc_col-sm-6 vc_hidden-xs\"><div class=\"vc_column-inner\"><div class=\"wpb_wrapper\">\n\t<div class=\"wpb_text_column wpb_content_element  vc_custom_1647135587039\" >\n\t\t<div class=\"wpb_wrapper\">\n\t\t\t<p style=\"text-align: left;\"><span style=\"color: #ffffff; font-size: 19px;\">Setting up a blog on your website is the best way to reach new potential customers. As mentioned before, 81% of consumers trust the information and advice in blog posts.<\/span><\/p>\n<p style=\"text-align: left;\"><span style=\"color: #ffffff; font-size: 19px;\">You can write the article yourself or hire a professional editor to write it for you.<\/span><\/p>\n<p style=\"text-align: left;\"><span style=\"color: #ffffff; font-size: 19px;\">Offer high-quality content with an ideal length of 2,000-3,000 words and useful tips, for example, about activities in your area, the history of your hotel or the people behind the scenes.<\/span><\/p>\n\n\t\t<\/div>\n\t<\/div>\n<\/div><\/div><\/div><div class=\"wpb_column vc_column_container vc_col-sm-6\"><div class=\"vc_column-inner\"><div class=\"wpb_wrapper\">\n\t<div  class=\"wpb_single_image wpb_content_element vc_align_center  vc_custom_1647135593082\">\n\t\t\n\t\t<figure class=\"wpb_wrapper vc_figure\">\n\t\t\t<div class=\"vc_single_image-wrapper   vc_box_border_grey\"><img loading=\"lazy\" decoding=\"async\" width=\"608\" height=\"417\" src=\"https:\/\/www.marketingzentral.com\/wp-content\/uploads\/2022\/03\/blog1.jpg\" class=\"vc_single_image-img attachment-full\" alt=\"\" title=\"blog1\" srcset=\"https:\/\/www.marketingzentral.com\/wp-content\/uploads\/2022\/03\/blog1.jpg 608w, https:\/\/www.marketingzentral.com\/wp-content\/uploads\/2022\/03\/blog1-300x206.jpg 300w\" sizes=\"auto, (max-width: 608px) 100vw, 608px\" \/><\/div>\n\t\t<\/figure>\n\t<\/div>\n<\/div><\/div><\/div><\/div><\/div><div class=\"vc_row wpb_row vc_row-fluid qodef-section vc_custom_1636507016637 qodef-content-aligment-left\" style=\"\"><div class=\"clearfix qodef-full-section-inner\"><div class=\"wpb_column vc_column_container vc_col-sm-12\"><div class=\"vc_column-inner\"><div class=\"wpb_wrapper\">\t<div class=\"qodef-call-to-action normal\">\n\n\t\t\t\t<div class=\"qodef-container-inner\">\n\t\t\t\t\t<div class=\"qodef-call-to-action-row-75-25 clearfix\" style=\"padding: 20px;\">\n\t\t\t\t\t\t<div class=\"qodef-text-wrapper qodef-call-to-action-column1 qodef-call-to-action-cell\">\n\t\t\t\t\t\t\t\t\t<div class=\"qodef-call-to-action-text\" style=\"font-size: 22px;font-weight: 500\"><span style=\"color: #ffffff; font-weight: 200;\">We are ready to meet your needs and answer your concerns<\/span><\/div>\n\t\t\t\t<\/div>\n\n\t\t\t\t\t\t\t\t\t<div class=\"qodef-button-wrapper qodef-call-to-action-column2 qodef-call-to-action-cell\" style =\"text-align: right ;\">\n\t\t\t\t\t\t<a itemprop=\"url\" href=\"#\" target=\"_self\" style=\"color: #24262a;background-color: #ffffff;border-color: #ffffff\" class=\"qodef-btn qodef-btn-medium qodef-btn-solid qodef-btn-custom-hover-bg qodef-btn-custom-border-hover qodef-btn-custom-hover-color qodef-btn-icon\" data-hover-bg-color=\"#ffffff\" data-hover-color=\"#24262a\" data-hover-border-color=\"#ffffff\" >    <span class=\"qodef-btn-text\">More Information<\/span>    <span class=\"qodef-btn-icon-normal\"><i class=\"qodef-icon-font-awesome fa fa-angle-right\" ><\/i><\/span>    <span class=\"qodef-btn-icon-flip\"><i class=\"qodef-icon-font-awesome fa fa-angle-right\" ><\/i><\/span>        <\/a>\t\t\t\t\t<\/div>\n\t\t\t\t\t\t\t<\/div>\n\t\t\t\t<\/div>\n\t\t\t<\/div>\n<\/div><\/div><\/div><\/div><\/div>\n<\/section>","protected":false},"excerpt":{"rendered":"BLOG Como parte de una estrategia de SEO y contenido hol\u00edstico, es esencial crear enlaces de calidad a su sitio. Esta es una de las cosas m\u00e1s dif\u00edciles de hacer, y algo en lo que la mayor\u00eda de los especialistas en marketing digital se quedan...","protected":false},"author":1,"featured_media":0,"parent":0,"menu_order":0,"comment_status":"closed","ping_status":"closed","template":"full-width.php","meta":{"_monsterinsights_skip_tracking":false,"_monsterinsights_sitenote_active":false,"_monsterinsights_sitenote_note":"","_monsterinsights_sitenote_category":0,"_joinchat":[],"footnotes":""},"class_list":["post-8639","page","type-page","status-publish","hentry"],"_links":{"self":[{"href":"https:\/\/www.marketingzentral.com\/en\/wp-json\/wp\/v2\/pages\/8639","targetHints":{"allow":["GET"]}}],"collection":[{"href":"https:\/\/www.marketingzentral.com\/en\/wp-json\/wp\/v2\/pages"}],"about":[{"href":"https:\/\/www.marketingzentral.com\/en\/wp-json\/wp\/v2\/types\/page"}],"author":[{"embeddable":true,"href":"https:\/\/www.marketingzentral.com\/en\/wp-json\/wp\/v2\/users\/1"}],"replies":[{"embeddable":true,"href":"https:\/\/www.marketingzentral.com\/en\/wp-json\/wp\/v2\/comments?post=8639"}],"version-history":[{"count":0,"href":"https:\/\/www.marketingzentral.com\/en\/wp-json\/wp\/v2\/pages\/8639\/revisions"}],"wp:attachment":[{"href":"https:\/\/www.marketingzentral.com\/en\/wp-json\/wp\/v2\/media?parent=8639"}],"curies":[{"name":"wp","href":"https:\/\/api.w.org\/{rel}","templated":true}]}}