{"id":8654,"date":"2022-03-13T02:15:05","date_gmt":"2022-03-13T02:15:05","guid":{"rendered":"https:\/\/www.marketingzentral.com\/?page_id=8654"},"modified":"2024-03-06T23:30:33","modified_gmt":"2024-03-06T23:30:33","slug":"ebooks","status":"publish","type":"page","link":"https:\/\/www.marketingzentral.com\/en\/ebooks\/","title":{"rendered":""},"content":{"rendered":"<section class=\"wpb-content-wrapper\"><div class=\"vc_row wpb_row vc_row-fluid qodef-section vc_custom_1647137225320 qodef-content-aligment-left\" style=\"\"><div class=\"clearfix qodef-full-section-inner\"><div class=\"wpb_column vc_column_container vc_col-sm-6\"><div class=\"vc_column-inner\"><div class=\"wpb_wrapper\">\n\t<div class=\"wpb_text_column wpb_content_element  vc_custom_1647138446902\" >\n\t\t<div class=\"wpb_wrapper\">\n\t\t\t<h1 style=\"text-align: left;\"><span style=\"color: #ff6600; font-weight: 800; font-size: 33px;\">E-Books<\/span><\/h1>\n<p style=\"text-align: left;\"><span style=\"color: #ffffff; font-size: 20px;\">Creating eBooks allows consumers to continue reading your blog posts later.<\/span><\/p>\n<p style=\"text-align: left;\"><span style=\"color: #ffffff; font-size: 20px;\">You can turn your blog posts into eBooks or summarize them and create, for example, a short travel guide for your specific area.<\/span><\/p>\n<p><span style=\"color: #ffffff; font-size: 20px;\">E-books create the feeling of increased value and give you a great way to interact with consumers offline.<\/span><\/p>\n<p><span style=\"color: #ffffff; font-size: 20px;\">After you create the eBooks, you won't just give them away. Set up landing pages where you have consumers fill out a form to download the eBooks.<\/span><\/p>\n<p><span style=\"color: #ffffff; font-size: 20px;\">Through that, you can collect their details and contact them via an email campaign, later on.<\/span><\/p>\n<p><span style=\"color: #ffffff; font-size: 20px;\">Make sure the amount of detail requested within the forms correlates to the value of the eBook, otherwise consumers won't get the feel of a good deal.<\/span><\/p>\n\n\t\t<\/div>\n\t<\/div>\n<\/div><\/div><\/div><div class=\"wpb_column vc_column_container vc_col-sm-6\"><div class=\"vc_column-inner\"><div class=\"wpb_wrapper\">\n\t<div  class=\"wpb_single_image wpb_content_element vc_align_left  vc_custom_1647138350321\">\n\t\t\n\t\t<figure class=\"wpb_wrapper vc_figure\">\n\t\t\t<div class=\"vc_single_image-wrapper   vc_box_border_grey\"><img loading=\"lazy\" decoding=\"async\" width=\"726\" height=\"435\" src=\"https:\/\/www.marketingzentral.com\/wp-content\/uploads\/2022\/03\/ebook.jpg\" class=\"vc_single_image-img attachment-full\" alt=\"\" title=\"ebook\" srcset=\"https:\/\/www.marketingzentral.com\/wp-content\/uploads\/2022\/03\/ebook.jpg 726w, https:\/\/www.marketingzentral.com\/wp-content\/uploads\/2022\/03\/ebook-300x180.jpg 300w\" sizes=\"auto, (max-width: 726px) 100vw, 726px\" \/><\/div>\n\t\t<\/figure>\n\t<\/div>\n<\/div><\/div><\/div><\/div><\/div><div class=\"vc_row wpb_row vc_row-fluid qodef-section vc_custom_1636507016637 qodef-content-aligment-left\" style=\"\"><div class=\"clearfix qodef-full-section-inner\"><div class=\"wpb_column vc_column_container vc_col-sm-12\"><div class=\"vc_column-inner\"><div class=\"wpb_wrapper\">\t<div class=\"qodef-call-to-action normal\">\n\n\t\t\t\t<div class=\"qodef-container-inner\">\n\t\t\t\t\t<div class=\"qodef-call-to-action-row-75-25 clearfix\" style=\"padding: 20px;\">\n\t\t\t\t\t\t<div class=\"qodef-text-wrapper qodef-call-to-action-column1 qodef-call-to-action-cell\">\n\t\t\t\t\t\t\t\t\t<div class=\"qodef-call-to-action-text\" style=\"font-size: 22px;font-weight: 500\"><span style=\"color: #ffffff; font-weight: 200;\">We are ready to meet your needs and answer your concerns<\/span><\/div>\n\t\t\t\t<\/div>\n\n\t\t\t\t\t\t\t\t\t<div class=\"qodef-button-wrapper qodef-call-to-action-column2 qodef-call-to-action-cell\" style =\"text-align: right ;\">\n\t\t\t\t\t\t<a itemprop=\"url\" href=\"#\" target=\"_self\" style=\"color: #24262a;background-color: #ffffff;border-color: #ffffff\" class=\"qodef-btn qodef-btn-medium qodef-btn-solid qodef-btn-custom-hover-bg qodef-btn-custom-border-hover qodef-btn-custom-hover-color qodef-btn-icon\" data-hover-bg-color=\"#ffffff\" data-hover-color=\"#24262a\" data-hover-border-color=\"#ffffff\" >    <span class=\"qodef-btn-text\">More Information<\/span>    <span class=\"qodef-btn-icon-normal\"><i class=\"qodef-icon-font-awesome fa fa-angle-right\" ><\/i><\/span>    <span class=\"qodef-btn-icon-flip\"><i class=\"qodef-icon-font-awesome fa fa-angle-right\" ><\/i><\/span>        <\/a>\t\t\t\t\t<\/div>\n\t\t\t\t\t\t\t<\/div>\n\t\t\t\t<\/div>\n\t\t\t<\/div>\n<\/div><\/div><\/div><\/div><\/div>\n<\/section>","protected":false},"excerpt":{"rendered":"E-Books La creaci\u00f3n de libros electr\u00f3nicos permite a los consumidores continuar leyendo las publicaciones de su blog m\u00e1s tarde. Puede convertir las publicaciones de su blog en libros electr\u00f3nicos o resumirlos y crear, por ejemplo, una breve gu\u00eda de viaje para su \u00e1rea espec\u00edfica. Los...","protected":false},"author":1,"featured_media":0,"parent":0,"menu_order":0,"comment_status":"closed","ping_status":"closed","template":"full-width.php","meta":{"_monsterinsights_skip_tracking":false,"_monsterinsights_sitenote_active":false,"_monsterinsights_sitenote_note":"","_monsterinsights_sitenote_category":0,"_joinchat":[],"footnotes":""},"class_list":["post-8654","page","type-page","status-publish","hentry"],"_links":{"self":[{"href":"https:\/\/www.marketingzentral.com\/en\/wp-json\/wp\/v2\/pages\/8654","targetHints":{"allow":["GET"]}}],"collection":[{"href":"https:\/\/www.marketingzentral.com\/en\/wp-json\/wp\/v2\/pages"}],"about":[{"href":"https:\/\/www.marketingzentral.com\/en\/wp-json\/wp\/v2\/types\/page"}],"author":[{"embeddable":true,"href":"https:\/\/www.marketingzentral.com\/en\/wp-json\/wp\/v2\/users\/1"}],"replies":[{"embeddable":true,"href":"https:\/\/www.marketingzentral.com\/en\/wp-json\/wp\/v2\/comments?post=8654"}],"version-history":[{"count":0,"href":"https:\/\/www.marketingzentral.com\/en\/wp-json\/wp\/v2\/pages\/8654\/revisions"}],"wp:attachment":[{"href":"https:\/\/www.marketingzentral.com\/en\/wp-json\/wp\/v2\/media?parent=8654"}],"curies":[{"name":"wp","href":"https:\/\/api.w.org\/{rel}","templated":true}]}}