{"id":8747,"date":"2022-03-14T16:54:09","date_gmt":"2022-03-14T16:54:09","guid":{"rendered":"https:\/\/www.marketingzentral.com\/?page_id=8747"},"modified":"2024-03-06T23:30:35","modified_gmt":"2024-03-06T23:30:35","slug":"campanas-redes-sociales","status":"publish","type":"page","link":"https:\/\/www.marketingzentral.com\/en\/campanas-redes-sociales\/","title":{"rendered":""},"content":{"rendered":"<section class=\"wpb-content-wrapper\"><div class=\"vc_row wpb_row vc_row-fluid qodef-section semmovil vc_custom_1647276773781 qodef-content-aligment-left\" style=\"\"><div class=\"clearfix qodef-full-section-inner\"><div class=\"wpb_column vc_column_container vc_col-sm-12 vc_hidden-xs\"><div class=\"vc_column-inner\"><div class=\"wpb_wrapper\">\n\t<div class=\"wpb_text_column wpb_content_element  vc_custom_1647276991978\" >\n\t\t<div class=\"wpb_wrapper\">\n\t\t\t<h1><span style=\"color: #ffffff; font-weight: 800;\">SOCIAL NETWORKS CAMPAIGN<\/span><\/h1>\n<p style=\"text-align: left;\"><span style=\"color: #ffffff; font-size: 19px;\">Digital ads are the best way to add fuel to your online marketing. Smart ad campaigns turn marketing tactics like content marketing into powerful campaigns. Increase your brand presence and give visibility to social content and in front of your buyers faster than ever.<\/span><\/p>\n\n\t\t<\/div>\n\t<\/div>\n<\/div><\/div><\/div><\/div><\/div><div class=\"vc_row wpb_row vc_row-fluid qodef-section nomovil vc_custom_1647132494830 qodef-content-aligment-left\" style=\"\"><div class=\"clearfix qodef-full-section-inner\"><div class=\"wpb_column vc_column_container vc_col-sm-12 vc_hidden-lg\"><div class=\"vc_column-inner\"><div class=\"wpb_wrapper\">\n\t<div class=\"wpb_text_column wpb_content_element  vc_custom_1647277036059\" >\n\t\t<div class=\"wpb_wrapper\">\n\t\t\t<h1><span style=\"color: #ffffff; font-weight: 800;\">SOCIAL NETWORKS CAMPAIGN<\/span><\/h1>\n<p style=\"text-align: left;\"><span style=\"color: #ffffff; font-size: 19px;\">Digital ads are the best way to add fuel to your online marketing. Smart ad campaigns turn marketing tactics like content marketing into powerful campaigns. Increase your brand presence and give visibility to social content and in front of your buyers faster than ever.<\/span><\/p>\n\n\t\t<\/div>\n\t<\/div>\n<\/div><\/div><\/div><\/div><\/div><div class=\"vc_row wpb_row vc_row-fluid qodef-section semmovil vc_custom_1647132613422 qodef-content-aligment-left\" style=\"\"><div class=\"clearfix qodef-full-section-inner\"><div class=\"wpb_column vc_column_container vc_col-sm-12 vc_hidden-xs\"><div class=\"vc_column-inner\"><div class=\"wpb_wrapper\"><div class=\"qodef-elements-holder qodef-two-columns qodef-responsive-mode-768\" ><div class=\"qodef-elements-holder-item\"   data-item-class=\"qodef-elements-holder-custom-955743\">\n    <div class=\"qodef-elements-holder-item-inner\">\n        <div class=\"qodef-elements-holder-item-content qodef-elements-holder-custom-955743\" >\n            \n\t<div class=\"wpb_text_column wpb_content_element  vc_custom_1650395920643\" >\n\t\t<div class=\"wpb_wrapper\">\n\t\t\t<h1 style=\"text-align: left;\"><span style=\"color: #003366;\">WHAT WILL WE DO?<\/span><\/h1>\n<ul>\n<li style=\"list-style-type: none;\">\n<ul>\n<li style=\"text-align: left;\"><span style=\"color: #003366; font-size: 19px;\">Initial analysis<\/span><\/li>\n<li style=\"text-align: left;\"><span style=\"color: #003366; font-size: 19px;\">Definition of strategy by channel<\/span><\/li>\n<li style=\"text-align: left;\"><span style=\"color: #003366; font-size: 19px;\">Research<\/span><\/li>\n<li style=\"text-align: left;\"><span style=\"color: #003366; font-size: 19px;\">Segmentation<\/span><\/li>\n<li style=\"text-align: left;\"><span style=\"color: #003366; font-size: 19px;\">Geotargeting<\/span><\/li>\n<li style=\"text-align: left;\"><span style=\"color: #003366; font-size: 19px;\">Ad development (Stories, Photo, Video)<\/span><\/li>\n<li style=\"text-align: left;\"><span style=\"color: #003366; font-size: 19px;\">Ad development (Stories, Photo, Video)<\/span><\/li>\n<li style=\"text-align: left;\"><span style=\"color: #003366; font-size: 19px;\">Monitoring and optimization<\/span><\/li>\n<li style=\"text-align: left;\"><span style=\"color: #003366; font-size: 19px;\">Reports<\/span><\/li>\n<li style=\"text-align: left;\"><span style=\"color: #003366; font-size: 19px;\">Integration of room profiles<\/span><\/li>\n<li style=\"text-align: left;\"><span style=\"color: #003366; font-size: 19px;\">Generation of content by season and destination<\/span><\/li>\n<li style=\"text-align: left;\"><span style=\"color: #003366; font-size: 19px;\">Technical and descriptive optimization<\/span><\/li>\n<\/ul>\n<\/li>\n<\/ul>\n<p style=\"color: #003366; font-size: 19px;\">Facebook and Instagram are one of the most advanced content marketing tools. Our management generates brand, incremental traffic and conversions.<\/p>\n\n\t\t<\/div>\n\t<\/div>\n        <\/div>\n    <\/div>\n<\/div><div class=\"qodef-elements-holder-item\"   data-item-class=\"qodef-elements-holder-custom-595933\">\n    <div class=\"qodef-elements-holder-item-inner\">\n        <div class=\"qodef-elements-holder-item-content qodef-elements-holder-custom-595933\" >\n            \n\t<div  class=\"wpb_single_image wpb_content_element vc_align_center  vc_custom_1647277565683\">\n\t\t\n\t\t<figure class=\"wpb_wrapper vc_figure\">\n\t\t\t<div class=\"vc_single_image-wrapper   vc_box_border_grey\"><img loading=\"lazy\" decoding=\"async\" width=\"800\" height=\"450\" src=\"https:\/\/www.marketingzentral.com\/wp-content\/uploads\/2022\/03\/campanias.jpg\" class=\"vc_single_image-img attachment-full\" alt=\"\" title=\"campanias\" srcset=\"https:\/\/www.marketingzentral.com\/wp-content\/uploads\/2022\/03\/campanias.jpg 800w, https:\/\/www.marketingzentral.com\/wp-content\/uploads\/2022\/03\/campanias-300x169.jpg 300w, https:\/\/www.marketingzentral.com\/wp-content\/uploads\/2022\/03\/campanias-768x432.jpg 768w\" sizes=\"auto, (max-width: 800px) 100vw, 800px\" \/><\/div>\n\t\t<\/figure>\n\t<\/div>\n        <\/div>\n    <\/div>\n<\/div><\/div><\/div><\/div><\/div><\/div><\/div><div class=\"vc_row wpb_row vc_row-fluid qodef-section nomovil vc_custom_1647132631930 qodef-content-aligment-left\" style=\"\"><div class=\"clearfix qodef-full-section-inner\"><div class=\"wpb_column vc_column_container vc_col-sm-12 vc_hidden-lg\"><div class=\"vc_column-inner vc_custom_1647132654949\"><div class=\"wpb_wrapper\"><div class=\"qodef-elements-holder qodef-two-columns qodef-responsive-mode-768\" ><div class=\"qodef-elements-holder-item\"   data-item-class=\"qodef-elements-holder-custom-648725\">\n    <div class=\"qodef-elements-holder-item-inner\">\n        <div class=\"qodef-elements-holder-item-content qodef-elements-holder-custom-648725\" >\n            \n\t<div class=\"wpb_text_column wpb_content_element  vc_custom_1650396074597\" >\n\t\t<div class=\"wpb_wrapper\">\n\t\t\t<h1 style=\"text-align: left;\"><span style=\"color: #003366;\">WHAT WILL WE DO?<\/span><\/h1>\n<ul>\n<li><span style=\"color: #003366; font-size: 19px;\">Initial analysis<\/span><\/li>\n<li><span style=\"color: #003366; font-size: 19px;\">Definition of strategy by channel<\/span><\/li>\n<li><span style=\"color: #003366; font-size: 19px;\">Research<\/span><\/li>\n<li><span style=\"color: #003366; font-size: 19px;\">Segmentation<\/span><\/li>\n<li><span style=\"color: #003366; font-size: 19px;\">Geotargeting<\/span><\/li>\n<li><span style=\"color: #003366; font-size: 19px;\">Ad development (Stories, Photo, Video)<\/span><\/li>\n<li><span style=\"color: #003366; font-size: 19px;\">Ad development (Stories, Photo, Video)<\/span><\/li>\n<li><span style=\"color: #003366; font-size: 19px;\">Monitoring and optimization<\/span><\/li>\n<li><span style=\"color: #003366; font-size: 19px;\">Reports<\/span><\/li>\n<li><span style=\"color: #003366; font-size: 19px;\">Integration of room profiles<\/span><\/li>\n<li><span style=\"color: #003366; font-size: 19px;\">Generation of content by season and destination<\/span><\/li>\n<li><span style=\"color: #003366; font-size: 19px;\">Technical and descriptive optimization<\/span><\/li>\n<\/ul>\n<p style=\"color: #003366; font-size: 19px;\">Facebook and Instagram are one of the most advanced content marketing tools. Our management generates brand, incremental traffic and conversions.<\/p>\n\n\t\t<\/div>\n\t<\/div>\n        <\/div>\n    <\/div>\n<\/div><div class=\"qodef-elements-holder-item\"   data-item-class=\"qodef-elements-holder-custom-795865\">\n    <div class=\"qodef-elements-holder-item-inner\">\n        <div class=\"qodef-elements-holder-item-content qodef-elements-holder-custom-795865\" >\n            \n\t<div  class=\"wpb_single_image wpb_content_element vc_align_center  vc_custom_1647277760600\">\n\t\t\n\t\t<figure class=\"wpb_wrapper vc_figure\">\n\t\t\t<div class=\"vc_single_image-wrapper   vc_box_border_grey\"><img loading=\"lazy\" decoding=\"async\" width=\"800\" height=\"450\" src=\"https:\/\/www.marketingzentral.com\/wp-content\/uploads\/2022\/03\/campanias.jpg\" class=\"vc_single_image-img attachment-full\" alt=\"\" title=\"campanias\" srcset=\"https:\/\/www.marketingzentral.com\/wp-content\/uploads\/2022\/03\/campanias.jpg 800w, https:\/\/www.marketingzentral.com\/wp-content\/uploads\/2022\/03\/campanias-300x169.jpg 300w, https:\/\/www.marketingzentral.com\/wp-content\/uploads\/2022\/03\/campanias-768x432.jpg 768w\" sizes=\"auto, (max-width: 800px) 100vw, 800px\" \/><\/div>\n\t\t<\/figure>\n\t<\/div>\n        <\/div>\n    <\/div>\n<\/div><\/div><\/div><\/div><\/div><\/div><\/div><div class=\"vc_row wpb_row vc_row-fluid qodef-section vc_custom_1636382872649 qodef-content-aligment-left\" style=\"\"><div class=\"clearfix qodef-full-section-inner\"><div class=\"wpb_column vc_column_container vc_col-sm-12\"><div class=\"vc_column-inner\"><div class=\"wpb_wrapper\">\t<div class=\"qodef-call-to-action normal\">\n\n\t\t\t\t<div class=\"qodef-container-inner\">\n\t\t\t\t\t<div class=\"qodef-call-to-action-row-75-25 clearfix\" style=\"padding: 20px;\">\n\t\t\t\t\t\t<div class=\"qodef-text-wrapper qodef-call-to-action-column1 qodef-call-to-action-cell\">\n\t\t\t\t\t\t\t\t\t<div class=\"qodef-call-to-action-text\" style=\"font-size: 22px;font-weight: 500\"><span style=\"color: #ffffff;\">We are ready to meet your needs and answer your concerns<\/span><\/div>\n\t\t\t\t<\/div>\n\n\t\t\t\t\t\t\t\t\t<div class=\"qodef-button-wrapper qodef-call-to-action-column2 qodef-call-to-action-cell\" style =\"text-align: right ;\">\n\t\t\t\t\t\t<a itemprop=\"url\" href=\"https:\/\/www.marketingzentral.com\/en\/contact-marketingzentral-2\/\" target=\"_self\" style=\"color: #24262a;background-color: #ffffff;border-color: #ffffff\" class=\"qodef-btn qodef-btn-medium qodef-btn-solid qodef-btn-custom-hover-bg qodef-btn-custom-border-hover qodef-btn-custom-hover-color qodef-btn-icon\" data-hover-bg-color=\"#ffffff\" data-hover-color=\"#24262a\" data-hover-border-color=\"#ffffff\" >    <span class=\"qodef-btn-text\">More Information<\/span>    <span class=\"qodef-btn-icon-normal\"><i class=\"qodef-icon-font-awesome fa fa-angle-right\" ><\/i><\/span>    <span class=\"qodef-btn-icon-flip\"><i class=\"qodef-icon-font-awesome fa fa-angle-right\" ><\/i><\/span>        <\/a>\t\t\t\t\t<\/div>\n\t\t\t\t\t\t\t<\/div>\n\t\t\t\t<\/div>\n\t\t\t<\/div>\n<\/div><\/div><\/div><\/div><\/div>\n<\/section>","protected":false},"excerpt":{"rendered":"CAMPA\u00d1A REDES SOCIALES Los anuncios digitales son la mejor manera de agregar combustible a su marketing en l\u00ednea. Las campa\u00f1as publicitarias inteligentes convierten las t\u00e1cticas de marketing como el marketing de contenidos en potentes campa\u00f1as. Incrementa tu presencia de marca y dale visibilidad al contenido...","protected":false},"author":1,"featured_media":0,"parent":0,"menu_order":0,"comment_status":"closed","ping_status":"closed","template":"full-width.php","meta":{"_monsterinsights_skip_tracking":false,"_monsterinsights_sitenote_active":false,"_monsterinsights_sitenote_note":"","_monsterinsights_sitenote_category":0,"_joinchat":[],"footnotes":""},"class_list":["post-8747","page","type-page","status-publish","hentry"],"_links":{"self":[{"href":"https:\/\/www.marketingzentral.com\/en\/wp-json\/wp\/v2\/pages\/8747","targetHints":{"allow":["GET"]}}],"collection":[{"href":"https:\/\/www.marketingzentral.com\/en\/wp-json\/wp\/v2\/pages"}],"about":[{"href":"https:\/\/www.marketingzentral.com\/en\/wp-json\/wp\/v2\/types\/page"}],"author":[{"embeddable":true,"href":"https:\/\/www.marketingzentral.com\/en\/wp-json\/wp\/v2\/users\/1"}],"replies":[{"embeddable":true,"href":"https:\/\/www.marketingzentral.com\/en\/wp-json\/wp\/v2\/comments?post=8747"}],"version-history":[{"count":0,"href":"https:\/\/www.marketingzentral.com\/en\/wp-json\/wp\/v2\/pages\/8747\/revisions"}],"wp:attachment":[{"href":"https:\/\/www.marketingzentral.com\/en\/wp-json\/wp\/v2\/media?parent=8747"}],"curies":[{"name":"wp","href":"https:\/\/api.w.org\/{rel}","templated":true}]}}