{"id":8765,"date":"2022-03-14T17:52:50","date_gmt":"2022-03-14T17:52:50","guid":{"rendered":"https:\/\/www.marketingzentral.com\/?page_id=8765"},"modified":"2024-03-06T23:30:35","modified_gmt":"2024-03-06T23:30:35","slug":"reputacion","status":"publish","type":"page","link":"https:\/\/www.marketingzentral.com\/en\/reputacion\/","title":{"rendered":""},"content":{"rendered":"<section class=\"wpb-content-wrapper\"><div class=\"vc_row wpb_row vc_row-fluid qodef-section semmovil vc_custom_1648432323949 qodef-content-aligment-left\" style=\"\"><div class=\"clearfix qodef-full-section-inner\"><div class=\"wpb_column vc_column_container vc_col-sm-12 vc_hidden-xs\"><div class=\"vc_column-inner\"><div class=\"wpb_wrapper\">\n\t<div class=\"wpb_text_column wpb_content_element  vc_custom_1648431860251\" >\n\t\t<div class=\"wpb_wrapper\">\n\t\t\t<h1><span style=\"color: #ffffff; font-weight: 800;\">REPUTATION<\/span><\/h1>\n<p style=\"text-align: left;\"><span style=\"color: #ffffff; font-size: 19px;\">Proper reputation management in social networks is essential to preserve and promote the image of hotels, generating a strong impact on the assessment of the service, sales and brand positioning (88% of consumers trust the comments and online reviews as well as recommendations from friends.)<\/span><\/p>\n\n\t\t<\/div>\n\t<\/div>\n<\/div><\/div><\/div><\/div><\/div><div class=\"vc_row wpb_row vc_row-fluid qodef-section nomovil vc_custom_1648432333977 qodef-content-aligment-left\" style=\"\"><div class=\"clearfix qodef-full-section-inner\"><div class=\"wpb_column vc_column_container vc_col-sm-12 vc_hidden-lg\"><div class=\"vc_column-inner\"><div class=\"wpb_wrapper\">\n\t<div class=\"wpb_text_column wpb_content_element  vc_custom_1647279875730\" >\n\t\t<div class=\"wpb_wrapper\">\n\t\t\t<h1><span style=\"color: #ffffff; font-weight: 800;\">REPUTATION<\/span><\/h1>\n<p style=\"text-align: left;\"><span style=\"color: #ffffff; font-size: 19px;\">We develop an active listening dynamic that centralizes communication, responds promptly and appropriately, and improves the valuation of the brand and its hotels.<br \/>\n<\/span><\/p>\n<p style=\"text-align: left;\"><span style=\"color: #ffffff; font-size: 19px;\">Proper reputation management in social networks is essential to preserve and promote the image of hotels, generating a strong impact on the assessment of the service, sales and brand positioning (88% of consumers trust the comments and online reviews as well as recommendations from friends.)<\/span><\/p>\n\n\t\t<\/div>\n\t<\/div>\n<\/div><\/div><\/div><\/div><\/div><div class=\"vc_row wpb_row vc_row-fluid qodef-section vc_custom_1647278598622 qodef-content-aligment-left\" style=\"\"><div class=\"clearfix qodef-full-section-inner\"><div class=\"wpb_column vc_column_container vc_col-sm-12\"><div class=\"vc_column-inner\"><div class=\"wpb_wrapper\">\n\t<div class=\"wpb_text_column wpb_content_element  vc_custom_1647280614035\" >\n\t\t<div class=\"wpb_wrapper\">\n\t\t\t<p style=\"text-align: left; font-size: 19px;\"><span style=\"color: #ffffff;\">Sharing experiences is part of human nature, and people read comments from past guests when deciding on their next hotel. Hotel managers and owners use user ratings as a performance indicator, considered the first and last point of customer interaction.<\/span><\/p>\n\n\t\t<\/div>\n\t<\/div>\n<\/div><\/div><\/div><\/div><\/div><div class=\"vc_row wpb_row vc_row-fluid qodef-section semmovil vc_custom_1647132613422 qodef-content-aligment-left\" style=\"\"><div class=\"clearfix qodef-full-section-inner\"><div class=\"wpb_column vc_column_container vc_col-sm-12 vc_hidden-xs\"><div class=\"vc_column-inner\"><div class=\"wpb_wrapper\"><div class=\"qodef-elements-holder qodef-two-columns qodef-responsive-mode-768\" ><div class=\"qodef-elements-holder-item\"   data-item-class=\"qodef-elements-holder-custom-544544\">\n    <div class=\"qodef-elements-holder-item-inner\">\n        <div class=\"qodef-elements-holder-item-content qodef-elements-holder-custom-544544\" >\n            \n\t<div class=\"wpb_text_column wpb_content_element  vc_custom_1653143248766\" >\n\t\t<div class=\"wpb_wrapper\">\n\t\t\t<h1 style=\"text-align: left;\"><span style=\"color: #003366;\">WHAT DO WE DO?<\/span><\/h1>\n<p style=\"text-align: left;\"><span style=\"color: #003366; font-size: 19px;\">We develop an active listening dynamic that centralizes communication, responds promptly and appropriately, and improves the valuation of the brand and its hotels.<br \/>\n<\/span><\/p>\n<p style=\"text-align: left;\"><span style=\"color: #003366; font-size: 19px;\">Analysis of habitual responses and their level of priority, tone of communication and language.<\/span><br \/>\n<span style=\"color: #003366; font-size: 19px;\">Monitoring of comments on portals where hotels are valued.<\/span><\/p>\n<p style=\"text-align: left;\"><span style=\"color: #003366; font-size: 19px;\">Comparison of positivity and competition rates<\/span><br \/>\n<span style=\"color: #003366; font-size: 19px;\">Semantic analysis<\/span><br \/>\n<span style=\"color: #003366; font-size: 19px;\">Ranking increase<\/span><\/p>\n\n\t\t<\/div>\n\t<\/div>\n        <\/div>\n    <\/div>\n<\/div><div class=\"qodef-elements-holder-item\"   data-item-class=\"qodef-elements-holder-custom-239633\">\n    <div class=\"qodef-elements-holder-item-inner\">\n        <div class=\"qodef-elements-holder-item-content qodef-elements-holder-custom-239633\" >\n            \n\t<div  class=\"wpb_single_image wpb_content_element vc_align_center  vc_custom_1648431733439\">\n\t\t\n\t\t<figure class=\"wpb_wrapper vc_figure\">\n\t\t\t<div class=\"vc_single_image-wrapper   vc_box_border_grey\"><img loading=\"lazy\" decoding=\"async\" width=\"1781\" height=\"1527\" src=\"https:\/\/www.marketingzentral.com\/wp-content\/uploads\/2022\/03\/reputacion.jpg\" class=\"vc_single_image-img attachment-full\" alt=\"\" title=\"reputaci\u00f3n\" srcset=\"https:\/\/www.marketingzentral.com\/wp-content\/uploads\/2022\/03\/reputacion.jpg 1781w, https:\/\/www.marketingzentral.com\/wp-content\/uploads\/2022\/03\/reputacion-300x257.jpg 300w, https:\/\/www.marketingzentral.com\/wp-content\/uploads\/2022\/03\/reputacion-1024x878.jpg 1024w, https:\/\/www.marketingzentral.com\/wp-content\/uploads\/2022\/03\/reputacion-768x658.jpg 768w, https:\/\/www.marketingzentral.com\/wp-content\/uploads\/2022\/03\/reputacion-1536x1317.jpg 1536w\" sizes=\"auto, (max-width: 1781px) 100vw, 1781px\" \/><\/div>\n\t\t<\/figure>\n\t<\/div>\n        <\/div>\n    <\/div>\n<\/div><\/div><\/div><\/div><\/div><\/div><\/div><div class=\"vc_row wpb_row vc_row-fluid qodef-section nomovil vc_custom_1647132631930 qodef-content-aligment-left\" style=\"\"><div class=\"clearfix qodef-full-section-inner\"><div class=\"wpb_column vc_column_container vc_col-sm-12 vc_hidden-lg\"><div class=\"vc_column-inner vc_custom_1647132654949\"><div class=\"wpb_wrapper\"><div class=\"qodef-elements-holder qodef-two-columns qodef-responsive-mode-768\" ><div class=\"qodef-elements-holder-item\"   data-item-class=\"qodef-elements-holder-custom-375978\">\n    <div class=\"qodef-elements-holder-item-inner\">\n        <div class=\"qodef-elements-holder-item-content qodef-elements-holder-custom-375978\" >\n            \n\t<div class=\"wpb_text_column wpb_content_element  vc_custom_1647280048413\" >\n\t\t<div class=\"wpb_wrapper\">\n\t\t\t<h1 style=\"text-align: left;\"><span style=\"color: #003366;\">WHAT DO WE DO?<\/span><\/h1>\n<p style=\"text-align: left;\"><span style=\"color: #003366; font-size: 19px;\">Analysis of habitual responses and their level of priority, tone of communication and language.<\/span><br \/>\n<span style=\"color: #003366; font-size: 19px;\">Monitoring of comments on portals where hotels are valued.<\/span><br \/>\n<span style=\"color: #003366; font-size: 19px;\">Comparison of positivity and competition rates<\/span><br \/>\n<span style=\"color: #003366; font-size: 19px;\">Semantic analysis<\/span><br \/>\n<span style=\"color: #003366; font-size: 19px;\">Ranking increase<\/span><\/p>\n\n\t\t<\/div>\n\t<\/div>\n        <\/div>\n    <\/div>\n<\/div><div class=\"qodef-elements-holder-item\"   data-item-class=\"qodef-elements-holder-custom-997915\">\n    <div class=\"qodef-elements-holder-item-inner\">\n        <div class=\"qodef-elements-holder-item-content qodef-elements-holder-custom-997915\" >\n            \n\t<div  class=\"wpb_single_image wpb_content_element vc_align_center  vc_custom_1648431746480\">\n\t\t\n\t\t<figure class=\"wpb_wrapper vc_figure\">\n\t\t\t<div class=\"vc_single_image-wrapper   vc_box_border_grey\"><img loading=\"lazy\" decoding=\"async\" width=\"1781\" height=\"1527\" src=\"https:\/\/www.marketingzentral.com\/wp-content\/uploads\/2022\/03\/reputacion.jpg\" class=\"vc_single_image-img attachment-full\" alt=\"\" title=\"reputaci\u00f3n\" srcset=\"https:\/\/www.marketingzentral.com\/wp-content\/uploads\/2022\/03\/reputacion.jpg 1781w, https:\/\/www.marketingzentral.com\/wp-content\/uploads\/2022\/03\/reputacion-300x257.jpg 300w, https:\/\/www.marketingzentral.com\/wp-content\/uploads\/2022\/03\/reputacion-1024x878.jpg 1024w, https:\/\/www.marketingzentral.com\/wp-content\/uploads\/2022\/03\/reputacion-768x658.jpg 768w, https:\/\/www.marketingzentral.com\/wp-content\/uploads\/2022\/03\/reputacion-1536x1317.jpg 1536w\" sizes=\"auto, (max-width: 1781px) 100vw, 1781px\" \/><\/div>\n\t\t<\/figure>\n\t<\/div>\n        <\/div>\n    <\/div>\n<\/div><\/div><\/div><\/div><\/div><\/div><\/div><div class=\"vc_row wpb_row vc_row-fluid qodef-section vc_custom_1647278598622 qodef-content-aligment-left\" style=\"\"><div class=\"clearfix qodef-full-section-inner\"><div class=\"wpb_column vc_column_container vc_col-sm-6 vc_col-has-fill\"><div class=\"vc_column-inner vc_custom_1647280374419\"><div class=\"wpb_wrapper\">\n\t<div class=\"wpb_text_column wpb_content_element  vc_custom_1647280253116\" >\n\t\t<div class=\"wpb_wrapper\">\n\t\t\t<h1 style=\"text-align: left;\"><span style=\"color: #ffffff;\">MANAGEMENT<\/span><\/h1>\n<p style=\"text-align: left; font-size: 19px;\"><span style=\"color: #ffffff;\">Our team of experts is in charge of attending to all user evaluations, integrating the following capabilities:<\/span><br \/>\n<span style=\"color: #ffffff;\">Writing in more than 6 languages (ES, EN, FR, PT, DE, IT)<\/span><br \/>\n<span style=\"color: #ffffff;\">Public relations<\/span><br \/>\n<span style=\"color: #ffffff;\">Customer Support<\/span><br \/>\n<span style=\"color: #ffffff;\">Marketing analysts<\/span><br \/>\n<span style=\"color: #ffffff;\">Community managers<\/span><\/p>\n\n\t\t<\/div>\n\t<\/div>\n<\/div><\/div><\/div><div class=\"wpb_column vc_column_container vc_col-sm-6 vc_col-has-fill\"><div class=\"vc_column-inner vc_custom_1647280358431\"><div class=\"wpb_wrapper\">\n\t<div class=\"wpb_text_column wpb_content_element  vc_custom_1653140762125\" >\n\t\t<div class=\"wpb_wrapper\">\n\t\t\t<h1 style=\"text-align: left;\"><span style=\"color: #ffffff;\">TECHNOLOGY<\/span><\/h1>\n<p style=\"text-align: left;\"><span style=\"color: #ffffff; font-size: 19px;\">Our use of the best management tools and technical knowledge of the operation of each opinion portal allow us to optimize the operation and monitor the activity related to the brand in real time.<\/span><\/p>\n\n\t\t<\/div>\n\t<\/div>\n<\/div><\/div><\/div><\/div><\/div><div class=\"vc_row wpb_row vc_row-fluid qodef-section vc_custom_1647279068445 qodef-content-aligment-left\" style=\"\"><div class=\"clearfix qodef-full-section-inner\"><div class=\"wpb_column vc_column_container vc_col-sm-12\"><div class=\"vc_column-inner\"><div class=\"wpb_wrapper\">\t<div class=\"qodef-call-to-action normal\">\n\n\t\t\t\t<div class=\"qodef-container-inner\">\n\t\t\t\t\t<div class=\"qodef-call-to-action-row-75-25 clearfix\" style=\"padding: 20px;\">\n\t\t\t\t\t\t<div class=\"qodef-text-wrapper qodef-call-to-action-column1 qodef-call-to-action-cell\">\n\t\t\t\t\t\t\t\t\t<div class=\"qodef-call-to-action-text\" style=\"font-size: 22px;font-weight: 500\"><span style=\"color: #ffffff;\">We are ready to meet your needs and answer your concerns<\/span><\/div>\n\t\t\t\t<\/div>\n\n\t\t\t\t\t\t\t\t\t<div class=\"qodef-button-wrapper qodef-call-to-action-column2 qodef-call-to-action-cell\" style =\"text-align: right ;\">\n\t\t\t\t\t\t<a itemprop=\"url\" href=\"https:\/\/www.marketingzentral.com\/en\/contact-marketingzentral-2\/\" target=\"_self\" style=\"color: #24262a;background-color: #ffffff;border-color: #ffffff\" class=\"qodef-btn qodef-btn-medium qodef-btn-solid qodef-btn-custom-hover-bg qodef-btn-custom-border-hover qodef-btn-custom-hover-color qodef-btn-icon\" data-hover-bg-color=\"#ffffff\" data-hover-color=\"#24262a\" data-hover-border-color=\"#ffffff\" >    <span class=\"qodef-btn-text\">More Information<\/span>    <span class=\"qodef-btn-icon-normal\"><i class=\"qodef-icon-font-awesome fa fa-angle-right\" ><\/i><\/span>    <span class=\"qodef-btn-icon-flip\"><i class=\"qodef-icon-font-awesome fa fa-angle-right\" ><\/i><\/span>        <\/a>\t\t\t\t\t<\/div>\n\t\t\t\t\t\t\t<\/div>\n\t\t\t\t<\/div>\n\t\t\t<\/div>\n<\/div><\/div><\/div><\/div><\/div>\n<\/section>","protected":false},"excerpt":{"rendered":"REPUTACI\u00d3N Una correcta gesti\u00f3n de la reputaci\u00f3n en redes sociales es indispensable para preservar e impulsar la imagen de los hoteles, generando una fuerte repercusi\u00f3n sobre la valoraci\u00f3n del servicio, las ventas y el posicionamiento de marca (El 88% de los consumidores conf\u00eda en los...","protected":false},"author":1,"featured_media":0,"parent":0,"menu_order":0,"comment_status":"closed","ping_status":"closed","template":"full-width.php","meta":{"_monsterinsights_skip_tracking":false,"_monsterinsights_sitenote_active":false,"_monsterinsights_sitenote_note":"","_monsterinsights_sitenote_category":0,"_joinchat":[],"footnotes":""},"class_list":["post-8765","page","type-page","status-publish","hentry"],"_links":{"self":[{"href":"https:\/\/www.marketingzentral.com\/en\/wp-json\/wp\/v2\/pages\/8765","targetHints":{"allow":["GET"]}}],"collection":[{"href":"https:\/\/www.marketingzentral.com\/en\/wp-json\/wp\/v2\/pages"}],"about":[{"href":"https:\/\/www.marketingzentral.com\/en\/wp-json\/wp\/v2\/types\/page"}],"author":[{"embeddable":true,"href":"https:\/\/www.marketingzentral.com\/en\/wp-json\/wp\/v2\/users\/1"}],"replies":[{"embeddable":true,"href":"https:\/\/www.marketingzentral.com\/en\/wp-json\/wp\/v2\/comments?post=8765"}],"version-history":[{"count":0,"href":"https:\/\/www.marketingzentral.com\/en\/wp-json\/wp\/v2\/pages\/8765\/revisions"}],"wp:attachment":[{"href":"https:\/\/www.marketingzentral.com\/en\/wp-json\/wp\/v2\/media?parent=8765"}],"curies":[{"name":"wp","href":"https:\/\/api.w.org\/{rel}","templated":true}]}}