{"id":8772,"date":"2022-03-22T15:47:01","date_gmt":"2022-03-22T15:47:01","guid":{"rendered":"https:\/\/www.marketingzentral.com\/?page_id=8772"},"modified":"2024-03-06T23:30:35","modified_gmt":"2024-03-06T23:30:35","slug":"affilliate-marketing","status":"publish","type":"page","link":"https:\/\/www.marketingzentral.com\/en\/affilliate-marketing\/","title":{"rendered":""},"content":{"rendered":"<section class=\"wpb-content-wrapper\"><div class=\"vc_row wpb_row vc_row-fluid qodef-section vc_custom_1647964408870 qodef-content-aligment-left\" style=\"\"><div class=\"clearfix qodef-full-section-inner\"><div class=\"wpb_column vc_column_container vc_col-sm-6\"><div class=\"vc_column-inner\"><div class=\"wpb_wrapper\">\n\t<div class=\"wpb_text_column wpb_content_element  vc_custom_1647964002549\" >\n\t\t<div class=\"wpb_wrapper\">\n\t\t\t<h1 style=\"text-align: left;\"><span style=\"color: #ff6600; font-weight: 800; font-size: 33px;\">Performance Marketing<\/span><\/h1>\n<p style=\"text-align: left;\"><span style=\"color: #ffffff; font-size: 20px;\">Affiliate marketing is a form of advertising in which the affiliate (be it a website, blog or advertising professional) is responsible for promoting your company in exchange for a commission for each sale or action carried out.<\/span><\/p>\n<p style=\"text-align: left;\"><span style=\"color: #ffffff; font-size: 20px;\">A direct sales generation tool without risk or implementation costs, paying only per confirmed stay (checkout)<\/span><\/p>\n\n\t\t<\/div>\n\t<\/div>\n<\/div><\/div><\/div><div class=\"wpb_column vc_column_container vc_col-sm-6\"><div class=\"vc_column-inner\"><div class=\"wpb_wrapper\"><\/div><\/div><\/div><\/div><\/div><div class=\"vc_row wpb_row vc_row-fluid qodef-section semmovil vc_custom_1647964611956 qodef-content-aligment-left\" style=\"\"><div class=\"clearfix qodef-full-section-inner\"><div class=\"wpb_column vc_column_container vc_col-sm-6 vc_hidden-xs\"><div class=\"vc_column-inner\"><div class=\"wpb_wrapper\">\n\t<div class=\"wpb_text_column wpb_content_element  vc_custom_1653140666656\" >\n\t\t<div class=\"wpb_wrapper\">\n\t\t\t<p style=\"text-align: left;\"><span style=\"color: #010d48; font-size: 19px;\">We put at your disposal a 100% results marketing platform specialized in tourism, integrating the main platforms in the world to generate additional sales in a commissionable model (CPA)<\/span><\/p>\n<p style=\"text-align: left;\"><span style=\"color: #010d48; font-size: 19px;\">Increase the visibility of your brand and your direct sales by promoting yourself through thousands of websites. We make the investment in SEM, programmatic and we provide you with conversion tools and you only pay a percentage for results.<\/span><\/p>\n\n\t\t<\/div>\n\t<\/div>\n<\/div><\/div><\/div><div class=\"wpb_column vc_column_container vc_col-sm-6\"><div class=\"vc_column-inner\"><div class=\"wpb_wrapper\">\n\t<div  class=\"wpb_single_image wpb_content_element vc_align_center  vc_custom_1647964556228\">\n\t\t\n\t\t<figure class=\"wpb_wrapper vc_figure\">\n\t\t\t<div class=\"vc_single_image-wrapper   vc_box_border_grey\"><img loading=\"lazy\" decoding=\"async\" width=\"682\" height=\"367\" src=\"https:\/\/www.marketingzentral.com\/wp-content\/uploads\/2022\/03\/affilliate.jpg\" class=\"vc_single_image-img attachment-full\" alt=\"\" title=\"affilliate\" srcset=\"https:\/\/www.marketingzentral.com\/wp-content\/uploads\/2022\/03\/affilliate.jpg 682w, https:\/\/www.marketingzentral.com\/wp-content\/uploads\/2022\/03\/affilliate-300x161.jpg 300w\" sizes=\"auto, (max-width: 682px) 100vw, 682px\" \/><\/div>\n\t\t<\/figure>\n\t<\/div>\n<\/div><\/div><\/div><\/div><\/div><div class=\"vc_row wpb_row vc_row-fluid qodef-section vc_custom_1636507016637 qodef-content-aligment-left\" style=\"\"><div class=\"clearfix qodef-full-section-inner\"><div class=\"wpb_column vc_column_container vc_col-sm-12\"><div class=\"vc_column-inner\"><div class=\"wpb_wrapper\">\t<div class=\"qodef-call-to-action normal\">\n\n\t\t\t\t<div class=\"qodef-container-inner\">\n\t\t\t\t\t<div class=\"qodef-call-to-action-row-75-25 clearfix\" style=\"padding: 20px;\">\n\t\t\t\t\t\t<div class=\"qodef-text-wrapper qodef-call-to-action-column1 qodef-call-to-action-cell\">\n\t\t\t\t\t\t\t\t\t<div class=\"qodef-call-to-action-text\" style=\"font-size: 22px;font-weight: 500\"><span style=\"color: #ffffff; font-weight: 200;\">We are ready to meet your needs and answer your concerns<\/span><\/div>\n\t\t\t\t<\/div>\n\n\t\t\t\t\t\t\t\t\t<div class=\"qodef-button-wrapper qodef-call-to-action-column2 qodef-call-to-action-cell\" style =\"text-align: right ;\">\n\t\t\t\t\t\t<a itemprop=\"url\" href=\"#\" target=\"_self\" style=\"color: #24262a;background-color: #ffffff;border-color: #ffffff\" class=\"qodef-btn qodef-btn-medium qodef-btn-solid qodef-btn-custom-hover-bg qodef-btn-custom-border-hover qodef-btn-custom-hover-color qodef-btn-icon\" data-hover-bg-color=\"#ffffff\" data-hover-color=\"#24262a\" data-hover-border-color=\"#ffffff\" >    <span class=\"qodef-btn-text\">More Information<\/span>    <span class=\"qodef-btn-icon-normal\"><i class=\"qodef-icon-font-awesome fa fa-angle-right\" ><\/i><\/span>    <span class=\"qodef-btn-icon-flip\"><i class=\"qodef-icon-font-awesome fa fa-angle-right\" ><\/i><\/span>        <\/a>\t\t\t\t\t<\/div>\n\t\t\t\t\t\t\t<\/div>\n\t\t\t\t<\/div>\n\t\t\t<\/div>\n<\/div><\/div><\/div><\/div><\/div>\n<\/section>","protected":false},"excerpt":{"rendered":"MARKETING POR DESEMPE\u00d1O El marketing de afiliaci\u00f3n es una forma de publicidad en la que el afiliado (sea una p\u00e1gina web, blog o profesional de la publicidad) se encarga de promocionar tu empresa a cambio de una comisi\u00f3n por cada venta o acci\u00f3n realizada. Una...","protected":false},"author":1,"featured_media":0,"parent":0,"menu_order":0,"comment_status":"closed","ping_status":"closed","template":"full-width.php","meta":{"_monsterinsights_skip_tracking":false,"_monsterinsights_sitenote_active":false,"_monsterinsights_sitenote_note":"","_monsterinsights_sitenote_category":0,"_joinchat":[],"footnotes":""},"class_list":["post-8772","page","type-page","status-publish","hentry"],"_links":{"self":[{"href":"https:\/\/www.marketingzentral.com\/en\/wp-json\/wp\/v2\/pages\/8772","targetHints":{"allow":["GET"]}}],"collection":[{"href":"https:\/\/www.marketingzentral.com\/en\/wp-json\/wp\/v2\/pages"}],"about":[{"href":"https:\/\/www.marketingzentral.com\/en\/wp-json\/wp\/v2\/types\/page"}],"author":[{"embeddable":true,"href":"https:\/\/www.marketingzentral.com\/en\/wp-json\/wp\/v2\/users\/1"}],"replies":[{"embeddable":true,"href":"https:\/\/www.marketingzentral.com\/en\/wp-json\/wp\/v2\/comments?post=8772"}],"version-history":[{"count":0,"href":"https:\/\/www.marketingzentral.com\/en\/wp-json\/wp\/v2\/pages\/8772\/revisions"}],"wp:attachment":[{"href":"https:\/\/www.marketingzentral.com\/en\/wp-json\/wp\/v2\/media?parent=8772"}],"curies":[{"name":"wp","href":"https:\/\/api.w.org\/{rel}","templated":true}]}}