{"id":8793,"date":"2022-03-22T16:31:50","date_gmt":"2022-03-22T16:31:50","guid":{"rendered":"https:\/\/www.marketingzentral.com\/?page_id=8793"},"modified":"2024-03-06T23:30:35","modified_gmt":"2024-03-06T23:30:35","slug":"revenue-management","status":"publish","type":"page","link":"https:\/\/www.marketingzentral.com\/en\/revenue-management\/","title":{"rendered":""},"content":{"rendered":"<section class=\"wpb-content-wrapper\"><div class=\"vc_row wpb_row vc_row-fluid qodef-section vc_custom_1646843957804 qodef-content-aligment-left\" style=\"\"><div class=\"clearfix qodef-full-section-inner\"><div class=\"wpb_column vc_column_container vc_col-sm-12 vc_hidden-xs\"><div class=\"vc_column-inner\"><div class=\"wpb_wrapper\">\n\t<div class=\"wpb_text_column wpb_content_element  vc_custom_1647966598954\" >\n\t\t<div class=\"wpb_wrapper\">\n\t\t\t<h1><span style=\"color: #ff6600; font-weight: 800;\">REVENUE MANAGEMENT<\/span><\/h1>\n<p><span style=\"color: #003366; font-size: 32px;\">We improve the income and profitability of our clients, applying strategies focused on optimizing results.<\/span><\/p>\n\n\t\t<\/div>\n\t<\/div>\n<\/div><\/div><\/div><\/div><\/div><div class=\"vc_row wpb_row vc_row-fluid qodef-section nomovil vc_custom_1646844479065 qodef-content-aligment-left\" style=\"\"><div class=\"clearfix qodef-full-section-inner\"><div class=\"wpb_column vc_column_container vc_col-sm-12 vc_hidden-lg\"><div class=\"vc_column-inner\"><div class=\"wpb_wrapper\">\n\t<div class=\"wpb_text_column wpb_content_element  vc_custom_1647966639436\" >\n\t\t<div class=\"wpb_wrapper\">\n\t\t\t<h1><span style=\"color: #ff6600; font-weight: 800; font-size: 37px;\">REVENUE MANAGEMENT<\/span><\/h1>\n<p><span style=\"color: #003366; font-size: 27px;\">We improve the income and profitability of our clients, applying strategies focused on optimizing results.<\/span><\/p>\n\n\t\t<\/div>\n\t<\/div>\n<\/div><\/div><\/div><\/div><\/div><div data-qodef-parallax-speed=\"1\" class=\"vc_row wpb_row vc_row-fluid qodef-section semmovil vc_custom_1646846915011 qodef-content-aligment-left qodef-parallax-section-holder qodef-parallax-section-holder-touch-disabled\" style=\"\"><div class=\"clearfix qodef-full-section-inner\"><div class=\"wpb_column vc_column_container vc_col-sm-12 vc_hidden-xs\"><div class=\"vc_column-inner\"><div class=\"wpb_wrapper\"><div class=\"qodef-elements-holder qodef-two-columns qodef-responsive-mode-768\" style=\"background-color:#ffffff;\"><div class=\"qodef-elements-holder-item\"  style=\"background-color: #ffffff\" data-item-class=\"qodef-elements-holder-custom-822791\">\n    <div class=\"qodef-elements-holder-item-inner\">\n        <div class=\"qodef-elements-holder-item-content qodef-elements-holder-custom-822791\" >\n            \n\t<div class=\"wpb_text_column wpb_content_element  vc_custom_1647968037379\" >\n\t\t<div class=\"wpb_wrapper\">\n\t\t\t<p style=\"font-size: 19px;\"><span style=\"color: #003366;\">Supervision of inventory management and prices for maximum profitability, commission costs, net rates, margins per channel and commissions with respect to the competition, establishing temporalities and prioritizing markets, carrying out the following actions:<\/span><\/p>\n<p style=\"font-size: 19px;\"><span style=\"color: #003366;\">Definition of price policy, seasons and key dates.<\/span><br \/>\n<span style=\"color: #003366;\">Training for the e-commerce team.<\/span><br \/>\n<span style=\"color: #003366;\">Inventory management optimization.<\/span><br \/>\n<span style=\"color: #003366;\">Definition of objectives (forecast).<\/span><br \/>\n<span style=\"color: #003366;\">Reporting optimization (Dashboard).<\/span><br \/>\n<span style=\"color: #003366;\">Optimization of external information sources (Agency, Rate, competitive reports).<\/span><br \/>\n<span style=\"color: #003366;\">Comparisons of competition and OTAS, yield management, supervision of price parity.<\/span><br \/>\n<span style=\"color: #003366;\">Integration of technological platforms.<\/span><\/p>\n\n\t\t<\/div>\n\t<\/div>\n        <\/div>\n    <\/div>\n<\/div><div class=\"qodef-elements-holder-item\"  style=\"background-image: url(https:\/\/www.marketingzentral.com\/wp-content\/uploads\/2022\/03\/businness.jpg)\" data-item-class=\"qodef-elements-holder-custom-164432\">\n    <div class=\"qodef-elements-holder-item-inner\">\n        <div class=\"qodef-elements-holder-item-content qodef-elements-holder-custom-164432\" >\n                    <\/div>\n    <\/div>\n<\/div><\/div><\/div><\/div><\/div><\/div><\/div><div data-qodef-parallax-speed=\"1\" class=\"vc_row wpb_row vc_row-fluid qodef-section nomovil vc_custom_1646846770562 qodef-content-aligment-left qodef-parallax-section-holder qodef-parallax-section-holder-touch-disabled\" style=\"\"><div class=\"clearfix qodef-full-section-inner\"><div class=\"wpb_column vc_column_container vc_col-sm-12 vc_hidden-lg\"><div class=\"vc_column-inner\"><div class=\"wpb_wrapper\"><div class=\"qodef-elements-holder qodef-two-columns qodef-responsive-mode-768\" style=\"background-color:#ffffff;\"><div class=\"qodef-elements-holder-item\"  style=\"background-color: #ffffff\" data-item-class=\"qodef-elements-holder-custom-962747\">\n    <div class=\"qodef-elements-holder-item-inner\">\n        <div class=\"qodef-elements-holder-item-content qodef-elements-holder-custom-962747\" >\n            \n\t<div class=\"wpb_text_column wpb_content_element  vc_custom_1647967107387\" >\n\t\t<div class=\"wpb_wrapper\">\n\t\t\t<h3 style=\"font-weight: 200 !important; font-size: 19px;\"><span style=\"color: #003366;\">Supervision of inventory management and prices for maximum profitability, commission costs, net rates, margins per channel and commissions with respect to the competition, establishing temporalities and prioritizing markets, carrying out the following actions:<\/span><\/h3>\n<p style=\"font-weight: 200 !important; font-size: 19px;\"><span style=\"color: #003366;\">Definition of price policy, seasons and key dates.<\/span><br \/>\n<span style=\"color: #003366;\">Training for the e-commerce team.<\/span><br \/>\n<span style=\"color: #003366;\">Inventory management optimization.<\/span><br \/>\n<span style=\"color: #003366;\">Definition of objectives (forecast).<\/span><br \/>\n<span style=\"color: #003366;\">Reporting optimization (Dashboard).<\/span><br \/>\n<span style=\"color: #003366;\">Optimization of external information sources (Agency, Rate, competitive reports).<\/span><br \/>\n<span style=\"color: #003366;\">Comparisons of competition and OTAS, yield management, supervision of price parity.<\/span><br \/>\n<span style=\"color: #003366;\">Integration of technological platforms.<\/span><\/p>\n\n\t\t<\/div>\n\t<\/div>\n        <\/div>\n    <\/div>\n<\/div><div class=\"qodef-elements-holder-item\"  style=\"background-image: url(https:\/\/www.marketingzentral.com\/wp-content\/uploads\/2022\/03\/businness.jpg)\" data-item-class=\"qodef-elements-holder-custom-899392\">\n    <div class=\"qodef-elements-holder-item-inner\">\n        <div class=\"qodef-elements-holder-item-content qodef-elements-holder-custom-899392\" >\n                    <\/div>\n    <\/div>\n<\/div><\/div><\/div><\/div><\/div><\/div><\/div><div data-qodef-parallax-speed=\"1\" class=\"vc_row wpb_row vc_row-fluid qodef-section vc_custom_1646846449270 qodef-content-aligment-left qodef-parallax-section-holder qodef-parallax-section-holder-touch-disabled\" style=\"\"><div class=\"clearfix qodef-full-section-inner\"><div class=\"wpb_column vc_column_container vc_col-sm-12\"><div class=\"vc_column-inner\"><div class=\"wpb_wrapper\"><div class=\"qodef-elements-holder qodef-three-columns qodef-responsive-mode-768 qodef-one-column-alignment-center\" ><div class=\"qodef-elements-holder-item qodef-vertical-alignment-top qodef-horizontal-alignment-center\"  style=\"background-image: url(https:\/\/www.marketingzentral.com\/wp-content\/uploads\/2022\/03\/conversion-scaled.jpg)\" data-item-class=\"qodef-elements-holder-custom-989640\">\n    <div class=\"qodef-elements-holder-item-inner\">\n        <div class=\"qodef-elements-holder-item-content qodef-elements-holder-custom-989640\" style=\"padding: 0px 0px 0px 0px\">\n            <div class=\"vc_empty_space\"   style=\"height: 28px\"><span class=\"vc_empty_space_inner\"><\/span><\/div>\n\t<div class=\"wpb_text_column wpb_content_element  vc_custom_1647969093490\" >\n\t\t<div class=\"wpb_wrapper\">\n\t\t\t<h1 style=\"color: #ffffff; text-align: left;\">Situation analysis<\/h1>\n\n\t\t<\/div>\n\t<\/div>\n<div class=\"vc_empty_space\"   style=\"height: 2px\"><span class=\"vc_empty_space_inner\"><\/span><\/div>\n\t<div class=\"wpb_text_column wpb_content_element  vc_custom_1647968969041\" >\n\t\t<div class=\"wpb_wrapper\">\n\t\t\t<p style=\"text-align: left;\"><span style=\"color: #ffffff;\"><strong>In order to define an optimal strategy and make decisions, we need to know your establishment and destination well. To do this, even if it is an opening, the following is analyzed and studied:<\/strong><\/span><\/p>\n<p style=\"text-align: left;\"><span style=\"color: #ffffff;\">Competence<\/span><br \/>\n<span style=\"color: #ffffff;\">Customer segmentation<\/span><br \/>\n<span style=\"color: #ffffff;\">Structure of the establishment: inventory of rooms and points of sale<\/span><br \/>\n<span style=\"color: #ffffff;\">Rates and offers<\/span><br \/>\n<span style=\"color: #ffffff;\">Marketing and distribution in the channels that are necessary<\/span><br \/>\n<span style=\"color: #ffffff;\">Contenido e imagen online en los canales de venta<\/span><br \/>\n<span style=\"color: #ffffff;\">Accommodation configuration in our RM analysis and management tools<\/span><\/p>\n<p style=\"text-align: left;\"><span style=\"color: #ffffff;\"><strong>Improvement of Forecasting and knowledge of the behavior of each segment.<\/strong><\/span><br \/>\n<span style=\"color: #ffffff;\">Optimization of sales channels and positioning.<\/span><br \/>\n<span style=\"color: #ffffff;\">New marketing strategies in the short, medium and long term.<\/span><br \/>\n<span style=\"color: #ffffff;\">Dynamization of direct sales.<\/span><\/p>\n<p style=\"text-align: left;\"><span style=\"color: #ffffff;\"><strong>Diagnosis of improvements<\/strong><\/span><br \/>\n<span style=\"color: #ffffff;\">Once we know the situation well and we have clear strategies, we will explain the study and action plan, so that with your impressions we can finish adjusting the strategies to follow.<\/span><\/p>\n<p style=\"text-align: left;\"><span style=\"color: #ffffff;\"><strong>The main points of our conclusions, plus:<\/strong><\/span><br \/>\n<span style=\"color: #ffffff;\">Action plan.<\/span><br \/>\n<span style=\"color: #ffffff;\">Definition and knowledge of handling tools to be used by both.<\/span><br \/>\n<span style=\"color: #ffffff;\">Coordinacio\u0301n para la gestio\u0301n continua.<\/span><\/p>\n\n\t\t<\/div>\n\t<\/div>\n<div class=\"vc_empty_space\"   style=\"height: 40px\"><span class=\"vc_empty_space_inner\"><\/span><\/div>        <\/div>\n    <\/div>\n<\/div><div class=\"qodef-elements-holder-item qodef-vertical-alignment-top qodef-horizontal-alignment-center\"  style=\"background-image: url(https:\/\/www.marketingzentral.com\/wp-content\/uploads\/2022\/03\/interaccion-scaled.jpg)\" data-item-class=\"qodef-elements-holder-custom-370570\">\n    <div class=\"qodef-elements-holder-item-inner\">\n        <div class=\"qodef-elements-holder-item-content qodef-elements-holder-custom-370570\" style=\"padding: 0px 0px 0px 0px\">\n            <div class=\"vc_empty_space\"   style=\"height: 28px\"><span class=\"vc_empty_space_inner\"><\/span><\/div>\n\t<div class=\"wpb_text_column wpb_content_element  vc_custom_1647969101141\" >\n\t\t<div class=\"wpb_wrapper\">\n\t\t\t<h1 style=\"color: #ffffff; text-align: left;\">Implementation<\/h1>\n\n\t\t<\/div>\n\t<\/div>\n<div class=\"vc_empty_space\"   style=\"height: 2px\"><span class=\"vc_empty_space_inner\"><\/span><\/div>\n\t<div class=\"wpb_text_column wpb_content_element  vc_custom_1647968902539\" >\n\t\t<div class=\"wpb_wrapper\">\n\t\t\t<p style=\"text-align: left;\"><span style=\"color: #ffffff;\">Configuration of the different tools (channel manager and engine)<\/span><br \/>\n<span style=\"color: #ffffff;\">Optimization of contracted channels<\/span><br \/>\n<span style=\"color: #ffffff;\">Contratacio\u0301n y carga de producto en los distintos canales<\/span><br \/>\n<span style=\"color: #ffffff;\">Price load. Channel availability.<\/span><\/p>\n\n\t\t<\/div>\n\t<\/div>\n<div class=\"vc_empty_space\"   style=\"height: 40px\"><span class=\"vc_empty_space_inner\"><\/span><\/div>        <\/div>\n    <\/div>\n<\/div><div class=\"qodef-elements-holder-item qodef-horizontal-alignment-center\"  style=\"background-image: url(https:\/\/www.marketingzentral.com\/wp-content\/uploads\/2022\/03\/transaccion.jpg)\" data-item-class=\"qodef-elements-holder-custom-753365\">\n    <div class=\"qodef-elements-holder-item-inner\">\n        <div class=\"qodef-elements-holder-item-content qodef-elements-holder-custom-753365\" style=\"padding: 0px 0px 0px 0px\">\n            <div class=\"vc_empty_space\"   style=\"height: 28px\"><span class=\"vc_empty_space_inner\"><\/span><\/div>\n\t<div class=\"wpb_text_column wpb_content_element  vc_custom_1647969109072\" >\n\t\t<div class=\"wpb_wrapper\">\n\t\t\t<h1 style=\"color: #ffffff; text-align: left;\">Gesti\u00f3n de Proyecto<\/h1>\n\n\t\t<\/div>\n\t<\/div>\n<div class=\"vc_empty_space\"   style=\"height: 2px\"><span class=\"vc_empty_space_inner\"><\/span><\/div>\n\t<div class=\"wpb_text_column wpb_content_element  vc_custom_1647968715069\" >\n\t\t<div class=\"wpb_wrapper\">\n\t\t\t<h3 style=\"text-align: left;\"><span style=\"color: #ffffff;\">The main tasks of RM are:<\/span><\/h3>\n<p style=\"text-align: left;\"><span style=\"color: #ffffff;\">Toma de datos perio\u0301dicos a analizar para definir las estrategias adecuadas.<\/span><\/p>\n<p style=\"text-align: left;\"><span style=\"color: #ffffff;\">Analysis of occupancy pick ups and ARR.<\/span><\/p>\n<p style=\"text-align: left;\"><span style=\"color: #ffffff;\">Analysis of OTB (on the books) vs SMLY (same day last year), to see the rate of<\/span><\/p>\n<p style=\"text-align: left;\"><span style=\"color: #ffffff;\">filling of the hotel, and see where the peaks and valleys of occupancy are generated in order to adapt the pricing strategies.<\/span><\/p>\n<p style=\"text-align: left;\"><span style=\"color: #ffffff;\">Sales rhythm according to sales channel and analyze changes in trends, as well as implement the improvements and opportunities that are being generated.<\/span><\/p>\n<p style=\"text-align: left;\"><span style=\"color: #ffffff;\">Analysis of the cancellation ratios and no shows, according to advance notice.<\/span><\/p>\n<p style=\"text-align: left;\"><span style=\"color: #ffffff;\">Analysis of reserve curves based on pricing strategies.<\/span><\/p>\n<p style=\"text-align: left;\"><span style=\"color: #ffffff;\">Monitoring of compset prices, as well as monitoring of the actions that are being launched.<\/span><\/p>\n<p style=\"text-align: left;\"><span style=\"color: #ffffff;\">Demand calendars according to the destinations of origin of the clients, and those of the destination.<\/span><\/p>\n<p style=\"text-align: left;\"><span style=\"color: #ffffff;\">Control of external factors that may encourage or displace said demand (weather, flights, social-political events, ...), as well as online reputation.<\/span><\/p>\n<p style=\"text-align: left;\"><span style=\"color: #ffffff;\">Contribution of new ideas, strategies and tools that are emerging on the market, thanks to our collaboration with multiple clients, partners and attendance at fairs. Distribution Tasks:<\/span><\/p>\n<p style=\"text-align: left;\"><span style=\"color: #ffffff;\">Recruitment of travel agencies and loading of the product.<\/span><br \/>\n<span style=\"color: #ffffff;\">Conexio\u0301n de agencias con el Channel Manager y su mantenimiento<\/span><br \/>\n<span style=\"color: #ffffff;\">Gestio\u0301n de los Canales de Distribucio\u0301n continua y resolucio\u0301n de incidencias. u\u0308 Distribucio\u0301n de precios y promociones en todos los canales.<\/span><\/p>\n\n\t\t<\/div>\n\t<\/div>\n<div class=\"vc_empty_space\"   style=\"height: 40px\"><span class=\"vc_empty_space_inner\"><\/span><\/div>        <\/div>\n    <\/div>\n<\/div><\/div><\/div><\/div><\/div><\/div><\/div><div class=\"vc_row wpb_row vc_row-fluid qodef-section vc_custom_1636507016637 qodef-content-aligment-left\" style=\"\"><div class=\"clearfix qodef-full-section-inner\"><div class=\"wpb_column vc_column_container vc_col-sm-12\"><div class=\"vc_column-inner\"><div class=\"wpb_wrapper\">\t<div class=\"qodef-call-to-action normal\">\n\n\t\t\t\t<div class=\"qodef-container-inner\">\n\t\t\t\t\t<div class=\"qodef-call-to-action-row-75-25 clearfix\" style=\"padding: 20px;\">\n\t\t\t\t\t\t<div class=\"qodef-text-wrapper qodef-call-to-action-column1 qodef-call-to-action-cell\">\n\t\t\t\t\t\t\t\t\t<div class=\"qodef-call-to-action-text\" style=\"font-size: 22px;font-weight: 500\"><span style=\"color: #ffffff; font-weight: 200;\">We are ready to meet your needs and answer your concerns<\/span><\/div>\n\t\t\t\t<\/div>\n\n\t\t\t\t\t\t\t\t\t<div class=\"qodef-button-wrapper qodef-call-to-action-column2 qodef-call-to-action-cell\" style =\"text-align: right ;\">\n\t\t\t\t\t\t<a itemprop=\"url\" href=\"#\" target=\"_self\" style=\"color: #24262a;background-color: #ffffff;border-color: #ffffff\" class=\"qodef-btn qodef-btn-medium qodef-btn-solid qodef-btn-custom-hover-bg qodef-btn-custom-border-hover qodef-btn-custom-hover-color qodef-btn-icon\" data-hover-bg-color=\"#ffffff\" data-hover-color=\"#24262a\" data-hover-border-color=\"#ffffff\" >    <span class=\"qodef-btn-text\">More Information<\/span>    <span class=\"qodef-btn-icon-normal\"><i class=\"qodef-icon-font-awesome fa fa-angle-right\" ><\/i><\/span>    <span class=\"qodef-btn-icon-flip\"><i class=\"qodef-icon-font-awesome fa fa-angle-right\" ><\/i><\/span>        <\/a>\t\t\t\t\t<\/div>\n\t\t\t\t\t\t\t<\/div>\n\t\t\t\t<\/div>\n\t\t\t<\/div>\n<\/div><\/div><\/div><\/div><\/div>\n<\/section>","protected":false},"excerpt":{"rendered":"REVENUE MANAGEMENT Mejoramos los ingresos y la rentabilidad de nuestros clientes, aplicando estrategias enfocadas a la optimizaci\u00f3n de los resultados. REVENUE MANAGEMENT Mejoramos los ingresos y la rentabilidad de nuestros clientes, aplicando estrategias enfocadas a la optimizaci\u00f3n de los resultados. Supervisi\u00f3n de la gesti\u00f3n de...","protected":false},"author":1,"featured_media":0,"parent":0,"menu_order":0,"comment_status":"closed","ping_status":"closed","template":"full-width.php","meta":{"_monsterinsights_skip_tracking":false,"_monsterinsights_sitenote_active":false,"_monsterinsights_sitenote_note":"","_monsterinsights_sitenote_category":0,"_joinchat":[],"footnotes":""},"class_list":["post-8793","page","type-page","status-publish","hentry"],"_links":{"self":[{"href":"https:\/\/www.marketingzentral.com\/en\/wp-json\/wp\/v2\/pages\/8793","targetHints":{"allow":["GET"]}}],"collection":[{"href":"https:\/\/www.marketingzentral.com\/en\/wp-json\/wp\/v2\/pages"}],"about":[{"href":"https:\/\/www.marketingzentral.com\/en\/wp-json\/wp\/v2\/types\/page"}],"author":[{"embeddable":true,"href":"https:\/\/www.marketingzentral.com\/en\/wp-json\/wp\/v2\/users\/1"}],"replies":[{"embeddable":true,"href":"https:\/\/www.marketingzentral.com\/en\/wp-json\/wp\/v2\/comments?post=8793"}],"version-history":[{"count":0,"href":"https:\/\/www.marketingzentral.com\/en\/wp-json\/wp\/v2\/pages\/8793\/revisions"}],"wp:attachment":[{"href":"https:\/\/www.marketingzentral.com\/en\/wp-json\/wp\/v2\/media?parent=8793"}],"curies":[{"name":"wp","href":"https:\/\/api.w.org\/{rel}","templated":true}]}}