{"id":8865,"date":"2022-03-23T14:50:06","date_gmt":"2022-03-23T14:50:06","guid":{"rendered":"https:\/\/www.marketingzentral.com\/?page_id=8865"},"modified":"2024-03-06T23:30:35","modified_gmt":"2024-03-06T23:30:35","slug":"definicion-de-tecnologia","status":"publish","type":"page","link":"https:\/\/www.marketingzentral.com\/en\/definicion-de-tecnologia\/","title":{"rendered":""},"content":{"rendered":"<section class=\"wpb-content-wrapper\"><div class=\"vc_row wpb_row vc_row-fluid qodef-section semmovil vc_custom_1646841394205 qodef-content-aligment-center\" style=\"\"><div class=\"clearfix qodef-full-section-inner\"><div class=\"movildigital wpb_column vc_column_container vc_col-sm-6 vc_hidden-xs\"><div class=\"vc_column-inner vc_custom_1646841607807\"><div class=\"wpb_wrapper\">\n\t<div class=\"wpb_text_column wpb_content_element  vc_custom_1653141978779\" >\n\t\t<div class=\"wpb_wrapper\">\n\t\t\t<p style=\"text-align: left;\"><span style=\"font-weight: 800 !important; font-size: 36px; color: #fb6a1b; font-family: Montserrat;\">TECHNOLOGY<\/span><\/p>\n<p style=\"color: #ffffff; text-align: left; font-size: 19px;\">Our in-house team of developers and creative technologists are experts at building platforms for continuous digital engagement across all devices, as well as integrating and optimizing existing social networks.<\/p>\n\n\t\t<\/div>\n\t<\/div>\n<\/div><\/div><\/div><div class=\"wpb_column vc_column_container vc_col-sm-6 vc_hidden-xs\"><div class=\"vc_column-inner\"><div class=\"wpb_wrapper\">\n\t<div  class=\"wpb_single_image wpb_content_element vc_align_right  vc_custom_1648436458465\">\n\t\t\n\t\t<figure class=\"wpb_wrapper vc_figure\">\n\t\t\t<div class=\"vc_single_image-wrapper   vc_box_border_grey\"><img loading=\"lazy\" decoding=\"async\" width=\"800\" height=\"450\" src=\"https:\/\/www.marketingzentral.com\/wp-content\/uploads\/2022\/03\/blah.png\" class=\"vc_single_image-img attachment-full\" alt=\"\" title=\"blah\" srcset=\"https:\/\/www.marketingzentral.com\/wp-content\/uploads\/2022\/03\/blah.png 800w, https:\/\/www.marketingzentral.com\/wp-content\/uploads\/2022\/03\/blah-300x169.png 300w, https:\/\/www.marketingzentral.com\/wp-content\/uploads\/2022\/03\/blah-768x432.png 768w\" sizes=\"auto, (max-width: 800px) 100vw, 800px\" \/><\/div>\n\t\t<\/figure>\n\t<\/div>\n<\/div><\/div><\/div><\/div><\/div><div class=\"vc_row wpb_row vc_row-fluid qodef-section nomovil vc_custom_1646841465479 qodef-content-aligment-center qodef-grid-section\" style=\"\"><div class=\"clearfix qodef-section-inner\"><div class=\"qodef-section-inner-margin clearfix\"><div class=\"movildigital wpb_column vc_column_container vc_col-sm-6 vc_hidden-lg\"><div class=\"vc_column-inner vc_custom_1646710995014\"><div class=\"wpb_wrapper\">\n\t<div class=\"wpb_text_column wpb_content_element  vc_custom_1648047447331\" >\n\t\t<div class=\"wpb_wrapper\">\n\t\t\t<p style=\"text-align: left;\"><span style=\"font-weight: 800 !important; font-size: 36px; color: #fb6a1b; font-family: Montserrat;\">TECHNOLOGY<\/span><\/p>\n<p style=\"color: #ffffff; text-align: left; font-size: 18px;\">Our in-house team of developers and creative technologists are experts at building platforms for continuous digital engagement across all devices, as well as integrating and optimizing existing social networks.<\/p>\n\n\t\t<\/div>\n\t<\/div>\n<\/div><\/div><\/div><div class=\"wpb_column vc_column_container vc_col-sm-6 vc_hidden-lg\"><div class=\"vc_column-inner\"><div class=\"wpb_wrapper\">\n\t<div  class=\"wpb_single_image wpb_content_element vc_align_right  vc_custom_1648047461856\">\n\t\t\n\t\t<figure class=\"wpb_wrapper vc_figure\">\n\t\t\t<div class=\"vc_single_image-wrapper   vc_box_border_grey\"><img loading=\"lazy\" decoding=\"async\" class=\"vc_single_image-img\" src=\"https:\/\/www.marketingzentral.com\/wp-content\/uploads\/2022\/03\/TECNO.png\" width=\"467\" height=\"345\" alt=\"TECNO\" title=\"TECNO\" \/><\/div>\n\t\t<\/figure>\n\t<\/div>\n<\/div><\/div><\/div><\/div><\/div><\/div><div data-qodef-parallax-speed=\"1\" class=\"vc_row wpb_row vc_row-fluid qodef-section vc_custom_1646670413890 qodef-content-aligment-left qodef-parallax-section-holder qodef-parallax-section-holder-touch-disabled\" style=\"\"><div class=\"clearfix qodef-full-section-inner\"><div class=\"wpb_column vc_column_container vc_col-sm-12\"><div class=\"vc_column-inner\"><div class=\"wpb_wrapper\">\n\t<div class=\"wpb_text_column wpb_content_element  vc_custom_1648047951804\" >\n\t\t<div class=\"wpb_wrapper\">\n\t\t\t<p style=\"text-align: left;\"><span style=\"color: #ffffff; font-size: 20px;\">\u00a0<\/span><\/p>\n\n\t\t<\/div>\n\t<\/div>\n<\/div><\/div><\/div><\/div><\/div><div class=\"vc_row wpb_row vc_row-fluid qodef-section semmovil vc_custom_1646710938521 qodef-content-aligment-left qodef-grid-section\" style=\"\"><div class=\"clearfix qodef-section-inner\"><div class=\"qodef-section-inner-margin clearfix\"><div class=\"wpb_column vc_column_container vc_col-sm-12\"><div class=\"vc_column-inner\"><div class=\"wpb_wrapper\">\n\t<div class=\"wpb_text_column wpb_content_element\" >\n\t\t<div class=\"wpb_wrapper\">\n\t\t\t<h1 style=\"text-align: left; font-weight: 800; font-size: 46px;\"><span style=\"color: #ff6600;\">What do we do?<\/span><\/h1>\n<p style=\"text-align: left;\"><span style=\"color: #fff; font-size: 19px;\">\u2022 Digital strategy<\/span><br \/>\n<span style=\"color: #fff; font-size: 19px;\">\u2022 User experience design<\/span><br \/>\n<span style=\"color: #fff; font-size: 19px;\">\u2022 User interface design<\/span><br \/>\n<span style=\"color: #fff; font-size: 19px;\">\u2022 Web and native applications<\/span><br \/>\n<span style=\"color: #fff; font-size: 19px;\">\u2022 Product development<\/span><br \/>\n<span style=\"color: #fff; font-size: 19px;\">\u2022 Device and platform integrations<\/span><br \/>\n<span style=\"color: #fff; font-size: 19px;\">\u2022 PMS\/Channel Manager Implementation<\/span><\/p>\n\n\t\t<\/div>\n\t<\/div>\n<\/div><\/div><\/div><\/div><\/div><\/div><div class=\"vc_row wpb_row vc_row-fluid qodef-section nomovil vc_custom_1646759341960 qodef-content-aligment-left qodef-grid-section\" style=\"\"><div class=\"clearfix qodef-section-inner\"><div class=\"qodef-section-inner-margin clearfix\"><div class=\"wpb_column vc_column_container vc_col-sm-12 vc_hidden-lg\"><div class=\"vc_column-inner\"><div class=\"wpb_wrapper\">\n\t<div class=\"wpb_text_column wpb_content_element  vc_custom_1648047788338\" >\n\t\t<div class=\"wpb_wrapper\">\n\t\t\t<h1 style=\"text-align: left; font-weight: 800; font-size: 46px;\"><span style=\"color: #ff6600;\">What do we do?<\/span><\/h1>\n<p style=\"text-align: left;\"><span style=\"color: #fff; font-size: 19px;\">\u2022 Digital strategy<\/span><br \/>\n<span style=\"color: #fff; font-size: 19px;\">\u2022 User experience design<\/span><br \/>\n<span style=\"color: #fff; font-size: 19px;\">\u2022 User interface design<\/span><br \/>\n<span style=\"color: #fff; font-size: 19px;\">\u2022 Web and native applications<\/span><br \/>\n<span style=\"color: #fff; font-size: 19px;\">\u2022 Product development<\/span><br \/>\n<span style=\"color: #fff; font-size: 19px;\">\u2022 Device and platform integrations<\/span><br \/>\n<span style=\"color: #fff; font-size: 19px;\">\u2022 PMS\/Channel Manager Implementation<\/span><\/p>\n\n\t\t<\/div>\n\t<\/div>\n<\/div><\/div><\/div><\/div><\/div><\/div><div class=\"vc_row wpb_row vc_row-fluid qodef-section vc_custom_1636507016637 qodef-content-aligment-left\" style=\"\"><div class=\"clearfix qodef-full-section-inner\"><div class=\"wpb_column vc_column_container vc_col-sm-12\"><div class=\"vc_column-inner\"><div class=\"wpb_wrapper\">\t<div class=\"qodef-call-to-action normal\">\n\n\t\t\t\t<div class=\"qodef-container-inner\">\n\t\t\t\t\t<div class=\"qodef-call-to-action-row-75-25 clearfix\" style=\"padding: 20px;\">\n\t\t\t\t\t\t<div class=\"qodef-text-wrapper qodef-call-to-action-column1 qodef-call-to-action-cell\">\n\t\t\t\t\t\t\t\t\t<div class=\"qodef-call-to-action-text\" style=\"font-size: 22px;font-weight: 500\"><span style=\"color: #ffffff; font-weight: 300;\">We are ready to meet your needs and answer your concerns<\/span><\/div>\n\t\t\t\t<\/div>\n\n\t\t\t\t\t\t\t\t\t<div class=\"qodef-button-wrapper qodef-call-to-action-column2 qodef-call-to-action-cell\" style =\"text-align: right ;\">\n\t\t\t\t\t\t<a itemprop=\"url\" href=\"https:\/\/www.marketingzentral.com\/en\/contact-marketingzentral-2\/\" target=\"_self\" style=\"color: #24262a;background-color: #ffffff;border-color: #ffffff\" class=\"qodef-btn qodef-btn-medium qodef-btn-solid qodef-btn-custom-hover-bg qodef-btn-custom-border-hover qodef-btn-custom-hover-color qodef-btn-icon\" data-hover-bg-color=\"#ffffff\" data-hover-color=\"#24262a\" data-hover-border-color=\"#ffffff\" >    <span class=\"qodef-btn-text\">More Information<\/span>    <span class=\"qodef-btn-icon-normal\"><i class=\"qodef-icon-font-awesome fa fa-angle-right\" ><\/i><\/span>    <span class=\"qodef-btn-icon-flip\"><i class=\"qodef-icon-font-awesome fa fa-angle-right\" ><\/i><\/span>        <\/a>\t\t\t\t\t<\/div>\n\t\t\t\t\t\t\t<\/div>\n\t\t\t\t<\/div>\n\t\t\t<\/div>\n<\/div><\/div><\/div><\/div><\/div>\n<\/section>","protected":false},"excerpt":{"rendered":"TECNOLOG\u00cdA Nuestro equipo interno de desarrolladores y tecn\u00f3logos creativos son expertos en la creaci\u00f3n de plataformas para la participaci\u00f3n digital continua en todos los dispositivos, as\u00ed como en la integraci\u00f3n y optimizaci\u00f3n de las redes sociales existentes. TECNOLOG\u00cdA Nuestro equipo interno de desarrolladores y tecn\u00f3logos...","protected":false},"author":1,"featured_media":0,"parent":0,"menu_order":0,"comment_status":"closed","ping_status":"closed","template":"full-width.php","meta":{"_monsterinsights_skip_tracking":false,"_monsterinsights_sitenote_active":false,"_monsterinsights_sitenote_note":"","_monsterinsights_sitenote_category":0,"_joinchat":[],"footnotes":""},"class_list":["post-8865","page","type-page","status-publish","hentry"],"_links":{"self":[{"href":"https:\/\/www.marketingzentral.com\/en\/wp-json\/wp\/v2\/pages\/8865","targetHints":{"allow":["GET"]}}],"collection":[{"href":"https:\/\/www.marketingzentral.com\/en\/wp-json\/wp\/v2\/pages"}],"about":[{"href":"https:\/\/www.marketingzentral.com\/en\/wp-json\/wp\/v2\/types\/page"}],"author":[{"embeddable":true,"href":"https:\/\/www.marketingzentral.com\/en\/wp-json\/wp\/v2\/users\/1"}],"replies":[{"embeddable":true,"href":"https:\/\/www.marketingzentral.com\/en\/wp-json\/wp\/v2\/comments?post=8865"}],"version-history":[{"count":0,"href":"https:\/\/www.marketingzentral.com\/en\/wp-json\/wp\/v2\/pages\/8865\/revisions"}],"wp:attachment":[{"href":"https:\/\/www.marketingzentral.com\/en\/wp-json\/wp\/v2\/media?parent=8865"}],"curies":[{"name":"wp","href":"https:\/\/api.w.org\/{rel}","templated":true}]}}